{"id":864,"date":"2023-01-24T15:05:25","date_gmt":"2023-01-24T14:05:25","guid":{"rendered":"https:\/\/dev.everpress.everapps.dev\/?page_id=864"},"modified":"2025-11-26T15:22:59","modified_gmt":"2025-11-26T14:22:59","slug":"startseite","status":"publish","type":"page","link":"https:\/\/www.ras-feuerfest.de\/shop\/","title":{"rendered":"Startseite"},"content":{"rendered":"\n\t\n\t<div class=\"ep-content-dynamic  bg-light space \"><div class=\"row   default-start default-top\"><h1 class=\"col align-left\">Herzlich willkommen bei R.A. Schmidt \u2013 Feuerfest GmbH!  <span class=\"subline\"><\/span><\/h1><div class=\"col small-6 large-4 giant-5 \"><p>In unserem Online-Shop finden Sie ein breites Sortiment an hochwertigen Feuerfest- und Isoliermaterialien \u2014 von Backofenplatten und Brennraumsteinen \u00fcber Faser- und Dichtungsmaterialien bis hin zu chemotechnischen Produkten. Ganz gleich, ob Profi aus dem Ofenbau, Gewerbekunde oder Privatanwender, wir bieten Ihnen passende L\u00f6sungen f\u00fcr Ihre Anforderungen.<\/p>\n<\/div><div class=\"col small-6 large-4 giant-5 \"><p>St\u00f6bern Sie durch unsere Kategorien und entdecken Sie hochwertige Produkte, zuverl\u00e4ssigen Service und echte Qualit\u00e4t \u201eMade in Germany\u201c. Viel Freude beim Einkaufen!<\/p>\n<\/div><\/div><\/div>\n\t\n\n\n\t\n\n\t<div class=\"ep-block-categories-teaser ep-kategorie-teaser bg-medium space\">\n\t\t<div class=\"row\">\n\n\t\t\t\n\t\t\t<div class=\"col ep-title-container\"><h2>Unsere Produktkategorien  <span class=\"subline\"><\/span><\/h2><a title=\"Shop | R.A. Schmidt - Feuerfest GmbH\" class=\"btn weight-bold icon icon-after-arrow-right margin-bottom\" target=\"_self\" href=\"https:\/\/www.ras-feuerfest.de\/shop\/produkte\/\">Alle Kategorien ansehen<\/a><\/div>\n\t\n\t\t\t\t\t\t\t<div class=\"col\">\n\t\t\t\t\t\t\t\t\t<\/div>\n\t\t\t\t\n\t\t<\/div>\n\t<\/div>\n\n\t","protected":false},"excerpt":{"rendered":"","protected":false},"author":1,"featured_media":0,"parent":0,"menu_order":0,"comment_status":"closed","ping_status":"closed","template":"","meta":{"_acf_changed":false,"footnotes":""},"class_list":["post-864","page","type-page","status-publish","hentry"],"acf":[],"_links":{"self":[{"href":"https:\/\/www.ras-feuerfest.de\/shop\/wp-json\/wp\/v2\/pages\/864","targetHints":{"allow":["GET"]}}],"collection":[{"href":"https:\/\/www.ras-feuerfest.de\/shop\/wp-json\/wp\/v2\/pages"}],"about":[{"href":"https:\/\/www.ras-feuerfest.de\/shop\/wp-json\/wp\/v2\/types\/page"}],"author":[{"embeddable":true,"href":"https:\/\/www.ras-feuerfest.de\/shop\/wp-json\/wp\/v2\/users\/1"}],"replies":[{"embeddable":true,"href":"https:\/\/www.ras-feuerfest.de\/shop\/wp-json\/wp\/v2\/comments?post=864"}],"version-history":[{"count":6,"href":"https:\/\/www.ras-feuerfest.de\/shop\/wp-json\/wp\/v2\/pages\/864\/revisions"}],"predecessor-version":[{"id":9437,"href":"https:\/\/www.ras-feuerfest.de\/shop\/wp-json\/wp\/v2\/pages\/864\/revisions\/9437"}],"wp:attachment":[{"href":"https:\/\/www.ras-feuerfest.de\/shop\/wp-json\/wp\/v2\/media?parent=864"}],"curies":[{"name":"wp","href":"https:\/\/api.w.org\/{rel}","templated":true}]}}