{"id":6413,"date":"2024-10-09T17:46:45","date_gmt":"2024-10-09T15:46:45","guid":{"rendered":"https:\/\/www.ras-feuerfest.de\/shop\/product\/brennkammer-tunnelelement-1d360-3-teilig\/"},"modified":"2024-10-10T23:17:12","modified_gmt":"2024-10-10T21:17:12","slug":"brennkammer-tunnelelement-1d360-3-teilig","status":"publish","type":"product","link":"https:\/\/www.ras-feuerfest.de\/shop\/produkt\/brennkammer-tunnelelement-1d360-3-teilig\/","title":{"rendered":"Brennkammer Tunnelelement  1D360  3 teilig"},"content":{"rendered":"<p>\n\t<span style=\"font-size:14px;\"><font color=\"#333333\" face=\"Verdana\">Freistehende Schamottebrennkammer f\u00fcr \u00d6l- und Gasheizkessel. Mit dem Brennkammersystem bauen Sie einen zus\u00e4tzlichen Zug&nbsp;in den Brennraum des Kessels ein.&nbsp;Durch die vorgegebenen Abgasschlitze&nbsp;werden die&nbsp;Abgase&nbsp;gezwungen sich direkt&nbsp; an den wasserf\u00fchrenden&nbsp;Kesselw\u00e4nden abzuk\u00fchlen. Sie erreichen dadurch eine geringere Abgastemperatur und Energie ersparniss.&nbsp;Au\u00dfderdem speichern die Steine&nbsp; die W\u00e4rme w\u00e4hrend des Brennerbetriebs und erm\u00f6glichen somit l\u00e4ngere Stillstandzeiten und eine Energieersparnis.&nbsp;Sie erreichen&nbsp;durch den Einsatz des Brennkammers\u00fdstem&nbsp;einen besseren Ausbrand der Flamme. Die Formsteine haben eine hohe Anwendungstemperatur und eine sehr gute Temperaturwechselbest\u00e4ndigkeit.<\/font><\/span><\/p>\n<p>\n\t<span style=\"font-size:14px;\"><font color=\"#333333\" face=\"Verdana\"><u>Abmessungen au\u00dfen<\/u><br \/>\n\tBreite:&nbsp;&nbsp;&nbsp;&nbsp;&nbsp;&nbsp;&nbsp;&nbsp;&nbsp;&nbsp;&nbsp;&nbsp;&nbsp;3<\/font><font face=\"Verdana\">3<\/font>0 mm<br \/>\n\tGesamth\u00f6he:&nbsp;&nbsp;360 mm<br \/>\n\tSegmenttiefe:&nbsp;100 mm<\/span><\/p>\n<p>\n\t<span style=\"font-size:14px;\"><font color=\"#333333\" face=\"Verdana\">Als R\u00fcckwand empfehlen wir Schamotteplatten <\/font><\/span><\/p>\n<p>\n\t<span style=\"font-size:14px;\"><font color=\"#333333\" face=\"Verdana\">Die Brennkammerglieders\u00e4tze bestehen aus: 1 Bodenplatte und 2 Seitenformteilen.<\/font><\/span><\/p>\n<p>\n\t<strong><span style=\"color:#4cb72c;\"><span style=\"font-size: 14px;\"><font face=\"Verdana\"><em>Um die Brennkammer m\u00f6glichst gasdicht nach oben zu bekommen, ben\u00f6tigen Sie eine Abdeckmatte.<br \/>\n\tAu\u00dferdem ist es verbrennungstechnisch sinnvoll, auf den Boden der Brennkammer eine zus\u00e4tzliche<br \/>\n\tVerbrennungshilfe, im Form einer Hochtemperaturmatte einzulegen<\/em><\/font><\/span><\/span><\/strong>.<\/p>\n<p>Brennkammer Tunnelelement  1D360  3 teilig<\/p>\n","protected":false},"excerpt":{"rendered":"<p>Freistehende Schamottebrennkammer f\u00fcr \u00d6l- und Gasheizkessel. Mit dem Brennkammersystem bauen Sie einen zus\u00e4tzlichen Zug&nbsp;in den Brennraum des Kessels ein.&nbsp;Durch die vorgegebenen Abgasschlitze&nbsp;werden die&nbsp;Abgase&nbsp;gezwungen sich direkt&nbsp; an den wasserf\u00fchrenden&nbsp;Kesselw\u00e4nden abzuk\u00fchlen. Sie erreichen dadurch eine geringere Abgastemperatur und Energie ersparniss.&nbsp;Au\u00dfderdem speichern die Steine&nbsp; die W\u00e4rme w\u00e4hrend des Brennerbetriebs und erm\u00f6glichen somit l\u00e4ngere Stillstandzeiten und eine Energieersparnis.&nbsp;Sie erreichen&nbsp;durch [&hellip;]<\/p>\n","protected":false},"featured_media":7661,"comment_status":"closed","ping_status":"closed","template":"","meta":{"_acf_changed":false},"product_safety_overall":[],"product_brand":[],"product_cat":[1942,1979,2012,2013],"product_tag":[656,657,658,659],"class_list":{"0":"post-6413","1":"product","2":"type-product","3":"status-publish","4":"has-post-thumbnail","6":"product_cat-steine-massen-moertel","7":"product_cat-schamottesteine","8":"product_cat-schamottesteine-formsteine","9":"product_cat-schamottesteine-schamotte-brennkammer","10":"product_tag-schamotte","11":"product_tag-schamottebrennkammer","12":"product_tag-brennkammer-heizkessel","13":"product_tag-brennkammer-oelheizkessel","15":"first","16":"instock","17":"taxable","18":"shipping-taxable","19":"purchasable","20":"product-type-simple"},"acf":[],"_links":{"self":[{"href":"https:\/\/www.ras-feuerfest.de\/shop\/wp-json\/wp\/v2\/product\/6413","targetHints":{"allow":["GET"]}}],"collection":[{"href":"https:\/\/www.ras-feuerfest.de\/shop\/wp-json\/wp\/v2\/product"}],"about":[{"href":"https:\/\/www.ras-feuerfest.de\/shop\/wp-json\/wp\/v2\/types\/product"}],"replies":[{"embeddable":true,"href":"https:\/\/www.ras-feuerfest.de\/shop\/wp-json\/wp\/v2\/comments?post=6413"}],"wp:featuredmedia":[{"embeddable":true,"href":"https:\/\/www.ras-feuerfest.de\/shop\/wp-json\/wp\/v2\/media\/7661"}],"wp:attachment":[{"href":"https:\/\/www.ras-feuerfest.de\/shop\/wp-json\/wp\/v2\/media?parent=6413"}],"wp:term":[{"taxonomy":"product_safety_overall","embeddable":true,"href":"https:\/\/www.ras-feuerfest.de\/shop\/wp-json\/wp\/v2\/product_safety_overall?post=6413"},{"taxonomy":"product_brand","embeddable":true,"href":"https:\/\/www.ras-feuerfest.de\/shop\/wp-json\/wp\/v2\/product_brand?post=6413"},{"taxonomy":"product_cat","embeddable":true,"href":"https:\/\/www.ras-feuerfest.de\/shop\/wp-json\/wp\/v2\/product_cat?post=6413"},{"taxonomy":"product_tag","embeddable":true,"href":"https:\/\/www.ras-feuerfest.de\/shop\/wp-json\/wp\/v2\/product_tag?post=6413"}],"curies":[{"name":"wp","href":"https:\/\/api.w.org\/{rel}","templated":true}]}}