{"id":6425,"date":"2024-10-09T17:46:45","date_gmt":"2024-10-09T15:46:45","guid":{"rendered":"https:\/\/www.ras-feuerfest.de\/shop\/product\/ft-schornsteinanschlussstutzen-sa90-140-85-90\/"},"modified":"2024-10-10T13:44:40","modified_gmt":"2024-10-10T11:44:40","slug":"ft-schornsteinanschlussstutzen-sa90-140-85-90","status":"publish","type":"product","link":"https:\/\/www.ras-feuerfest.de\/shop\/produkt\/ft-schornsteinanschlussstutzen-sa90-140-85-90\/","title":{"rendered":"FT Schornsteinanschlu\u00dfstutzen SA90\/140\/85 90\u00b0"},"content":{"rendered":"<p><font size=\"3\">Schornsteinanschlu\u00dfstutzen 90 \u00b0aus hochfeuerfester Schamotte<\/p>\n<p><span style=\"TEXT-DECORATION: underline\">Ma\u00dfe:<\/span><br \/>\ninnen Durchmesser&nbsp; = 140 mm<br \/>\nau\u00dfen Durchmesser = 180 mm<br \/>\nL\u00e4nge =&nbsp;&nbsp;&nbsp;&nbsp;&nbsp; 85 mm ca.<\/p>\n<p><u><strong><span style=\"COLOR: rgb(128,0,0); FONT-STYLE: italic\">Als Setz- bzw. Abdichtmasse empfehlen wir S\u00e4umix oder als Kleber S\u00e4uplast in der Kartusche<\/span><\/strong><\/u><\/font><\/p>\n<p>FT Schornsteinanschlu\u00dfstutzen SA90\/140\/85 90\u00b0<\/p>\n","protected":false},"excerpt":{"rendered":"<p>Schornsteinanschlu\u00dfstutzen 90 \u00b0aus hochfeuerfester Schamotte Ma\u00dfe: innen Durchmesser&nbsp; = 140 mm au\u00dfen Durchmesser = 180 mm L\u00e4nge =&nbsp;&nbsp;&nbsp;&nbsp;&nbsp; 85 mm ca. Als Setz- bzw. Abdichtmasse empfehlen wir S\u00e4umix oder als Kleber S\u00e4uplast in der Kartusche FT Schornsteinanschlu\u00dfstutzen SA90\/140\/85 90\u00b0<\/p>\n","protected":false},"featured_media":6424,"comment_status":"closed","ping_status":"open","template":"","meta":{"_acf_changed":false},"product_safety_overall":[],"product_brand":[],"product_cat":[1942,2014,2016],"product_tag":[660,661],"class_list":{"0":"post-6425","1":"product","2":"type-product","3":"status-publish","4":"has-post-thumbnail","6":"product_cat-steine-massen-moertel","7":"product_cat-schornsteinerohre-schamotte","8":"product_cat-schornsteinerohre-schamotte-schornsteinanschlussstutzen-kurz","9":"product_tag-keramische-schornsteinrohre","10":"product_tag-schamotterohre","12":"first","13":"instock","14":"taxable","15":"shipping-taxable","16":"product-type-simple"},"acf":[],"_links":{"self":[{"href":"https:\/\/www.ras-feuerfest.de\/shop\/wp-json\/wp\/v2\/product\/6425","targetHints":{"allow":["GET"]}}],"collection":[{"href":"https:\/\/www.ras-feuerfest.de\/shop\/wp-json\/wp\/v2\/product"}],"about":[{"href":"https:\/\/www.ras-feuerfest.de\/shop\/wp-json\/wp\/v2\/types\/product"}],"replies":[{"embeddable":true,"href":"https:\/\/www.ras-feuerfest.de\/shop\/wp-json\/wp\/v2\/comments?post=6425"}],"wp:featuredmedia":[{"embeddable":true,"href":"https:\/\/www.ras-feuerfest.de\/shop\/wp-json\/wp\/v2\/media\/6424"}],"wp:attachment":[{"href":"https:\/\/www.ras-feuerfest.de\/shop\/wp-json\/wp\/v2\/media?parent=6425"}],"wp:term":[{"taxonomy":"product_safety_overall","embeddable":true,"href":"https:\/\/www.ras-feuerfest.de\/shop\/wp-json\/wp\/v2\/product_safety_overall?post=6425"},{"taxonomy":"product_brand","embeddable":true,"href":"https:\/\/www.ras-feuerfest.de\/shop\/wp-json\/wp\/v2\/product_brand?post=6425"},{"taxonomy":"product_cat","embeddable":true,"href":"https:\/\/www.ras-feuerfest.de\/shop\/wp-json\/wp\/v2\/product_cat?post=6425"},{"taxonomy":"product_tag","embeddable":true,"href":"https:\/\/www.ras-feuerfest.de\/shop\/wp-json\/wp\/v2\/product_tag?post=6425"}],"curies":[{"name":"wp","href":"https:\/\/api.w.org\/{rel}","templated":true}]}}