{"id":6448,"date":"2024-10-09T17:46:57","date_gmt":"2024-10-09T15:46:57","guid":{"rendered":"https:\/\/www.ras-feuerfest.de\/shop\/product\/kaminhaube-h5-830x480x350-mm-2-teilig\/"},"modified":"2024-10-10T13:43:51","modified_gmt":"2024-10-10T11:43:51","slug":"kaminhaube-h5-830x480x350-mm-2-teilig","status":"publish","type":"product","link":"https:\/\/www.ras-feuerfest.de\/shop\/produkt\/kaminhaube-h5-830x480x350-mm-2-teilig\/","title":{"rendered":"Kaminhaube  H5  830x480x350 mm 2-teilig"},"content":{"rendered":"<p><font size=\"3\"><span style=\"FONT-STYLE: italic\">Kaminhaube 2-teilig, aus einer hochfeuerfesten R\u00fcttelgie\u00dfmasse <\/span><\/p>\n<p>\n<span style=\"TEXT-DECORATION: underline\">Ma\u00dfe: <\/span><br \/>\nBreite 830 mm, Tiefe 480 mm, H\u00f6he 350 mm,<br \/>\nWandst\u00e4rke ca 55 mm<br \/>\nRauchanschluss Durchmesser 250 mm<\/p>\n<p><span style=\"text-decoration: underline;\"><span style=\"font-weight: bold;\"><span style=\"color: rgb(255, 0, 0);\">Rauchanschlu\u00dfplatten 350x350x60 mm&nbsp; sind sowohl f\u00fcr 180 und 200 mm Stahlrohr<br \/>\nsowie auch f\u00fcr Keramische Schornsteinrohre lieferbar.<\/span><\/span><\/span><\/font><\/p>\n<p>Kaminhaube  H5  830x480x350 mm 2-teilig<\/p>\n","protected":false},"excerpt":{"rendered":"<p>Kaminhaube 2-teilig, aus einer hochfeuerfesten R\u00fcttelgie\u00dfmasse Ma\u00dfe: Breite 830 mm, Tiefe 480 mm, H\u00f6he 350 mm, Wandst\u00e4rke ca 55 mm Rauchanschluss Durchmesser 250 mm Rauchanschlu\u00dfplatten 350x350x60 mm&nbsp; sind sowohl f\u00fcr 180 und 200 mm Stahlrohr sowie auch f\u00fcr Keramische Schornsteinrohre lieferbar. Kaminhaube H5 830x480x350 mm 2-teilig<\/p>\n","protected":false},"featured_media":6449,"comment_status":"closed","ping_status":"open","template":"","meta":{"_acf_changed":false},"product_safety_overall":[],"product_brand":[],"product_cat":[1942,1959,1963],"product_tag":[667,668],"class_list":{"0":"post-6448","1":"product","2":"type-product","3":"status-publish","4":"has-post-thumbnail","6":"product_cat-steine-massen-moertel","7":"product_cat-kamineinsaetze","8":"product_cat-kamineinsaetze-rauchabzugshauben","9":"product_tag-rauchabzugshauben-fuer-kamine","10":"product_tag-kaminhaube","12":"first","13":"instock","14":"taxable","15":"shipping-taxable","16":"purchasable","17":"product-type-simple"},"acf":[],"_links":{"self":[{"href":"https:\/\/www.ras-feuerfest.de\/shop\/wp-json\/wp\/v2\/product\/6448","targetHints":{"allow":["GET"]}}],"collection":[{"href":"https:\/\/www.ras-feuerfest.de\/shop\/wp-json\/wp\/v2\/product"}],"about":[{"href":"https:\/\/www.ras-feuerfest.de\/shop\/wp-json\/wp\/v2\/types\/product"}],"replies":[{"embeddable":true,"href":"https:\/\/www.ras-feuerfest.de\/shop\/wp-json\/wp\/v2\/comments?post=6448"}],"wp:featuredmedia":[{"embeddable":true,"href":"https:\/\/www.ras-feuerfest.de\/shop\/wp-json\/wp\/v2\/media\/6449"}],"wp:attachment":[{"href":"https:\/\/www.ras-feuerfest.de\/shop\/wp-json\/wp\/v2\/media?parent=6448"}],"wp:term":[{"taxonomy":"product_safety_overall","embeddable":true,"href":"https:\/\/www.ras-feuerfest.de\/shop\/wp-json\/wp\/v2\/product_safety_overall?post=6448"},{"taxonomy":"product_brand","embeddable":true,"href":"https:\/\/www.ras-feuerfest.de\/shop\/wp-json\/wp\/v2\/product_brand?post=6448"},{"taxonomy":"product_cat","embeddable":true,"href":"https:\/\/www.ras-feuerfest.de\/shop\/wp-json\/wp\/v2\/product_cat?post=6448"},{"taxonomy":"product_tag","embeddable":true,"href":"https:\/\/www.ras-feuerfest.de\/shop\/wp-json\/wp\/v2\/product_tag?post=6448"}],"curies":[{"name":"wp","href":"https:\/\/api.w.org\/{rel}","templated":true}]}}