{"id":6452,"date":"2024-10-09T17:46:57","date_gmt":"2024-10-09T15:46:57","guid":{"rendered":"https:\/\/www.ras-feuerfest.de\/shop\/product\/ft-grillkamin-rueckwandplatte-rechts-500x400x32-mm-mit-6-auflagen-fuer-grillroste\/"},"modified":"2024-10-10T13:43:36","modified_gmt":"2024-10-10T11:43:36","slug":"ft-grillkamin-rueckwandplatte-rechts-500x400x32-mm-mit-6-auflagen-fuer-grillroste","status":"publish","type":"product","link":"https:\/\/www.ras-feuerfest.de\/shop\/produkt\/ft-grillkamin-rueckwandplatte-rechts-500x400x32-mm-mit-6-auflagen-fuer-grillroste\/","title":{"rendered":"FT-Grillkamin R\u00fcckwandplatte rechts und links  500x400x32 mm  mit 6 Auflagen f\u00fcr Grillroste 2 teilig"},"content":{"rendered":"<p><font size=\"3\"><span style=\"FONT-STYLE: italic\">R\u00fcckwandplatte, rechts, (Diese kann man auch als Seitenplatten verwenden)<\/span><\/font><br \/>\n<font size=\"3\"><span style=\"FONT-STYLE: italic\">Die R\u00fcckwandplatten haben in der gleichen H\u00f6he wie die Seitenplatten,<br \/>\nauch 6 Auflagen f\u00fcr die Grillroste. Dieses ist besonders&nbsp; bei gr\u00f6\u00dferen Grillrosten<\/span><\/font><br \/>\n<font size=\"3\"><span style=\"FONT-STYLE: italic\">von Vorteil.<br \/>\nDie Formsteine werden aus einer hochfeuerfesten R\u00fcttelgie\u00dfmasse<\/span><\/font><br \/>\n<font size=\"3\"><span style=\"FONT-STYLE: italic\">bis 1300 \u00b0C (br\u00e4unlich)<span style=\"color: rgb(255, 0, 0);\"> bzw. <\/span>bis 1400 \u00b0C (wei\u00df\/grau)<\/span><\/font><\/p>\n<p>\n<u><font size=\"3\"><span style=\"text-decoration: underline;\"><span style=\"TEXT-DECORATION: underline\">Ma\u00dfe: <\/span><\/span><\/font><\/u><br \/>\nBreite: 500 mm<br \/>\nTiefe:&nbsp;&nbsp; 400 mm<br \/>\nDicke:&nbsp;&nbsp;&nbsp; 32 mm + 20 mm Auflagefl\u00e4che<\/p>\n<p><font color=\"#333333\" face=\"Verdana\" size=\"2\"><span style=\"text-decoration: underline;\"><span style=\"font-style: italic;\"><font size=\"5\"><span style=\"color: rgb(51, 153, 102);\">Grunds\u00e4tzlich lassen sich die Steine auf alle Ma\u00dfe zuschneiden!<\/span><\/font><\/span><\/span><\/font><\/p>\n<p><u><strong><span style=\"color:#bb2727;\"><font size=\"4\">FARBE: lieferbar in <\/font><font face=\"Verdana\">b<\/font>raun (oder in wei\u00df bis grauton, hier erh\u00f6ht sich der Preis um 12,00 \u20ac<\/span><\/strong><\/u><\/p>\n<p>FT-Grillkamin R\u00fcckwandplatte rechts und links  500x400x32 mm  mit 6 Auflagen f\u00fcr Grillroste 2 teilig<\/p>\n","protected":false},"excerpt":{"rendered":"<p>R\u00fcckwandplatte, rechts, (Diese kann man auch als Seitenplatten verwenden) Die R\u00fcckwandplatten haben in der gleichen H\u00f6he wie die Seitenplatten, auch 6 Auflagen f\u00fcr die Grillroste. Dieses ist besonders&nbsp; bei gr\u00f6\u00dferen Grillrosten von Vorteil. Die Formsteine werden aus einer hochfeuerfesten R\u00fcttelgie\u00dfmasse bis 1300 \u00b0C (br\u00e4unlich) bzw. bis 1400 \u00b0C (wei\u00df\/grau) Ma\u00dfe: Breite: 500 mm Tiefe:&nbsp;&nbsp; 400 [&hellip;]<\/p>\n","protected":false},"featured_media":6453,"comment_status":"closed","ping_status":"open","template":"","meta":{"_acf_changed":false},"product_safety_overall":[],"product_brand":[],"product_cat":[1942,1949,1950],"product_tag":[],"class_list":{"0":"post-6452","1":"product","2":"type-product","3":"status-publish","4":"has-post-thumbnail","6":"product_cat-steine-massen-moertel","7":"product_cat-grillkamineinsaetze","8":"product_cat-grillkamineinsaetze-grillkamin-gross","10":"first","11":"instock","12":"taxable","13":"shipping-taxable","14":"purchasable","15":"product-type-simple"},"acf":[],"_links":{"self":[{"href":"https:\/\/www.ras-feuerfest.de\/shop\/wp-json\/wp\/v2\/product\/6452","targetHints":{"allow":["GET"]}}],"collection":[{"href":"https:\/\/www.ras-feuerfest.de\/shop\/wp-json\/wp\/v2\/product"}],"about":[{"href":"https:\/\/www.ras-feuerfest.de\/shop\/wp-json\/wp\/v2\/types\/product"}],"replies":[{"embeddable":true,"href":"https:\/\/www.ras-feuerfest.de\/shop\/wp-json\/wp\/v2\/comments?post=6452"}],"wp:featuredmedia":[{"embeddable":true,"href":"https:\/\/www.ras-feuerfest.de\/shop\/wp-json\/wp\/v2\/media\/6453"}],"wp:attachment":[{"href":"https:\/\/www.ras-feuerfest.de\/shop\/wp-json\/wp\/v2\/media?parent=6452"}],"wp:term":[{"taxonomy":"product_safety_overall","embeddable":true,"href":"https:\/\/www.ras-feuerfest.de\/shop\/wp-json\/wp\/v2\/product_safety_overall?post=6452"},{"taxonomy":"product_brand","embeddable":true,"href":"https:\/\/www.ras-feuerfest.de\/shop\/wp-json\/wp\/v2\/product_brand?post=6452"},{"taxonomy":"product_cat","embeddable":true,"href":"https:\/\/www.ras-feuerfest.de\/shop\/wp-json\/wp\/v2\/product_cat?post=6452"},{"taxonomy":"product_tag","embeddable":true,"href":"https:\/\/www.ras-feuerfest.de\/shop\/wp-json\/wp\/v2\/product_tag?post=6452"}],"curies":[{"name":"wp","href":"https:\/\/api.w.org\/{rel}","templated":true}]}}