{"id":6462,"date":"2024-10-09T17:46:57","date_gmt":"2024-10-09T15:46:57","guid":{"rendered":"https:\/\/www.ras-feuerfest.de\/shop\/product\/rauchanschlussplatte-fuer-h2-h5-f-keram-rohre-di-180-da-220-mm\/"},"modified":"2024-10-10T13:43:52","modified_gmt":"2024-10-10T11:43:52","slug":"rauchanschlussplatte-fuer-h2-h5-f-keram-rohre-di-180-da-220-mm","status":"publish","type":"product","link":"https:\/\/www.ras-feuerfest.de\/shop\/produkt\/rauchanschlussplatte-fuer-h2-h5-f-keram-rohre-di-180-da-220-mm\/","title":{"rendered":"Rauchanschlu\u00dfplatte  f\u00fcr H2 + H5 f. Keram. Rohre Di 180\/Da 220 mm"},"content":{"rendered":"<p><font size=\"3\"><span style=\"font-style: italic;\">Anschlu\u00dfplatte f\u00fcr Kaminhaube aus einer hochfeuerfesten R\u00fcttelgie\u00dfmasse<br \/>\nPassend f\u00fcr&nbsp; Schornsteinrohre <\/span><\/font><font size=\"3\"><span style=\"font-style: italic;\"><font size=\"3\"><span style=\"font-style: italic;\"><font face=\"Verdana\">18<\/font>0 mm innen\/2<font face=\"Verdana\">2<\/font>0 mm au\u00dfen<\/span><\/font><br \/>\nGeeignet f\u00fcr Kaminhaube H2 und auch f\u00fcr H5<\/span><\/p>\n<p>\n<span style=\"text-decoration: underline;\">Ma\u00dfe: <\/span><br \/>\nBreite 350x350x60 mm<br \/>\nDurchmesser 230 mm ca 30 mm tiefe und 190 mm ca 30 mm Tiefe<\/p>\n<p>Lieferumfang:<br \/>\n1 Rauchanschlu\u00dfplatte<br \/>\n1 Beutel\/Dose FMP Faserplast<\/font><\/p>\n<p>Rauchanschlu\u00dfplatte  f\u00fcr H2 + H5 f. Keram. Rohre Di 180\/Da 220 mm<\/p>\n","protected":false},"excerpt":{"rendered":"<p>Anschlu\u00dfplatte f\u00fcr Kaminhaube aus einer hochfeuerfesten R\u00fcttelgie\u00dfmasse Passend f\u00fcr&nbsp; Schornsteinrohre 180 mm innen\/220 mm au\u00dfen Geeignet f\u00fcr Kaminhaube H2 und auch f\u00fcr H5 Ma\u00dfe: Breite 350x350x60 mm Durchmesser 230 mm ca 30 mm tiefe und 190 mm ca 30 mm Tiefe Lieferumfang: 1 Rauchanschlu\u00dfplatte 1 Beutel\/Dose FMP Faserplast Rauchanschlu\u00dfplatte f\u00fcr H2 + H5 f. Keram. [&hellip;]<\/p>\n","protected":false},"featured_media":6460,"comment_status":"closed","ping_status":"open","template":"","meta":{"_acf_changed":false},"product_safety_overall":[],"product_brand":[],"product_cat":[1942,1959,1963],"product_tag":[669],"class_list":{"0":"post-6462","1":"product","2":"type-product","3":"status-publish","4":"has-post-thumbnail","6":"product_cat-steine-massen-moertel","7":"product_cat-kamineinsaetze","8":"product_cat-kamineinsaetze-rauchabzugshauben","9":"product_tag-rauchanschlussplatten-fuer-kaminhauben","11":"first","12":"instock","13":"taxable","14":"shipping-taxable","15":"purchasable","16":"product-type-simple"},"acf":[],"_links":{"self":[{"href":"https:\/\/www.ras-feuerfest.de\/shop\/wp-json\/wp\/v2\/product\/6462","targetHints":{"allow":["GET"]}}],"collection":[{"href":"https:\/\/www.ras-feuerfest.de\/shop\/wp-json\/wp\/v2\/product"}],"about":[{"href":"https:\/\/www.ras-feuerfest.de\/shop\/wp-json\/wp\/v2\/types\/product"}],"replies":[{"embeddable":true,"href":"https:\/\/www.ras-feuerfest.de\/shop\/wp-json\/wp\/v2\/comments?post=6462"}],"wp:featuredmedia":[{"embeddable":true,"href":"https:\/\/www.ras-feuerfest.de\/shop\/wp-json\/wp\/v2\/media\/6460"}],"wp:attachment":[{"href":"https:\/\/www.ras-feuerfest.de\/shop\/wp-json\/wp\/v2\/media?parent=6462"}],"wp:term":[{"taxonomy":"product_safety_overall","embeddable":true,"href":"https:\/\/www.ras-feuerfest.de\/shop\/wp-json\/wp\/v2\/product_safety_overall?post=6462"},{"taxonomy":"product_brand","embeddable":true,"href":"https:\/\/www.ras-feuerfest.de\/shop\/wp-json\/wp\/v2\/product_brand?post=6462"},{"taxonomy":"product_cat","embeddable":true,"href":"https:\/\/www.ras-feuerfest.de\/shop\/wp-json\/wp\/v2\/product_cat?post=6462"},{"taxonomy":"product_tag","embeddable":true,"href":"https:\/\/www.ras-feuerfest.de\/shop\/wp-json\/wp\/v2\/product_tag?post=6462"}],"curies":[{"name":"wp","href":"https:\/\/api.w.org\/{rel}","templated":true}]}}