{"id":6475,"date":"2024-10-09T17:47:07","date_gmt":"2024-10-09T15:47:07","guid":{"rendered":"https:\/\/www.ras-feuerfest.de\/shop\/product\/ft-steinbackofeneinsatz-eco-50-75-157-compl-mit-isolation-fuer-150-mm-rauchrohre\/"},"modified":"2024-10-10T13:40:46","modified_gmt":"2024-10-10T11:40:46","slug":"ft-steinbackofeneinsatz-eco-50-75-157-compl-mit-isolation-fuer-150-mm-rauchrohre","status":"publish","type":"product","link":"https:\/\/www.ras-feuerfest.de\/shop\/produkt\/ft-steinbackofeneinsatz-eco-50-75-157-compl-mit-isolation-fuer-150-mm-rauchrohre\/","title":{"rendered":"FT-Steinbackofeneinsatz ECO 50\/75-150 compl. mit Isolation f\u00fcr 150 mm Rauchrohre"},"content":{"rendered":"<p><span style=\"font-size:20px;\"><strong><span style=\"color: rgb(233, 48, 11);\">Jetzt auch mit Rauchrohranschlu\u00df lieferbar<\/span><\/strong><\/span><\/p>\n<p>&nbsp;<\/p>\n<p><span style=\"font-size:16px;\"><span style=\"color: rgb(192, 93, 73);\">Der neue Steinbackofen Einsatz!<\/span><\/span><\/p>\n<p><span style=\"font-size:16px;\"><span style=\"color: rgb(192, 93, 73);\">Einfach im Aufbau und sehr Preiswert!<\/span><\/span><\/p>\n<div><span style=\"font-size:16px;\"><span style=\"color: rgb(192, 93, 73);\">Der Einsatz besteht aus 6 verschiedenen<br \/>\n&nbsp;Schamottesteinen mit insgesamt 15 Steinen<\/span><\/span><\/p>\n<p><em><strong>Zur Einf\u00fchrung liefern wir den<br \/>\nEinsatz frei Haus!<br \/>\n&nbsp;(frei deutsche Grenze ohne&nbsp; Inseln,&nbsp; andere EU-Staaten auf Anfrage)<\/strong><\/em><\/p>\n<p>Die Brennkammer hat folgende Abmessungen;<br \/>\n<em>Innen:&nbsp;&nbsp;&nbsp; Breite 500 mm;&nbsp; L\u00e4nge 750 mm, H\u00f6he 325 mm<br \/>\nAu\u00dfen:&nbsp; Breite 628 mm; L\u00e4nge 815 mm, H\u00f6he&nbsp; 465 mm<\/em><\/p>\n<p>Die Brennkammer besteht aus folgenden Steinen:<\/p>\n<p><em>2 Normalsteine 250x124x64 mm<br \/>\n4&nbsp; Platten 500x250x64 mm<br \/>\n2 Platten 250x250x64 mm<br \/>\n1 Gew\u00f6lbestein BOG620\/200\/75<br \/>\n2&nbsp; Gew\u00f6lbesteine mit Rauchrohranschlu\u00df 150mm<\/em><br \/>\n<em>1 Gew\u00f6lbesteine BOG620\/150\/75<\/em><br \/>\n10 kg Schamottem\u00f6rtel<br \/>\n3 Backplatten 500x250x64 mm<br \/>\n1 Bodenisolierung&nbsp; f\u00fcr das Format 650x850x8 mm (2-teilig)<br \/>\n<em>150 Ltr. Sch\u00fcttisolierung Vermiculte\/Perlite<\/em><\/p>\n<p>Alternativ besteht die M\u00f6glichkeit, statt drei Backplatten,<br \/>\nzwei zu liefern (zwei St\u00fcck 500x375x64 mm),<br \/>\nallerdings erh\u00f6ht sich der Preis um 34,70 \u20ac (f\u00fcr beide Platten), da es sich<br \/>\nhierbei um noch hochwertigere Platten handelt..<\/p>\n<p>***************************************************************************<br \/>\nDie Steine sind Lebensmitteltechnisch&nbsp; unbedenklich!<br \/>\n***************************************************************************<\/p>\n<p>&nbsp;<\/p>\n<\/div>\n<p>&nbsp;<\/p>\n<p>Brot selber backen ist heute, wo kaum noch jemand nachvollziehen kann, wo die Produkte herkommen bzw. wie sie hergestellt wurden, wieder im Trend.<br \/>\nInsbesondere, wenn dieses wie fr\u00fcher in Steinback\u00f6fen gebacken werden kann.&nbsp;&nbsp;&nbsp;&nbsp;&nbsp;&nbsp;<\/p>\n<div>&nbsp;<\/div>\n<div>Wir haben daher einen Steinbackofeneinsatz entwickelt, in dem nat\u00fcrlich nicht nur Brot, sondern auch Br\u00f6tchen, Kuchen, sowie die allseits beliebte Steinofenpizza gebacken werden kann.<\/div>\n<div>&nbsp;<\/div>\n<div>Wie schon seit Jahrhunderten Tradition, werden die Steine des Backofens durch ein Holzfeuer erhitzt. Die so gespeicherte Hitze wird nach und nach an das Backgut wieder abgegeben. Das Brot erh\u00e4lt&nbsp;so seinen typischen Geschmack&nbsp;durch den direkten Kontakt mit dem Backraum.<\/div>\n<div>&nbsp;<\/div>\n<div>Vorteile unseres&nbsp;Steinbackofeneinsatzes sind der einfache Aufbau, sowie die individuelle Gestaltungsm\u00f6glichkeit des \u00c4u\u00dferen. Die Steine k\u00f6nnen lose aufeinander gesetzt werden oder auch mit M\u00f6rtel vermauert werden.<\/div>\n<div>&nbsp;<\/div>\n<div>F\u00fcr den Feuerraum werden nur hochfeste Schamottesteine mit einer sehr guten Speicherf\u00e4higkeit verwendet. Das Gew\u00f6lbe besteht aus einer hochfeuerfesten Gie\u00dfmasse mit einer ebenfalls hervorragenden&nbsp; Speicherf\u00e4higkeit. Die Wandungen des Einsatzes wurden so dimensioniert, dass eine ausreichende Speicherf\u00e4higkeit gew\u00e4hrleistet ist.<\/div>\n<div>&nbsp;<\/div>\n<div>Damit die gespeicherte W\u00e4rme l\u00e4nger im Backraum gehalten wird, muss eine Isolierung<br \/>\neinbracht werden. Entweder Steinwollmatten (keine chemisch gebundene Matten) oder Vermiculite-Sch\u00fcttisolierung. Um&nbsp; einen direkten Kontakt zum Unterbau zu vermeiden, ist dem Backofeneinsatz eine 8 mm Dicke Isolierplatte beigef\u00fcgt.<\/div>\n<p>FT-Steinbackofeneinsatz ECO 50\/75-150 compl. mit Isolation f\u00fcr 150 mm Rauchrohre<\/p>\n","protected":false},"excerpt":{"rendered":"<p>Jetzt auch mit Rauchrohranschlu\u00df lieferbar &nbsp; Der neue Steinbackofen Einsatz! Einfach im Aufbau und sehr Preiswert! Der Einsatz besteht aus 6 verschiedenen &nbsp;Schamottesteinen mit insgesamt 15 Steinen Zur Einf\u00fchrung liefern wir den Einsatz frei Haus! &nbsp;(frei deutsche Grenze ohne&nbsp; Inseln,&nbsp; andere EU-Staaten auf Anfrage) Die Brennkammer hat folgende Abmessungen; Innen:&nbsp;&nbsp;&nbsp; Breite 500 mm;&nbsp; L\u00e4nge 750 [&hellip;]<\/p>\n","protected":false},"featured_media":6476,"comment_status":"closed","ping_status":"open","template":"","meta":{"_acf_changed":false},"product_safety_overall":[],"product_brand":[],"product_cat":[1770,1775,1781],"product_tag":[654],"class_list":{"0":"post-6475","1":"product","2":"type-product","3":"status-publish","4":"has-post-thumbnail","6":"product_cat-backplatten-steinbackofeneinsaetze","7":"product_cat-steinbackofeneinsaetze","8":"product_cat-steinbackofeneinsaetze-eco-steinbackofen-neu","9":"product_tag-steinbackofen-einsatz","11":"first","12":"instock","13":"taxable","14":"shipping-taxable","15":"purchasable","16":"product-type-simple"},"acf":[],"_links":{"self":[{"href":"https:\/\/www.ras-feuerfest.de\/shop\/wp-json\/wp\/v2\/product\/6475","targetHints":{"allow":["GET"]}}],"collection":[{"href":"https:\/\/www.ras-feuerfest.de\/shop\/wp-json\/wp\/v2\/product"}],"about":[{"href":"https:\/\/www.ras-feuerfest.de\/shop\/wp-json\/wp\/v2\/types\/product"}],"replies":[{"embeddable":true,"href":"https:\/\/www.ras-feuerfest.de\/shop\/wp-json\/wp\/v2\/comments?post=6475"}],"wp:featuredmedia":[{"embeddable":true,"href":"https:\/\/www.ras-feuerfest.de\/shop\/wp-json\/wp\/v2\/media\/6476"}],"wp:attachment":[{"href":"https:\/\/www.ras-feuerfest.de\/shop\/wp-json\/wp\/v2\/media?parent=6475"}],"wp:term":[{"taxonomy":"product_safety_overall","embeddable":true,"href":"https:\/\/www.ras-feuerfest.de\/shop\/wp-json\/wp\/v2\/product_safety_overall?post=6475"},{"taxonomy":"product_brand","embeddable":true,"href":"https:\/\/www.ras-feuerfest.de\/shop\/wp-json\/wp\/v2\/product_brand?post=6475"},{"taxonomy":"product_cat","embeddable":true,"href":"https:\/\/www.ras-feuerfest.de\/shop\/wp-json\/wp\/v2\/product_cat?post=6475"},{"taxonomy":"product_tag","embeddable":true,"href":"https:\/\/www.ras-feuerfest.de\/shop\/wp-json\/wp\/v2\/product_tag?post=6475"}],"curies":[{"name":"wp","href":"https:\/\/api.w.org\/{rel}","templated":true}]}}