{"id":6477,"date":"2024-10-09T17:47:07","date_gmt":"2024-10-09T15:47:07","guid":{"rendered":"https:\/\/www.ras-feuerfest.de\/shop\/product\/ft-backofen-pizza-flammkuchen-platte-500x400x20\/"},"modified":"2024-11-28T11:11:44","modified_gmt":"2024-11-28T10:11:44","slug":"ft-backofen-pizza-flammkuchen-platte-500x400x20","status":"publish","type":"product","link":"https:\/\/www.ras-feuerfest.de\/shop\/produkt\/ft-backofen-pizza-flammkuchen-platte-500x400x20\/","title":{"rendered":"FT Backofen\/ Pizza\/ Flammkuchen Platte  500x400x20"},"content":{"rendered":"<p><span style=\"font-weight: bold; color: #993300;\"><span style=\"font-size: medium;\"><span style=\"font-family: Verdana;\"><span style=\"font-weight: bold; color: #993300;\"><span style=\"font-size: medium;\"><span style=\"font-family: Verdana;\"><span style=\"color: #993300;\"><span style=\"font-size: small;\"><span style=\"font-weight: bold;\"><span style=\"color: #cc9933;\"><em>Es handelt sich nicht, wie sonst \u00fcblich um strangezogene Ware, bei der eine Fl\u00e4che oder oft<\/em><\/span><\/span><\/span><\/span><\/span><\/span><\/span><\/span><\/span><\/span><br \/>\n<span style=\"font-weight: bold; color: #993300;\"><span style=\"font-size: medium;\"><span style=\"font-family: Verdana;\"><span style=\"font-weight: bold; color: #993300;\"><span style=\"font-size: medium;\"><span style=\"font-family: Verdana;\"><span style=\"color: #993300;\"><span style=\"font-size: small;\"><span style=\"font-weight: bold;\"><span style=\"color: #cc9933;\"><em>auch beide Fl\u00e4chen eine rauhe Oberfl\u00e4che haben.<br \/>\nDie Platten sind allseitig glatt!<\/em><\/span><\/span><\/span><\/span><\/span><\/span><\/span><\/span><\/span><\/span><\/p>\n<p><span style=\"font-weight: bold; color: #993300;\"><span style=\"font-size: medium;\"><span style=\"font-family: Verdana;\"><span style=\"font-weight: bold; color: #993300;\"><span style=\"font-size: medium;\"><span style=\"font-family: Verdana;\"><span style=\"color: #993300;\"><span style=\"color: #cc9933;\"><span style=\"font-weight: bold;\">Die Pizzaplatte wurde aus hochwertiger <\/span><\/span><span style=\"font-weight: bold;\"><span style=\"color: #cc9933;\">Schamotte gefertigt und ist allseitig glatt<br \/>\nDie Pizzaplatte ist sehr <\/span><\/span><span style=\"color: #cc9933;\"><span style=\"font-weight: bold;\">speicherf\u00e4hig.<br \/>\nDie Platte ist gesund<\/span><span style=\"font-weight: bold;\">heitlich v\u00f6llig unbedenklich<\/span>.<\/span><\/span><\/span><\/span><\/span><\/span><\/span><\/span><\/p>\n<p><span style=\"font-weight: bold; color: #993300;\"><span style=\"font-size: medium;\"><span style=\"font-family: Verdana;\"><span style=\"font-weight: bold; color: #993300;\"><span style=\"font-size: medium;\"><span style=\"font-family: Verdana;\"><span style=\"color: #993300;\"><span style=\"color: #cc9933; font-size: small;\">Die Platten haben eine feuerfestigkeit von \u00fcber 1400 \u00b0C und eignen sich auch im offenen Feuer!<\/span><\/span><\/span><\/span><\/span><\/span><\/span><\/span><\/p>\n<p><span style=\"color: #333333;\"><span style=\"text-decoration: underline;\"><span style=\"font-weight: bold;\">Abmessung: 500x400x20<\/span><\/span><\/span><\/p>\n<p><span style=\"font-weight: bold; color: #993300;\"><span style=\"font-size: medium;\"><span style=\"font-family: Verdana;\"><span style=\"font-weight: bold; color: #993300;\"><span style=\"font-size: medium;\"><span style=\"font-family: Verdana;\">So wird aus Ihrem Elektro- oder Gasbackofen<br \/>\ngewisserma\u00dfen ein Steinbackofen.<\/span><\/span><\/span><\/span><\/span><\/span><\/p>\n<p><span style=\"font-weight: bold; color: #993300;\"><span style=\"font-size: medium;\"><span style=\"font-family: Verdana;\"><span style=\"font-weight: bold; color: #993300;\"><span style=\"font-size: medium;\"><span style=\"font-family: Verdana;\">Die Platten sind auch bestens geeignet f\u00fcr<\/span><\/span><\/span><\/span><\/span><\/span><br \/>\n<span style=\"font-weight: bold; color: #993300;\"><span style=\"font-size: medium;\"><span style=\"font-family: Verdana;\"><span style=\"font-weight: bold; color: #993300;\"><span style=\"font-size: medium;\"><span style=\"font-family: Verdana;\">Kohle oder Gasgrills.<\/span><\/span><\/span><\/span><\/span><\/span><br \/>\n<span style=\"font-weight: bold; color: #993300;\"><span style=\"font-size: medium;\"><span style=\"font-family: Verdana;\"><span style=\"font-weight: bold; color: #993300;\"><span style=\"font-size: medium;\"><span style=\"font-family: Verdana;\">Nun wird auch Ihre Pizza sch\u00f6n<br \/>\nknusprig&#8230;&#8230;..wie aus einem Steinbackofen<\/span><\/span><\/span><\/span><\/span><\/span><\/p>\n<p><span style=\"font-weight: bold; color: #993300;\"><span style=\"font-size: medium;\"><span style=\"font-family: Verdana;\"><span style=\"font-weight: bold; color: #993300;\"><span style=\"font-size: medium;\"><span style=\"font-family: Verdana;\"><span style=\"font-style: italic;\"><span style=\"text-decoration: underline;\">Der Gebrauch ist kinderleicht: <\/span><\/span><\/span><\/span><\/span><br \/>\n<span style=\"color: #993300;\"><span style=\"font-size: medium;\"><span style=\"font-family: Verdana;\"><span style=\"color: #333399;\"><span style=\"font-size: small;\"><span style=\"color: #333333; font-style: italic;\">Legen Sie die Pizzaplatte auf eine Gitterroste und heizen<\/span><\/span><\/span><\/span><\/span><\/span><br \/>\n<span style=\"color: #993300;\"><span style=\"font-size: medium;\"><span style=\"font-family: Verdana;\"><span style=\"color: #333333; font-size: small;\"><span style=\"font-style: italic;\">Sie diese mindestens 30 Minuten bei 250 \u00b0C oder h\u00f6her<\/span><br style=\"font-style: italic;\" \/><span style=\"font-style: italic;\">auf und legen dann das Backgut z.B. eine Pizza&#8230;&#8230;<\/span><br style=\"font-style: italic;\" \/><span style=\"font-style: italic;\">einen Flammkuchen&#8230;..usw. auf die Backplatte.<\/span><br style=\"font-style: italic;\" \/><span style=\"font-style: italic;\">Sie k\u00f6nnen den Backofen jetzt kleiner einstellen <\/span><br style=\"font-style: italic;\" \/><span style=\"font-style: italic;\">oder auch ganz ausstellen. Durch die vorgeheizte<\/span><br style=\"font-style: italic;\" \/><span style=\"font-style: italic;\">Backofenplatte wird nun das Backgut von unten<\/span><br style=\"font-style: italic;\" \/><span style=\"font-style: italic;\">sch\u00f6n knusprig gebacken.<\/span><br style=\"font-style: italic;\" \/><br style=\"font-style: italic;\" \/><span style=\"font-style: italic;\">Sie k\u00f6nnen die Backplatte nat\u00fcrlich auch zum backen<\/span><br style=\"font-style: italic;\" \/><span style=\"font-style: italic;\">von Brot oder Br\u00f6tchen benutzen, m\u00fcssen jedoch bei <\/span><br style=\"font-style: italic;\" \/><span style=\"font-style: italic;\">der Temperaturregelung die deutlich h\u00f6here Backzeit<\/span><br style=\"font-style: italic;\" \/><span style=\"font-style: italic;\">ber\u00fccksichtigen.<\/span><\/span><\/span><\/span><\/span><\/span><\/span><\/span><\/p>\n<p>FT Backofen\/Pizza\/Flammkuchen Platte 500x400x20<\/p>\n","protected":false},"excerpt":{"rendered":"<p>Es handelt sich nicht, wie sonst \u00fcblich um strangezogene Ware, bei der eine Fl\u00e4che oder oft auch beide Fl\u00e4chen eine rauhe Oberfl\u00e4che haben. Die Platten sind allseitig glatt! Die Pizzaplatte wurde aus hochwertiger Schamotte gefertigt und ist allseitig glatt Die Pizzaplatte ist sehr speicherf\u00e4hig. Die Platte ist gesundheitlich v\u00f6llig unbedenklich. Die Platten haben eine feuerfestigkeit [&hellip;]<\/p>\n","protected":false},"featured_media":6478,"comment_status":"closed","ping_status":"closed","template":"","meta":{"_acf_changed":false},"product_safety_overall":[],"product_brand":[],"product_cat":[1770,1771,1772],"product_tag":[670,671,672,673],"class_list":{"0":"post-6477","1":"product","2":"type-product","3":"status-publish","4":"has-post-thumbnail","6":"product_cat-backplatten-steinbackofeneinsaetze","7":"product_cat-schamottesteine-backplatten-pizza-flammkuchen-brot","8":"product_cat-schamottesteine-backplatten-pizza-flammkuchen-brot-backofenplatten-500x400x20","9":"product_tag-backplatten-aus-schmaotte","10":"product_tag-schamottebackplatten","11":"product_tag-flammkuchenplatten","12":"product_tag-pizzabackplatten","14":"first","15":"instock","16":"taxable","17":"shipping-taxable","18":"purchasable","19":"product-type-simple"},"acf":[],"_links":{"self":[{"href":"https:\/\/www.ras-feuerfest.de\/shop\/wp-json\/wp\/v2\/product\/6477","targetHints":{"allow":["GET"]}}],"collection":[{"href":"https:\/\/www.ras-feuerfest.de\/shop\/wp-json\/wp\/v2\/product"}],"about":[{"href":"https:\/\/www.ras-feuerfest.de\/shop\/wp-json\/wp\/v2\/types\/product"}],"replies":[{"embeddable":true,"href":"https:\/\/www.ras-feuerfest.de\/shop\/wp-json\/wp\/v2\/comments?post=6477"}],"wp:featuredmedia":[{"embeddable":true,"href":"https:\/\/www.ras-feuerfest.de\/shop\/wp-json\/wp\/v2\/media\/6478"}],"wp:attachment":[{"href":"https:\/\/www.ras-feuerfest.de\/shop\/wp-json\/wp\/v2\/media?parent=6477"}],"wp:term":[{"taxonomy":"product_safety_overall","embeddable":true,"href":"https:\/\/www.ras-feuerfest.de\/shop\/wp-json\/wp\/v2\/product_safety_overall?post=6477"},{"taxonomy":"product_brand","embeddable":true,"href":"https:\/\/www.ras-feuerfest.de\/shop\/wp-json\/wp\/v2\/product_brand?post=6477"},{"taxonomy":"product_cat","embeddable":true,"href":"https:\/\/www.ras-feuerfest.de\/shop\/wp-json\/wp\/v2\/product_cat?post=6477"},{"taxonomy":"product_tag","embeddable":true,"href":"https:\/\/www.ras-feuerfest.de\/shop\/wp-json\/wp\/v2\/product_tag?post=6477"}],"curies":[{"name":"wp","href":"https:\/\/api.w.org\/{rel}","templated":true}]}}