{"id":6479,"date":"2024-10-09T17:47:07","date_gmt":"2024-10-09T15:47:07","guid":{"rendered":"https:\/\/www.ras-feuerfest.de\/shop\/product\/ft-backofen-pizza-flammkuchen-platte-300x300x20\/"},"modified":"2024-11-18T16:19:13","modified_gmt":"2024-11-18T15:19:13","slug":"ft-backofen-pizza-flammkuchen-platte-300x300x20","status":"publish","type":"product","link":"https:\/\/www.ras-feuerfest.de\/shop\/produkt\/ft-backofen-pizza-flammkuchen-platte-300x300x20\/","title":{"rendered":"FT Backofen\/ Pizza\/ Flammkuchen Platte  297x300x20"},"content":{"rendered":"<p><font color=\"#333333\" face=\"Verdana\" size=\"2\"><span style=\"FONT-WEIGHT: bold; COLOR: rgb(153,51,0)\"><font size=\"3\"><span style=\"FONT-FAMILY: Verdana\"><span style=\"COLOR: rgb(153,51,0)\"><font color=\"#ff0000\" size=\"2\" style=\"BACKGROUND-COLOR: #ffffff\"><span style=\"FONT-WEIGHT: bold\"><em><font size=\"3\"><span style=\"text-decoration: underline;\">Pizza-, Flammkuchen- Backplatte<\/span><\/font><\/em><\/span><\/font><\/span><\/span><\/font><\/span><\/font><br \/>\n<span style=\"FONT-WEIGHT: bold; COLOR: rgb(153,51,0)\"><font size=\"3\"><span style=\"FONT-FAMILY: Verdana\"><span style=\"COLOR: rgb(153,51,0)\"><font size=\"2\"><span style=\"FONT-WEIGHT: bold\"><font color=\"#cc9933\"><em>Es handelt sich nicht, wie sonst \u00fcblich um strangezogene Ware, bei der eine Fl\u00e4che oder oft auch beide Fl\u00e4chen eine rauhe Oberfl\u00e4che haben. Auch nicht um plastische gepre\u00dftes Material.<br \/>\n<u>Die Platten sind allseitig glatt! Eine sehr gute trocken gepre\u00dfte hochwertige Schamotte, die Gesundheitlich v\u00f6llig unbedenklich ist!<\/u><\/em><\/font><\/span><\/font><\/span><\/span><\/font><\/span><span style=\"FONT-WEIGHT: bold; COLOR: rgb(153,51,0)\"><font size=\"3\"><span style=\"FONT-FAMILY: Verdana\"> <span style=\"FONT-WEIGHT: bold; COLOR: rgb(153,51,0)\"><font size=\"3\"><span style=\"FONT-FAMILY: Verdana\"><span style=\"COLOR: rgb(153,51,0)\"><font size=\"2\"><span style=\"FONT-WEIGHT: bold\"><font color=\"#cc9933\"><em><u> <\/u><\/em><\/font><\/span><\/font><\/span><\/span><\/font><\/span><\/span><\/font><\/span><\/p>\n<p>\n<font color=\"#333333\" face=\"Verdana\" size=\"2\"><span style=\"FONT-WEIGHT: bold; COLOR: rgb(153,51,0)\"><font size=\"3\"><span style=\"FONT-FAMILY: Verdana\"><span style=\"FONT-WEIGHT: bold; COLOR: rgb(153,51,0)\"><font size=\"3\"><span style=\"FONT-FAMILY: Verdana\"><span style=\"COLOR: rgb(153,51,0)\"><font size=\"2\"><span style=\"FONT-WEIGHT: bold\"><font color=\"#cc9933\"><em><u>Die Platten&nbsp;sind auf L\u00e4nge geschnitten<br \/>\n<span style=\"FONT-WEIGHT: bold; COLOR: rgb(153,51,0)\"><font size=\"3\"><span style=\"FONT-FAMILY: Verdana\"><span style=\"COLOR: rgb(153,51,0)\"><font color=\"#cc9933\"><span style=\"FONT-WEIGHT: bold\">Die Pizzaplatte wurde aus hochwertiger, trocken gepre\u00dfter<\/span><\/font><br style=\"FONT-WEIGHT: bold\" \/><br \/>\n<span style=\"FONT-WEIGHT: bold\"><font color=\"#cc9933\">Schamotte gefertigt und ist allseitig glatt<br \/>\nDie Pizzaplatte ist sehr <\/font><\/span><font color=\"#cc9933\"><span style=\"FONT-WEIGHT: bold\">speicherf\u00e4hig.<br \/>\n<u>Die Platte ist gesund<\/u><\/span><u><span style=\"FONT-WEIGHT: bold\">heitlich v\u00f6llig unbedenklich<\/span>.<\/u><\/font><\/span><\/span><\/font><\/span><\/u><\/em><\/font><\/span><\/font><\/span><\/span><\/font><\/span><\/span><\/font><\/span><\/font><\/p>\n<p><span style=\"FONT-WEIGHT: bold; COLOR: rgb(153,51,0)\"><font size=\"3\"><span style=\"FONT-FAMILY: Verdana\"><span style=\"FONT-STYLE: italic\"><span style=\"TEXT-DECORATION: underline\">Der Gebrauch ist kinderleicht: <\/span><\/span><\/span><\/font><\/span><br \/>\n<span style=\"COLOR: rgb(153,51,0)\"><font size=\"3\"><span style=\"FONT-FAMILY: Verdana\"><span style=\"COLOR: rgb(51,51,153)\"><font size=\"2\"><span style=\"COLOR: rgb(51,51,51); FONT-STYLE: italic\">Legen Sie die Pizzaplatte auf eine Gitterroste und heizen<\/span><\/font><\/span><\/span><\/font><\/span><br \/>\n<span style=\"COLOR: rgb(153,51,0)\"><font size=\"3\"><span style=\"FONT-FAMILY: Verdana\"><font size=\"2\" style=\"COLOR: rgb(51,51,51)\"><span style=\"FONT-STYLE: italic\">sie diese mindestens 30 Minuten bei 250 \u00b0C oder h\u00f6her<\/span><br style=\"FONT-STYLE: italic\" \/><br \/>\n<span style=\"FONT-STYLE: italic\">auf und legen dann das Backgut z.B. eine Pizza&#8230;&#8230;<\/span><br style=\"FONT-STYLE: italic\" \/><br \/>\n<span style=\"FONT-STYLE: italic\">einen Flammkuchen&#8230;..usw. auf die Backplatte.<\/span><br style=\"FONT-STYLE: italic\" \/><br \/>\n<span style=\"FONT-STYLE: italic\">Sie k\u00f6nnen den Backofen jetzt kleiner einstellen <\/span><br style=\"FONT-STYLE: italic\" \/><br \/>\n<span style=\"FONT-STYLE: italic\">oder auch ganz ausstellen. Durch die vorgeheizte<\/span><br style=\"FONT-STYLE: italic\" \/><br \/>\n<span style=\"FONT-STYLE: italic\">Backofenplatte wird nun das Backgut von unten<\/span><br style=\"FONT-STYLE: italic\" \/><br \/>\n<span style=\"FONT-STYLE: italic\">sch\u00f6n knusprig gebacken.<\/span><br style=\"FONT-STYLE: italic\" \/><br \/>\n<br style=\"FONT-STYLE: italic\" \/><br \/>\n<span style=\"FONT-STYLE: italic\">Sie k\u00f6nnen die Backplatte nat\u00fcrlich auch zum backen<\/span><br style=\"FONT-STYLE: italic\" \/><br \/>\n<span style=\"FONT-STYLE: italic\">von Brot oder Br\u00f6tchen benutzen, m\u00fcssen jedoch bei <\/span><br style=\"FONT-STYLE: italic\" \/><br \/>\n<span style=\"FONT-STYLE: italic\">der Temperaturregelung die deutlich h\u00f6here Backzeit<\/span><br style=\"FONT-STYLE: italic\" \/><br \/>\n<span style=\"FONT-STYLE: italic\">ber\u00fccksichtigen.<\/span><\/p>\n<p><span style=\"COLOR: rgb(153,51,0)\"><font size=\"3\"><span style=\"COLOR: rgb(51,51,51)\"><span style=\"TEXT-DECORATION: underline\"><span style=\"FONT-WEIGHT: bold\">Abmessung: 300x300x20 mm (auf L\u00e4nge geschnitten)<\/span><\/span><\/span><\/font><\/span><\/font><\/span><\/font><\/span><\/p>\n<p><span style=\"color: rgb(255, 0, 0);\"><span style=\"font-style: italic;\"><font size=\"3\"><span style=\"FONT-FAMILY: Verdana\"><font size=\"3\"><span style=\"FONT-WEIGHT: bold\">Beachten Sie die Formate f\u00fcr die moderneren \u00d6fen mit aufgesetzter Schiene.<br \/>\nda diese einen schmaleren Backraum durch eine bessere Isolierung haben.<\/span><\/font><\/span><\/font><\/span><\/span><\/p>\n<p><span style=\"COLOR: rgb(153,51,0)\"><font size=\"3\"><span style=\"FONT-FAMILY: Verdana\"><font size=\"2\" style=\"COLOR: rgb(51,51,51)\"><span style=\"COLOR: rgb(153,51,0)\"><font size=\"3\"><span style=\"COLOR: rgb(51,51,51)\"><span style=\"FONT-WEIGHT: bold\"><span style=\"COLOR: rgb(51,153,102)\"><span style=\"FONT-WEIGHT: bold\">~~~~~~~~~~~~~~~~~~~~~~~~~~~~~~~~~~~~~~~~~~~~~~~<br \/>\n<span style=\"COLOR: rgb(255,0,0)\"><span style=\"FONT-WEIGHT: bold\"><span style=\"COLOR: rgb(51,153,102)\"><span style=\"FONT-WEIGHT: bold\">Wollen Sie anderen netten Menschen eine Freude machen oder suchen<br \/>\nein n\u00fctzliches Geschenk, zum Geburtstag, weihnachten oder einfach nur mal so<br \/>\neinen lieben netten Mensch mit einer n\u00fctzlich Sache beschenken.<br \/>\n?&#8230;&#8230;&#8230;&#8230;..dann ist die Pizzabackplatte genau das richtige!<\/span><\/span><\/span><\/span><\/span><\/span><\/span><\/span><\/font><\/span><\/font><\/span><\/font><\/span><\/p>\n<p><font size=\"3\"><span style=\"COLOR: rgb(153,51,0)\"><font size=\"3\"><span style=\"FONT-FAMILY: Verdana\"><font size=\"2\" style=\"COLOR: rgb(51,51,51)\"><span style=\"COLOR: rgb(153,51,0)\"><font size=\"3\"><span style=\"COLOR: rgb(51,51,51)\"><span style=\"FONT-WEIGHT: bold\"><span style=\"COLOR: rgb(51,153,102)\"><span style=\"FONT-WEIGHT: bold\">&#8230;&#8230;&#8230;..machen Sie auch anderen eine gro\u00dfe Freude!Beachten Sie die<\/span><\/span><\/span><\/span><\/font><\/span><\/font><\/span><\/font><\/span><\/font><\/p>\n<p>FT Backofen\/Pizza\/Flammkuchen Platte  297x300x20<\/p>\n","protected":false},"excerpt":{"rendered":"<p>Pizza-, Flammkuchen- Backplatte Es handelt sich nicht, wie sonst \u00fcblich um strangezogene Ware, bei der eine Fl\u00e4che oder oft auch beide Fl\u00e4chen eine rauhe Oberfl\u00e4che haben. Auch nicht um plastische gepre\u00dftes Material. Die Platten sind allseitig glatt! Eine sehr gute trocken gepre\u00dfte hochwertige Schamotte, die Gesundheitlich v\u00f6llig unbedenklich ist! Die Platten&nbsp;sind auf L\u00e4nge geschnitten Die [&hellip;]<\/p>\n","protected":false},"featured_media":6480,"comment_status":"closed","ping_status":"closed","template":"","meta":{"_acf_changed":false},"product_safety_overall":[],"product_brand":[],"product_cat":[1770,1771,1774],"product_tag":[670,671,672,673],"class_list":{"0":"post-6479","1":"product","2":"type-product","3":"status-publish","4":"has-post-thumbnail","6":"product_cat-backplatten-steinbackofeneinsaetze","7":"product_cat-schamottesteine-backplatten-pizza-flammkuchen-brot","8":"product_cat-schamottesteine-backplatten-pizza-flammkuchen-brot-backofenplatten-normal","9":"product_tag-backplatten-aus-schmaotte","10":"product_tag-schamottebackplatten","11":"product_tag-flammkuchenplatten","12":"product_tag-pizzabackplatten","14":"first","15":"instock","16":"taxable","17":"shipping-taxable","18":"purchasable","19":"product-type-simple"},"acf":[],"_links":{"self":[{"href":"https:\/\/www.ras-feuerfest.de\/shop\/wp-json\/wp\/v2\/product\/6479","targetHints":{"allow":["GET"]}}],"collection":[{"href":"https:\/\/www.ras-feuerfest.de\/shop\/wp-json\/wp\/v2\/product"}],"about":[{"href":"https:\/\/www.ras-feuerfest.de\/shop\/wp-json\/wp\/v2\/types\/product"}],"replies":[{"embeddable":true,"href":"https:\/\/www.ras-feuerfest.de\/shop\/wp-json\/wp\/v2\/comments?post=6479"}],"wp:featuredmedia":[{"embeddable":true,"href":"https:\/\/www.ras-feuerfest.de\/shop\/wp-json\/wp\/v2\/media\/6480"}],"wp:attachment":[{"href":"https:\/\/www.ras-feuerfest.de\/shop\/wp-json\/wp\/v2\/media?parent=6479"}],"wp:term":[{"taxonomy":"product_safety_overall","embeddable":true,"href":"https:\/\/www.ras-feuerfest.de\/shop\/wp-json\/wp\/v2\/product_safety_overall?post=6479"},{"taxonomy":"product_brand","embeddable":true,"href":"https:\/\/www.ras-feuerfest.de\/shop\/wp-json\/wp\/v2\/product_brand?post=6479"},{"taxonomy":"product_cat","embeddable":true,"href":"https:\/\/www.ras-feuerfest.de\/shop\/wp-json\/wp\/v2\/product_cat?post=6479"},{"taxonomy":"product_tag","embeddable":true,"href":"https:\/\/www.ras-feuerfest.de\/shop\/wp-json\/wp\/v2\/product_tag?post=6479"}],"curies":[{"name":"wp","href":"https:\/\/api.w.org\/{rel}","templated":true}]}}