{"id":6505,"date":"2024-10-09T17:47:17","date_gmt":"2024-10-09T15:47:17","guid":{"rendered":"https:\/\/www.ras-feuerfest.de\/shop\/product\/ft-backofen-pizza-flammkuchen-platte-high-qs-375x300x25\/"},"modified":"2024-11-18T16:22:31","modified_gmt":"2024-11-18T15:22:31","slug":"ft-backofen-pizza-flammkuchen-platte-high-qs-375x300x25","status":"publish","type":"product","link":"https:\/\/www.ras-feuerfest.de\/shop\/produkt\/ft-backofen-pizza-flammkuchen-platte-high-qs-375x300x25\/","title":{"rendered":"FT Backofen\/ Pizza\/ Flammkuchen Platte  HIGH-QS  375x300x25"},"content":{"rendered":"<p>\n\t<span style=\"background-color: rgb(255, 255, 0);\"><span style=\"color: rgb(255, 0, 0);\"><span style=\"font-weight: bold;\"><font size=\"3\"><span style=\"FONT-FAMILY: Verdana\"><font size=\"5\"><span style=\"font-weight: bold;\"><font size=\"3\"><span style=\"FONT-FAMILY: Verdana\"><font size=\"5\">Die NEUE High-Qs <\/font><\/span><\/font><\/span><\/font><\/span><\/font><\/span><\/span><\/span><span style=\"FONT-WEIGHT: bold; COLOR: rgb(153,51,0)\"><font size=\"3\"><span style=\"FONT-FAMILY: Verdana\"><span style=\"COLOR: rgb(255,0,0)\"><font size=\"5\"><span style=\"background-color: rgb(255, 255, 0);\">Qualit\u00e4t jetzt mit noch besserer Speicherf\u00e4higkeit!&#8230;&#8230;&#8230;&#8230;&#8230;&#8230;..<br \/>\n\tf\u00fcr Ihre optimalen Backergebnisse.<\/span><\/font><\/span><\/p>\n<p>\t<span style=\"color: rgb(255, 102, 0);\">So wird aus Ihrem Elektro- oder Gasbackofen<br \/>\n\tgewisserma\u00dfen ein Steinbackofen.<br \/>\n\tNun wird auch Ihre Pizza sch\u00f6n<br \/>\n\tknusprig&#8230;&#8230;..wie aus einem Steinbackofen<\/span><\/span><\/font><\/span><\/p>\n<p>\n\t<span style=\"color: rgb(255, 102, 0);\"><span style=\"font-weight: bold;\"><font size=\"3\"><span style=\"FONT-FAMILY: Verdana\">Sie k\u00f6nnen die Platten auch f\u00fcr Steinback\u00f6fen<br \/>\n\toder auch in Gass-, Holzkohle Grills (Kugelgrill)<br \/>\n\tverwenden.<\/span><\/font><\/span><\/span><\/p>\n<p>\n\t<span style=\"FONT-WEIGHT: bold; COLOR: rgb(153,51,0)\"><font size=\"3\"><span style=\"FONT-FAMILY: Verdana\"><span style=\"FONT-STYLE: italic\"><span style=\"TEXT-DECORATION: underline\">Der Gebrauch ist kinderleicht: <\/span><\/span><\/span><\/font><\/span><br \/>\n\t<span style=\"COLOR: rgb(153,51,0)\"><font size=\"3\"><span style=\"FONT-FAMILY: Verdana\"><span style=\"COLOR: rgb(51,51,153)\"><font size=\"2\"><span style=\"COLOR: rgb(51,51,51); FONT-STYLE: italic\">Legen Sie die Pizzaplatte auf eine Gitterroste und heizen<\/span><\/font><\/span><\/span><\/font><\/span><br \/>\n\t<span style=\"COLOR: rgb(153,51,0)\"><font size=\"3\"><span style=\"FONT-FAMILY: Verdana\"><font size=\"2\" style=\"COLOR: rgb(51,51,51)\"><span style=\"FONT-STYLE: italic\">sie diese mindestens 30 Minuten bei 250 \u00b0C oder h\u00f6her<\/span><br style=\"FONT-STYLE: italic\" \/><br \/>\n\t<span style=\"FONT-STYLE: italic\">auf und legen dann das Backgut z.B. eine Pizza&#8230;&#8230;<\/span><br style=\"FONT-STYLE: italic\" \/><br \/>\n\t<span style=\"FONT-STYLE: italic\">einen Flammkuchen&#8230;..usw. auf die Backplatte.<\/span><br style=\"FONT-STYLE: italic\" \/><br \/>\n\t<span style=\"FONT-STYLE: italic\">Sie k\u00f6nnen den Backofen jetzt kleiner einstellen <\/span><br style=\"FONT-STYLE: italic\" \/><br \/>\n\t<span style=\"FONT-STYLE: italic\">oder auch ganz ausstellen. Durch die vorgeheizte<\/span><br style=\"FONT-STYLE: italic\" \/><br \/>\n\t<span style=\"FONT-STYLE: italic\">Backofenplatte wird nun das Backgut von unten<\/span><br style=\"FONT-STYLE: italic\" \/><br \/>\n\t<span style=\"FONT-STYLE: italic\">sch\u00f6n knusprig gebacken.<\/span><br style=\"FONT-STYLE: italic\" \/><br \/>\n\t<br style=\"FONT-STYLE: italic\" \/><br \/>\n\t<span style=\"FONT-STYLE: italic\">Sie k\u00f6nnen die Backplatte nat\u00fcrlich auch zum backen<\/span><br style=\"FONT-STYLE: italic\" \/><br \/>\n\t<span style=\"FONT-STYLE: italic\">von Brot oder Br\u00f6tchen benutzen, m\u00fcssen jedoch bei <\/span><br style=\"FONT-STYLE: italic\" \/><br \/>\n\t<span style=\"FONT-STYLE: italic\">der Temperaturregelung die deutlich h\u00f6here Backzeit<\/span><br style=\"FONT-STYLE: italic\" \/><br \/>\n\t<span style=\"FONT-STYLE: italic\">ber\u00fccksichtigen.<\/span><\/p>\n<p>\t<span style=\"COLOR: rgb(153,51,0)\"><font size=\"3\"><span style=\"color: rgb(255, 102, 0);\"><span style=\"FONT-WEIGHT: bold\">Die Pizzaplatte wurde aus sehr hochwertiger<\/span><br style=\"FONT-WEIGHT: bold\" \/><br \/>\n\t<span style=\"FONT-WEIGHT: bold\">Schamotte in einem trocken Pressverfahren<br \/>\n\thergestellt und sind allseitig glatt<br \/>\n\tDie Pizzaplatte ist <\/span><span style=\"FONT-WEIGHT: bold\">extrem speicherf\u00e4hig.<br \/>\n\tDie Platte ist gesund<\/span><span style=\"FONT-WEIGHT: bold\">heitlich absolut unbedenklich<\/span>.<\/span><\/p>\n<p>\t<span style=\"COLOR: rgb(51,51,51)\"><span style=\"TEXT-DECORATION: underline\"><span style=\"FONT-WEIGHT: bold\">Abmessung: 300x300x20 mm (auf L\u00e4nge geschnitten)<\/span><\/span><\/span><\/font><\/span><\/font><\/span><\/font><\/span><\/p>\n<p>\n\t<span style=\"color: rgb(255, 0, 0);\"><span style=\"font-style: italic;\"><font size=\"3\"><span style=\"FONT-FAMILY: Verdana\"><font size=\"3\"><span style=\"FONT-WEIGHT: bold\">Diese Format eignet sich besonders f\u00fcr die moderneren \u00d6fen mit aufgesetzter Schiene f\u00fcr die Bleche,<br \/>\n\tda diese einen schmaleren Backraum durch eine bessere Isolierung haben.<\/span><\/font><\/span><\/font><\/span><\/span><\/p>\n<p>\n\t<span style=\"COLOR: rgb(153,51,0)\"><font size=\"3\"><span style=\"FONT-FAMILY: Verdana\"><font size=\"2\" style=\"COLOR: rgb(51,51,51)\"><span style=\"COLOR: rgb(153,51,0)\"><font size=\"3\"><span style=\"COLOR: rgb(51,51,51)\"><span style=\"FONT-WEIGHT: bold\"><span style=\"COLOR: rgb(51,153,102)\"><span style=\"FONT-WEIGHT: bold\">~~~~~~~~~~~~~~~~~~~~~~~~~~~~~~~~~~~~~~~~~~~~~~~<br \/>\n\t<span style=\"COLOR: rgb(255,0,0)\"><span style=\"FONT-WEIGHT: bold\"><span style=\"COLOR: rgb(51,153,102)\"><span style=\"FONT-WEIGHT: bold\">Wollen Sie anderen netten Menschen eine Freude machen oder suchen<br \/>\n\tein n\u00fctzliches Geschenk, zum Geburtstag, weihnachten oder einfach nur mal so<br \/>\n\teinen lieben netten Mensch mit einer n\u00fctzlich Sache beschenken.<br \/>\n\t?&#8230;&#8230;&#8230;&#8230;..dann ist die Pizzabackplatte genau das richtige!<\/span><\/span><\/span><\/span><\/span><\/span><\/span><\/span><\/font><\/span><\/font><\/span><\/font><\/span><\/p>\n<p>\n\t<font size=\"3\"><span style=\"COLOR: rgb(153,51,0)\"><font size=\"3\"><span style=\"FONT-FAMILY: Verdana\"><font size=\"2\" style=\"COLOR: rgb(51,51,51)\"><span style=\"COLOR: rgb(153,51,0)\"><font size=\"3\"><span style=\"COLOR: rgb(51,51,51)\"><span style=\"FONT-WEIGHT: bold\"><span style=\"COLOR: rgb(51,153,102)\"><span style=\"FONT-WEIGHT: bold\">&#8230;&#8230;&#8230;..machen Sie auch anderen eine gro\u00dfe Freude!<\/span><\/span><\/span><\/span><\/font><\/span><\/font><\/span><\/font><\/span><\/font><\/p>\n<p>FT Backofen\/Pizza\/Flammkuchen Platte  HIGH-QS  375x300x25<\/p>\n","protected":false},"excerpt":{"rendered":"<p>Die NEUE High-Qs Qualit\u00e4t jetzt mit noch besserer Speicherf\u00e4higkeit!&#8230;&#8230;&#8230;&#8230;&#8230;&#8230;.. f\u00fcr Ihre optimalen Backergebnisse. So wird aus Ihrem Elektro- oder Gasbackofen gewisserma\u00dfen ein Steinbackofen. Nun wird auch Ihre Pizza sch\u00f6n knusprig&#8230;&#8230;..wie aus einem Steinbackofen Sie k\u00f6nnen die Platten auch f\u00fcr Steinback\u00f6fen oder auch in Gass-, Holzkohle Grills (Kugelgrill) verwenden. Der Gebrauch ist kinderleicht: Legen Sie die [&hellip;]<\/p>\n","protected":false},"featured_media":6497,"comment_status":"closed","ping_status":"closed","template":"","meta":{"_acf_changed":false},"product_safety_overall":[],"product_brand":[],"product_cat":[1770,1771,1773],"product_tag":[670,671,672,673],"class_list":{"0":"post-6505","1":"product","2":"type-product","3":"status-publish","4":"has-post-thumbnail","6":"product_cat-backplatten-steinbackofeneinsaetze","7":"product_cat-schamottesteine-backplatten-pizza-flammkuchen-brot","8":"product_cat-schamottesteine-backplatten-pizza-flammkuchen-brot-backofenplatte-high-qs","9":"product_tag-backplatten-aus-schmaotte","10":"product_tag-schamottebackplatten","11":"product_tag-flammkuchenplatten","12":"product_tag-pizzabackplatten","14":"first","15":"instock","16":"taxable","17":"shipping-taxable","18":"purchasable","19":"product-type-simple"},"acf":[],"_links":{"self":[{"href":"https:\/\/www.ras-feuerfest.de\/shop\/wp-json\/wp\/v2\/product\/6505","targetHints":{"allow":["GET"]}}],"collection":[{"href":"https:\/\/www.ras-feuerfest.de\/shop\/wp-json\/wp\/v2\/product"}],"about":[{"href":"https:\/\/www.ras-feuerfest.de\/shop\/wp-json\/wp\/v2\/types\/product"}],"replies":[{"embeddable":true,"href":"https:\/\/www.ras-feuerfest.de\/shop\/wp-json\/wp\/v2\/comments?post=6505"}],"wp:featuredmedia":[{"embeddable":true,"href":"https:\/\/www.ras-feuerfest.de\/shop\/wp-json\/wp\/v2\/media\/6497"}],"wp:attachment":[{"href":"https:\/\/www.ras-feuerfest.de\/shop\/wp-json\/wp\/v2\/media?parent=6505"}],"wp:term":[{"taxonomy":"product_safety_overall","embeddable":true,"href":"https:\/\/www.ras-feuerfest.de\/shop\/wp-json\/wp\/v2\/product_safety_overall?post=6505"},{"taxonomy":"product_brand","embeddable":true,"href":"https:\/\/www.ras-feuerfest.de\/shop\/wp-json\/wp\/v2\/product_brand?post=6505"},{"taxonomy":"product_cat","embeddable":true,"href":"https:\/\/www.ras-feuerfest.de\/shop\/wp-json\/wp\/v2\/product_cat?post=6505"},{"taxonomy":"product_tag","embeddable":true,"href":"https:\/\/www.ras-feuerfest.de\/shop\/wp-json\/wp\/v2\/product_tag?post=6505"}],"curies":[{"name":"wp","href":"https:\/\/api.w.org\/{rel}","templated":true}]}}