{"id":6538,"date":"2024-10-09T17:47:41","date_gmt":"2024-10-09T15:47:41","guid":{"rendered":"https:\/\/www.ras-feuerfest.de\/shop\/product\/ft-gewoelbesteine-fuer-steinbackoefen-bog-610-100-3er-set-frei-haus\/"},"modified":"2024-10-10T13:40:42","modified_gmt":"2024-10-10T11:40:42","slug":"ft-gewoelbesteine-fuer-steinbackoefen-bog-610-100-3er-set-frei-haus","status":"publish","type":"product","link":"https:\/\/www.ras-feuerfest.de\/shop\/produkt\/ft-gewoelbesteine-fuer-steinbackoefen-bog-610-100-3er-set-frei-haus\/","title":{"rendered":"FT Gew\u00f6lbesteine f\u00fcr Steinback\u00f6fen BOG 610-7.0  3er Set\/frei Haus"},"content":{"rendered":"<p>3 Gew\u00f6lbesteine f\u00fcr Steinbackofeneins\u00e4tze BOG620-7.0<\/p>\n<p>Abmessungen;<br \/>\n<em>Innen:&nbsp;&nbsp;&nbsp; Breite 500 mm; L\u00e4nge 600 mm, H\u00f6he 120 mm<br \/>\nAu\u00dfen:&nbsp;&nbsp; Breite 620 mm; L\u00e4nge 600 mm, H\u00f6he 220 mm <\/em><\/p>\n<p><u><strong>Steindicke: bis ca. 70 mm<\/strong><\/u><\/p>\n<p><u>Die Bogensteine werden aus einer hochfeuerfesten Spezialr\u00fcttelgie\u00dfmasse hergestellt.<\/u><\/p>\n<p><strong>Die Bogensteine kosten&nbsp;einzeln per St\u00fcck 70,51 \u20ac <\/strong><br \/>\n<strong>+ 17,50 \u20ac&nbsp; (je Gew\u00f6lbestein) Verpackungs- und Versandkosten <\/strong><br \/>\n<strong><u>Der Versand erfolgt frei Haus und verpackungsfrei!<\/u><\/strong><br \/>\n<strong><u>bzw. frei Deutsche Grenze, ohne Inseln.<br \/>\nBei angrenzenden EU-L\u00e4ndern wird nur ein geringer Aufschlag berechnet.<\/u><\/strong><\/p>\n<p>FT Gew\u00f6lbesteine f\u00fcr Steinback\u00f6fen BOG 610-7.0  3er Set\/frei Haus<\/p>\n","protected":false},"excerpt":{"rendered":"<p>3 Gew\u00f6lbesteine f\u00fcr Steinbackofeneins\u00e4tze BOG620-7.0 Abmessungen; Innen:&nbsp;&nbsp;&nbsp; Breite 500 mm; L\u00e4nge 600 mm, H\u00f6he 120 mm Au\u00dfen:&nbsp;&nbsp; Breite 620 mm; L\u00e4nge 600 mm, H\u00f6he 220 mm Steindicke: bis ca. 70 mm Die Bogensteine werden aus einer hochfeuerfesten Spezialr\u00fcttelgie\u00dfmasse hergestellt. Die Bogensteine kosten&nbsp;einzeln per St\u00fcck 70,51 \u20ac + 17,50 \u20ac&nbsp; (je Gew\u00f6lbestein) Verpackungs- und Versandkosten Der [&hellip;]<\/p>\n","protected":false},"featured_media":6537,"comment_status":"closed","ping_status":"open","template":"","meta":{"_acf_changed":false},"product_safety_overall":[],"product_brand":[],"product_cat":[1770,1775,1779],"product_tag":[679],"class_list":{"0":"post-6538","1":"product","2":"type-product","3":"status-publish","4":"has-post-thumbnail","6":"product_cat-backplatten-steinbackofeneinsaetze","7":"product_cat-steinbackofeneinsaetze","8":"product_cat-steinbackofeneinsaetze-backofengewoelbesteine","9":"product_tag-gewplbesteine-fuer-steinbackoefen","11":"first","12":"instock","13":"taxable","14":"shipping-taxable","15":"purchasable","16":"product-type-simple"},"acf":[],"_links":{"self":[{"href":"https:\/\/www.ras-feuerfest.de\/shop\/wp-json\/wp\/v2\/product\/6538","targetHints":{"allow":["GET"]}}],"collection":[{"href":"https:\/\/www.ras-feuerfest.de\/shop\/wp-json\/wp\/v2\/product"}],"about":[{"href":"https:\/\/www.ras-feuerfest.de\/shop\/wp-json\/wp\/v2\/types\/product"}],"replies":[{"embeddable":true,"href":"https:\/\/www.ras-feuerfest.de\/shop\/wp-json\/wp\/v2\/comments?post=6538"}],"wp:featuredmedia":[{"embeddable":true,"href":"https:\/\/www.ras-feuerfest.de\/shop\/wp-json\/wp\/v2\/media\/6537"}],"wp:attachment":[{"href":"https:\/\/www.ras-feuerfest.de\/shop\/wp-json\/wp\/v2\/media?parent=6538"}],"wp:term":[{"taxonomy":"product_safety_overall","embeddable":true,"href":"https:\/\/www.ras-feuerfest.de\/shop\/wp-json\/wp\/v2\/product_safety_overall?post=6538"},{"taxonomy":"product_brand","embeddable":true,"href":"https:\/\/www.ras-feuerfest.de\/shop\/wp-json\/wp\/v2\/product_brand?post=6538"},{"taxonomy":"product_cat","embeddable":true,"href":"https:\/\/www.ras-feuerfest.de\/shop\/wp-json\/wp\/v2\/product_cat?post=6538"},{"taxonomy":"product_tag","embeddable":true,"href":"https:\/\/www.ras-feuerfest.de\/shop\/wp-json\/wp\/v2\/product_tag?post=6538"}],"curies":[{"name":"wp","href":"https:\/\/api.w.org\/{rel}","templated":true}]}}