{"id":6543,"date":"2024-10-09T17:47:41","date_gmt":"2024-10-09T15:47:41","guid":{"rendered":"https:\/\/www.ras-feuerfest.de\/shop\/product\/ft-gewoelbesteine-fuer-steinbackoefen-bog-620-100-f-rauchrohranschluss-100-mm\/"},"modified":"2024-10-10T13:40:43","modified_gmt":"2024-10-10T11:40:43","slug":"ft-gewoelbesteine-fuer-steinbackoefen-bog-620-100-f-rauchrohranschluss-100-mm","status":"publish","type":"product","link":"https:\/\/www.ras-feuerfest.de\/shop\/produkt\/ft-gewoelbesteine-fuer-steinbackoefen-bog-620-100-f-rauchrohranschluss-100-mm\/","title":{"rendered":"FT-Gew\u00f6lbesteine f\u00fcr Steinback\u00f6fen BOG 620-10.0 f. Rauchrohranschlu\u00df 100 mm"},"content":{"rendered":"<p>Gew\u00f6lbesteine mit 105 mm Anschlu\u00dfstutzen f\u00fcr Steinbackofeneins\u00e4tze BOG 620-10.0<br \/>\nDer Gew\u00f6lbestein hat seinen Anschlu\u00df mittig<\/p>\n<p>Abmessungen;<br \/>\n<em>Innen:&nbsp;&nbsp;&nbsp; Breite 500 mm; L\u00e4nge 200 mm, H\u00f6he 120 mm<br \/>\nAu\u00dfen:&nbsp;&nbsp; Breite 620 mm; L\u00e4nge 200 mm, H\u00f6he 240 mm <\/em><\/p>\n<p><u><strong>Steindicke: bis ca 100 mm<\/strong><\/u><\/p>\n<p>\n<strong><u>Anwendungstemperatur:&nbsp; max 1400 \u00b0C<\/u><\/strong><\/p>\n<p>Der Durchmesser von 105 mm ist f\u00fcr 100 mm Stahlrohre gedacht.<br \/>\nEntweder dichten Sie die Fuge mit dem elastischen Dichtungsmittel FMP1200 ab oder mit einem Keramischen M\u00f6rtel ab.<\/p>\n<p>Die k\u00f6nnen auch ein feuerfeste Gewebeband verwenden<\/p>\n<p>&nbsp;<\/p>\n<p><u>Die Bogensteine werden aus einer hochfeuerfesten Spezialr\u00fcttelgie\u00dfmasse hergestellt.<\/u><\/p>\n<p>FT-Gew\u00f6lbesteine f\u00fcr Steinback\u00f6fen BOG 620-10.0 f. Rauchrohranschlu\u00df 100 mm<\/p>\n","protected":false},"excerpt":{"rendered":"<p>Gew\u00f6lbesteine mit 105 mm Anschlu\u00dfstutzen f\u00fcr Steinbackofeneins\u00e4tze BOG 620-10.0 Der Gew\u00f6lbestein hat seinen Anschlu\u00df mittig Abmessungen; Innen:&nbsp;&nbsp;&nbsp; Breite 500 mm; L\u00e4nge 200 mm, H\u00f6he 120 mm Au\u00dfen:&nbsp;&nbsp; Breite 620 mm; L\u00e4nge 200 mm, H\u00f6he 240 mm Steindicke: bis ca 100 mm Anwendungstemperatur:&nbsp; max 1400 \u00b0C Der Durchmesser von 105 mm ist f\u00fcr 100 mm Stahlrohre [&hellip;]<\/p>\n","protected":false},"featured_media":6535,"comment_status":"closed","ping_status":"open","template":"","meta":{"_acf_changed":false},"product_safety_overall":[],"product_brand":[],"product_cat":[1770,1775,1779],"product_tag":[678],"class_list":{"0":"post-6543","1":"product","2":"type-product","3":"status-publish","4":"has-post-thumbnail","6":"product_cat-backplatten-steinbackofeneinsaetze","7":"product_cat-steinbackofeneinsaetze","8":"product_cat-steinbackofeneinsaetze-backofengewoelbesteine","9":"product_tag-gewoelbesteine-fuer-steinbackoefen","11":"first","12":"instock","13":"taxable","14":"shipping-taxable","15":"purchasable","16":"product-type-simple"},"acf":[],"_links":{"self":[{"href":"https:\/\/www.ras-feuerfest.de\/shop\/wp-json\/wp\/v2\/product\/6543","targetHints":{"allow":["GET"]}}],"collection":[{"href":"https:\/\/www.ras-feuerfest.de\/shop\/wp-json\/wp\/v2\/product"}],"about":[{"href":"https:\/\/www.ras-feuerfest.de\/shop\/wp-json\/wp\/v2\/types\/product"}],"replies":[{"embeddable":true,"href":"https:\/\/www.ras-feuerfest.de\/shop\/wp-json\/wp\/v2\/comments?post=6543"}],"wp:featuredmedia":[{"embeddable":true,"href":"https:\/\/www.ras-feuerfest.de\/shop\/wp-json\/wp\/v2\/media\/6535"}],"wp:attachment":[{"href":"https:\/\/www.ras-feuerfest.de\/shop\/wp-json\/wp\/v2\/media?parent=6543"}],"wp:term":[{"taxonomy":"product_safety_overall","embeddable":true,"href":"https:\/\/www.ras-feuerfest.de\/shop\/wp-json\/wp\/v2\/product_safety_overall?post=6543"},{"taxonomy":"product_brand","embeddable":true,"href":"https:\/\/www.ras-feuerfest.de\/shop\/wp-json\/wp\/v2\/product_brand?post=6543"},{"taxonomy":"product_cat","embeddable":true,"href":"https:\/\/www.ras-feuerfest.de\/shop\/wp-json\/wp\/v2\/product_cat?post=6543"},{"taxonomy":"product_tag","embeddable":true,"href":"https:\/\/www.ras-feuerfest.de\/shop\/wp-json\/wp\/v2\/product_tag?post=6543"}],"curies":[{"name":"wp","href":"https:\/\/api.w.org\/{rel}","templated":true}]}}