{"id":6547,"date":"2024-10-09T17:47:41","date_gmt":"2024-10-09T15:47:41","guid":{"rendered":"https:\/\/www.ras-feuerfest.de\/shop\/product\/kamin-brennkammereinsatz-groesse-2-wandstaerke-40-mm-nf\/"},"modified":"2024-10-10T13:43:49","modified_gmt":"2024-10-10T11:43:49","slug":"kamin-brennkammereinsatz-groesse-2-wandstaerke-40-mm-nf","status":"publish","type":"product","link":"https:\/\/www.ras-feuerfest.de\/shop\/produkt\/kamin-brennkammereinsatz-groesse-2-wandstaerke-40-mm-nf\/","title":{"rendered":"Kamin-Brennkammereinsatz  Gr\u00f6\u00dfe 2  Wandst\u00e4rke 40 mm N+F"},"content":{"rendered":"<p style=\"color: rgb(51, 51, 51);\"><font size=\"2\">Brennkammereinsatz aus Nut und Feder Steinen Gr\u00f6\u00dfe 2\/40<\/font> N+F<\/p>\n<p style=\"color: rgb(51, 51, 51);\"><font size=\"2\">Abmessungen: Breite 750 mm, Tiefe 500 mm, H\u00f6he 500 mm<br \/>\n+ 30 mm Isolierung<\/font><\/p>\n<p style=\"color: rgb(51, 51, 51);\"><font size=\"2\"><span style=\"text-decoration: underline;\">Bestehend aus:<\/span><br \/>\n4 St\u00fcck Ecksteine links.<br \/>\n4 St\u00fcck Ecksteine rechts.<br \/>\n14 St\u00fcck Nut und Feder Platten 250x124x40 mm.<br \/>\n4 St\u00fcck Pl\u00e4ttchen N+F 124x120x40 mm (geschnitten)<\/font><br \/>\n<font size=\"2\">12 St\u00fcck Pl\u00e4ttchen 250x124x40 mm<br \/>\n1 Sack (20kg) Versetzm\u00f6rtel<br \/>\n1, m\u00b2 Isolierplatten 30 mm St\u00e4rke<\/font> (Seiten +&nbsp; R\u00fcckwand)<br \/>\n0,5 m\u00b2 Isolierplatte 8 mm Dicke (Boden)<\/p>\n<p style=\"color: rgb(51, 51, 51);\"><font size=\"3\" style=\"color: rgb(255, 0, 0); font-weight: bold;\">Die Preise verstehen sich einschlie\u00dflich 19 % MwSt und Verpackung.<\/font><br \/>\n<font size=\"3\" style=\"font-weight: bold; color: rgb(255, 0, 0);\">Die Lieferung erfolgt <span style=\"color: rgb(0, 0, 0); text-decoration: underline;\">frei Haus<\/span> (au\u00dferhalb Deutschland und Inseln auf Anfrage)<\/font><\/p>\n<p style=\"color: rgb(51, 51, 51);\"><font size=\"3\" style=\"color: rgb(255, 0, 0); font-weight: bold;\"><span style=\"background-color: rgb(51, 153, 102); color: rgb(0, 0, 0); font-style: italic;\">Sie sparen 23,40 \u20ac am Materialwert und die anfallenden<br \/>\nVersandkosten in H\u00f6he von bis zu 83,95 \u20ac<\/span><\/font><\/p>\n<p><font size=\"3\" style=\"text-decoration: underline;\"><span style=\"color: rgb(0, 0, 255);\">Die Brennkammerma\u00dfe k\u00f6nnen entweder bei Ihnen vor Ort mittels Steintrennmaschiene ver\u00e4ndert werden, oder wir schneiden die Steine bei uns im Hause auf Ihre Ma\u00dfe zurecht.<\/span><\/font><br \/>\n<font size=\"2\" style=\"text-decoration: underline; color: rgb(0, 0, 0);\">(Schneidekosten werden hier nicht berechnet)<\/font><\/p>\n<p style=\"color: rgb(51, 51, 51);\">&nbsp;<\/p>\n<p style=\"color: rgb(51, 51, 51);\"><font size=\"2\">Die Schamotte Nut und Federsteine haben eine maximale Anwendungstemperatur von 1360 \u00b0C.<\/font><font size=\"2\">&nbsp; <\/font><br \/>\n<font size=\"2\">Sie eignen sich sehr gut f\u00fcr Kamineins\u00e4tze, Kachel\u00f6fen, offene Feuerstellen und \u00fcberall dort wo hohe Temperaturen auftreten. <\/font><font size=\"2\">Durch die Nut und Feder erhalten die eine zus\u00e4tzlich Stabilit\u00e4t. Grunds\u00e4tzlich ist es m\u00f6glich die Steine ohne Kleber bzw. M\u00f6rtel aufzustellen&#8230;..dies h\u00e4ngt jedoch immer vom Verwendungszweck und der Gr\u00f6\u00dfe des Brennraum ab.<\/font><\/p>\n<p style=\"color: rgb(51, 51, 51);\"><font size=\"2\" style=\"color: rgb(51, 51, 51);\">Farbe: g<\/font><span style=\"color: rgb(51, 51, 51);\">elb bis br\u00e4unlich<\/span><\/p>\n<p><font size=\"2\"><em><font color=\"#333333\" size=\"2\"><span style=\"color: rgb(51, 51, 51);\">Die&nbsp;Steine k\u00f6nnen wir nach Ihren Ma\u00dfen zuschneiden. Jedoch&nbsp;sind Rundungen oder etwas dem Stein heraussschneiden, <\/span><u style=\"color: rgb(51, 51, 51);\">nicht m\u00f6glich<\/u><span style=\"color: rgb(51, 51, 51);\">!<\/span><\/font><\/em><\/p>\n<p><em><font color=\"#333333\" size=\"2\"><strong><u>Bei gr\u00f6\u00dferen St\u00fcckzahlen fragen Sie diese bitte per <a href=\"http:\/\/www.schmidt-feuerfest.de\/Easy4You\/content.php?link_id=159&amp;subcat=0\">e-mail<\/a> an, wir unterbreiten Ihnen gerne ein Angebot!<\/u><\/strong><\/font><\/em><\/font><\/p>\n<p>Kamin-Brennkammereinsatz  Gr\u00f6\u00dfe 2  Wandst\u00e4rke 40 mm N+F<\/p>\n","protected":false},"excerpt":{"rendered":"<p>Brennkammereinsatz aus Nut und Feder Steinen Gr\u00f6\u00dfe 2\/40 N+F Abmessungen: Breite 750 mm, Tiefe 500 mm, H\u00f6he 500 mm + 30 mm Isolierung Bestehend aus: 4 St\u00fcck Ecksteine links. 4 St\u00fcck Ecksteine rechts. 14 St\u00fcck Nut und Feder Platten 250x124x40 mm. 4 St\u00fcck Pl\u00e4ttchen N+F 124x120x40 mm (geschnitten) 12 St\u00fcck Pl\u00e4ttchen 250x124x40 mm 1 Sack [&hellip;]<\/p>\n","protected":false},"featured_media":6546,"comment_status":"closed","ping_status":"open","template":"","meta":{"_acf_changed":false},"product_safety_overall":[],"product_brand":[],"product_cat":[1942,1959,1960],"product_tag":[680],"class_list":{"0":"post-6547","1":"product","2":"type-product","3":"status-publish","4":"has-post-thumbnail","6":"product_cat-steine-massen-moertel","7":"product_cat-kamineinsaetze","8":"product_cat-kamineinsaetze-wandstaerke-40-mm","9":"product_tag-kamineinsatz-aus-schamotte","11":"first","12":"instock","13":"taxable","14":"shipping-taxable","15":"purchasable","16":"product-type-simple"},"acf":[],"_links":{"self":[{"href":"https:\/\/www.ras-feuerfest.de\/shop\/wp-json\/wp\/v2\/product\/6547","targetHints":{"allow":["GET"]}}],"collection":[{"href":"https:\/\/www.ras-feuerfest.de\/shop\/wp-json\/wp\/v2\/product"}],"about":[{"href":"https:\/\/www.ras-feuerfest.de\/shop\/wp-json\/wp\/v2\/types\/product"}],"replies":[{"embeddable":true,"href":"https:\/\/www.ras-feuerfest.de\/shop\/wp-json\/wp\/v2\/comments?post=6547"}],"wp:featuredmedia":[{"embeddable":true,"href":"https:\/\/www.ras-feuerfest.de\/shop\/wp-json\/wp\/v2\/media\/6546"}],"wp:attachment":[{"href":"https:\/\/www.ras-feuerfest.de\/shop\/wp-json\/wp\/v2\/media?parent=6547"}],"wp:term":[{"taxonomy":"product_safety_overall","embeddable":true,"href":"https:\/\/www.ras-feuerfest.de\/shop\/wp-json\/wp\/v2\/product_safety_overall?post=6547"},{"taxonomy":"product_brand","embeddable":true,"href":"https:\/\/www.ras-feuerfest.de\/shop\/wp-json\/wp\/v2\/product_brand?post=6547"},{"taxonomy":"product_cat","embeddable":true,"href":"https:\/\/www.ras-feuerfest.de\/shop\/wp-json\/wp\/v2\/product_cat?post=6547"},{"taxonomy":"product_tag","embeddable":true,"href":"https:\/\/www.ras-feuerfest.de\/shop\/wp-json\/wp\/v2\/product_tag?post=6547"}],"curies":[{"name":"wp","href":"https:\/\/api.w.org\/{rel}","templated":true}]}}