{"id":6549,"date":"2024-10-09T17:47:41","date_gmt":"2024-10-09T15:47:41","guid":{"rendered":"https:\/\/www.ras-feuerfest.de\/shop\/product\/kamin-brennkammereinsatz-mit-kaminhaube-groesse-1-wandstaerke-65-mm-nf\/"},"modified":"2024-10-10T13:43:50","modified_gmt":"2024-10-10T11:43:50","slug":"kamin-brennkammereinsatz-mit-kaminhaube-groesse-1-wandstaerke-65-mm-nf","status":"publish","type":"product","link":"https:\/\/www.ras-feuerfest.de\/shop\/produkt\/kamin-brennkammereinsatz-mit-kaminhaube-groesse-1-wandstaerke-65-mm-nf\/","title":{"rendered":"Kamin-Brennkammereinsatz  Mit Kaminhaube Gr\u00f6\u00dfe 1 Wandst\u00e4rke 65 mm N+F"},"content":{"rendered":"<p>Kamin-Brennkammereinsatz  Mit Kaminhaube Gr\u00f6\u00dfe 1 Wandst\u00e4rke 65 mm N+F<\/p>\n","protected":false},"excerpt":{"rendered":"<p>Kamin-Brennkammereinsatz Mit Kaminhaube Gr\u00f6\u00dfe 1 Wandst\u00e4rke 65 mm N+F<\/p>\n","protected":false},"featured_media":6550,"comment_status":"closed","ping_status":"open","template":"","meta":{"_acf_changed":false},"product_safety_overall":[],"product_brand":[],"product_cat":[1942,1959,1961],"product_tag":[668,680],"class_list":{"0":"post-6549","1":"product","2":"type-product","3":"status-publish","4":"has-post-thumbnail","6":"product_cat-steine-massen-moertel","7":"product_cat-kamineinsaetze","8":"product_cat-kamineinsaetze-wandstaerke-65-mw","9":"product_tag-kaminhaube","10":"product_tag-kamineinsatz-aus-schamotte","12":"first","13":"instock","14":"taxable","15":"shipping-taxable","16":"purchasable","17":"product-type-simple"},"acf":[],"_links":{"self":[{"href":"https:\/\/www.ras-feuerfest.de\/shop\/wp-json\/wp\/v2\/product\/6549","targetHints":{"allow":["GET"]}}],"collection":[{"href":"https:\/\/www.ras-feuerfest.de\/shop\/wp-json\/wp\/v2\/product"}],"about":[{"href":"https:\/\/www.ras-feuerfest.de\/shop\/wp-json\/wp\/v2\/types\/product"}],"replies":[{"embeddable":true,"href":"https:\/\/www.ras-feuerfest.de\/shop\/wp-json\/wp\/v2\/comments?post=6549"}],"wp:featuredmedia":[{"embeddable":true,"href":"https:\/\/www.ras-feuerfest.de\/shop\/wp-json\/wp\/v2\/media\/6550"}],"wp:attachment":[{"href":"https:\/\/www.ras-feuerfest.de\/shop\/wp-json\/wp\/v2\/media?parent=6549"}],"wp:term":[{"taxonomy":"product_safety_overall","embeddable":true,"href":"https:\/\/www.ras-feuerfest.de\/shop\/wp-json\/wp\/v2\/product_safety_overall?post=6549"},{"taxonomy":"product_brand","embeddable":true,"href":"https:\/\/www.ras-feuerfest.de\/shop\/wp-json\/wp\/v2\/product_brand?post=6549"},{"taxonomy":"product_cat","embeddable":true,"href":"https:\/\/www.ras-feuerfest.de\/shop\/wp-json\/wp\/v2\/product_cat?post=6549"},{"taxonomy":"product_tag","embeddable":true,"href":"https:\/\/www.ras-feuerfest.de\/shop\/wp-json\/wp\/v2\/product_tag?post=6549"}],"curies":[{"name":"wp","href":"https:\/\/api.w.org\/{rel}","templated":true}]}}