{"id":6551,"date":"2024-10-09T17:47:41","date_gmt":"2024-10-09T15:47:41","guid":{"rendered":"https:\/\/www.ras-feuerfest.de\/shop\/product\/kamin-brennkammereinsatz-mit-kaminhaube-sondergroesse-wandstaerke-65-mm-nf\/"},"modified":"2024-10-10T13:43:50","modified_gmt":"2024-10-10T11:43:50","slug":"kamin-brennkammereinsatz-mit-kaminhaube-sondergroesse-wandstaerke-65-mm-nf","status":"publish","type":"product","link":"https:\/\/www.ras-feuerfest.de\/shop\/produkt\/kamin-brennkammereinsatz-mit-kaminhaube-sondergroesse-wandstaerke-65-mm-nf\/","title":{"rendered":"Kamin-Brennkammereinsatz  Mit Kaminhaube SONDERGR\u00d6\u00dfE Wandst\u00e4rke 65 mm N+F"},"content":{"rendered":"<p style=\"color: rgb(51, 51, 51);\">\n\t<font size=\"2\">Sondergr\u00f6\u00dfe Brennkammereinsatz aus Nut und Feder Steinen<\/font><\/p>\n<p>\n\t&nbsp;<\/p>\n<p style=\"color: rgb(51, 51, 51);\">\n\t<font size=\"2\"><span style=\"text-decoration: underline;\"><span style=\"font-weight: bold;\"><span style=\"font-size: large;\"><span style=\"color: rgb(255, 0, 0);\">Bestellen Sie diesen Einsatz nur wenn Sie uns vorher kontakten und ein entsprechendes Angebot erhalten haben!<\/span><\/span><\/span><\/span><\/font><\/p>\n<p style=\"color: rgb(51, 51, 51);\">\n\t&nbsp;<\/p>\n<p>\n\t<font size=\"3\" style=\"text-decoration: underline;\"><span style=\"color: rgb(0, 0, 255);\">Die Brennkammerma\u00dfe k\u00f6nnen entweder bei Ihnen vor Ort mittels Steintrennmaschiene ver\u00e4ndert werden, oder wir schneiden die Steine bei uns im Hause auf Ihre Ma\u00dfe zurecht.<\/span><\/font><br \/>\n\t<font size=\"2\" style=\"text-decoration: underline; color: rgb(0, 0, 0);\">(Schneidekosten werden hier nicht berechnet)<\/font><\/p>\n<p><\/p>\n<p style=\"color: rgb(51, 51, 51);\">\n\t&nbsp;<\/p>\n<p style=\"color: rgb(51, 51, 51);\">\n\t<font size=\"2\">Die Schamotte Nut und Federsteine haben eine maximale Anwendungstemperatur von 1360 \u00b0C.<\/font><font size=\"2\">&nbsp; <\/font><br \/>\n\t<font size=\"2\"><\/font><font size=\"2\">Sie eignen sich sehr gut f\u00fcr Kamineins\u00e4tze, Kachel\u00f6fen, offene Feuerstellen und \u00fcberall dort wo hohe Temperaturen auftreten. <\/font><font size=\"2\">Durch die Nut und Feder erhalten die eine zus\u00e4tzlich Stabilit\u00e4t. Grunds\u00e4tzlich ist es m\u00f6glich die Steine ohne Kleber bzw. M\u00f6rtel aufzustellen&#8230;..dies h\u00e4ngt jedoch immer vom Verwendungszweck und der Gr\u00f6\u00dfe des Brennraum ab.<\/font><\/p>\n<p style=\"color: rgb(51, 51, 51);\">\n\t<font size=\"2\"><\/font><font size=\"2\" style=\"color: rgb(51, 51, 51);\">Farbe: g<\/font><span style=\"color: rgb(51, 51, 51);\">elb bis br\u00e4unlich<\/span><\/p>\n<p>\n\t<font size=\"2\"><em><font color=\"#333333\" size=\"2\"><span style=\"color: rgb(51, 51, 51);\">Die&nbsp;Steine k\u00f6nnen wir nach Ihren Ma\u00dfen zuschneiden. Jedoch&nbsp;sind Rundungen oder etwas dem Stein heraussschneiden, <\/span><u style=\"color: rgb(51, 51, 51);\">nicht m\u00f6glich<\/u><span style=\"color: rgb(51, 51, 51);\">!<\/span><\/font><\/em><\/font><br \/>\n\t&nbsp;<\/p>\n<p>Kamin-Brennkammereinsatz  Mit Kaminhaube SONDERGR\u00d6\u00dfE Wandst\u00e4rke 65 mm N+F<\/p>\n","protected":false},"excerpt":{"rendered":"<p>Sondergr\u00f6\u00dfe Brennkammereinsatz aus Nut und Feder Steinen &nbsp; Bestellen Sie diesen Einsatz nur wenn Sie uns vorher kontakten und ein entsprechendes Angebot erhalten haben! &nbsp; Die Brennkammerma\u00dfe k\u00f6nnen entweder bei Ihnen vor Ort mittels Steintrennmaschiene ver\u00e4ndert werden, oder wir schneiden die Steine bei uns im Hause auf Ihre Ma\u00dfe zurecht. (Schneidekosten werden hier nicht berechnet) [&hellip;]<\/p>\n","protected":false},"featured_media":6550,"comment_status":"closed","ping_status":"open","template":"","meta":{"_acf_changed":false},"product_safety_overall":[],"product_brand":[],"product_cat":[1942,1959,1961],"product_tag":[668,680],"class_list":{"0":"post-6551","1":"product","2":"type-product","3":"status-publish","4":"has-post-thumbnail","6":"product_cat-steine-massen-moertel","7":"product_cat-kamineinsaetze","8":"product_cat-kamineinsaetze-wandstaerke-65-mw","9":"product_tag-kaminhaube","10":"product_tag-kamineinsatz-aus-schamotte","12":"first","13":"instock","14":"taxable","15":"shipping-taxable","16":"purchasable","17":"product-type-simple"},"acf":[],"_links":{"self":[{"href":"https:\/\/www.ras-feuerfest.de\/shop\/wp-json\/wp\/v2\/product\/6551","targetHints":{"allow":["GET"]}}],"collection":[{"href":"https:\/\/www.ras-feuerfest.de\/shop\/wp-json\/wp\/v2\/product"}],"about":[{"href":"https:\/\/www.ras-feuerfest.de\/shop\/wp-json\/wp\/v2\/types\/product"}],"replies":[{"embeddable":true,"href":"https:\/\/www.ras-feuerfest.de\/shop\/wp-json\/wp\/v2\/comments?post=6551"}],"wp:featuredmedia":[{"embeddable":true,"href":"https:\/\/www.ras-feuerfest.de\/shop\/wp-json\/wp\/v2\/media\/6550"}],"wp:attachment":[{"href":"https:\/\/www.ras-feuerfest.de\/shop\/wp-json\/wp\/v2\/media?parent=6551"}],"wp:term":[{"taxonomy":"product_safety_overall","embeddable":true,"href":"https:\/\/www.ras-feuerfest.de\/shop\/wp-json\/wp\/v2\/product_safety_overall?post=6551"},{"taxonomy":"product_brand","embeddable":true,"href":"https:\/\/www.ras-feuerfest.de\/shop\/wp-json\/wp\/v2\/product_brand?post=6551"},{"taxonomy":"product_cat","embeddable":true,"href":"https:\/\/www.ras-feuerfest.de\/shop\/wp-json\/wp\/v2\/product_cat?post=6551"},{"taxonomy":"product_tag","embeddable":true,"href":"https:\/\/www.ras-feuerfest.de\/shop\/wp-json\/wp\/v2\/product_tag?post=6551"}],"curies":[{"name":"wp","href":"https:\/\/api.w.org\/{rel}","templated":true}]}}