{"id":6552,"date":"2024-10-09T17:47:41","date_gmt":"2024-10-09T15:47:41","guid":{"rendered":"https:\/\/www.ras-feuerfest.de\/shop\/product\/kamin-brennkammereinsatz-sondergroesse\/"},"modified":"2024-10-10T13:43:49","modified_gmt":"2024-10-10T11:43:49","slug":"kamin-brennkammereinsatz-sondergroesse","status":"publish","type":"product","link":"https:\/\/www.ras-feuerfest.de\/shop\/produkt\/kamin-brennkammereinsatz-sondergroesse\/","title":{"rendered":"Kamin-Brennkammereinsatz  Sondergr\u00f6\u00dfe"},"content":{"rendered":"<p>Kamin-Brennkammereinsatz  Sondergr\u00f6\u00dfe<\/p>\n","protected":false},"excerpt":{"rendered":"<p>Kamin-Brennkammereinsatz Sondergr\u00f6\u00dfe<\/p>\n","protected":false},"featured_media":6546,"comment_status":"closed","ping_status":"open","template":"","meta":{"_acf_changed":false},"product_safety_overall":[],"product_brand":[],"product_cat":[1942,1959,1960],"product_tag":[680],"class_list":{"0":"post-6552","1":"product","2":"type-product","3":"status-publish","4":"has-post-thumbnail","6":"product_cat-steine-massen-moertel","7":"product_cat-kamineinsaetze","8":"product_cat-kamineinsaetze-wandstaerke-40-mm","9":"product_tag-kamineinsatz-aus-schamotte","11":"first","12":"instock","13":"taxable","14":"shipping-taxable","15":"product-type-simple"},"acf":[],"_links":{"self":[{"href":"https:\/\/www.ras-feuerfest.de\/shop\/wp-json\/wp\/v2\/product\/6552","targetHints":{"allow":["GET"]}}],"collection":[{"href":"https:\/\/www.ras-feuerfest.de\/shop\/wp-json\/wp\/v2\/product"}],"about":[{"href":"https:\/\/www.ras-feuerfest.de\/shop\/wp-json\/wp\/v2\/types\/product"}],"replies":[{"embeddable":true,"href":"https:\/\/www.ras-feuerfest.de\/shop\/wp-json\/wp\/v2\/comments?post=6552"}],"wp:featuredmedia":[{"embeddable":true,"href":"https:\/\/www.ras-feuerfest.de\/shop\/wp-json\/wp\/v2\/media\/6546"}],"wp:attachment":[{"href":"https:\/\/www.ras-feuerfest.de\/shop\/wp-json\/wp\/v2\/media?parent=6552"}],"wp:term":[{"taxonomy":"product_safety_overall","embeddable":true,"href":"https:\/\/www.ras-feuerfest.de\/shop\/wp-json\/wp\/v2\/product_safety_overall?post=6552"},{"taxonomy":"product_brand","embeddable":true,"href":"https:\/\/www.ras-feuerfest.de\/shop\/wp-json\/wp\/v2\/product_brand?post=6552"},{"taxonomy":"product_cat","embeddable":true,"href":"https:\/\/www.ras-feuerfest.de\/shop\/wp-json\/wp\/v2\/product_cat?post=6552"},{"taxonomy":"product_tag","embeddable":true,"href":"https:\/\/www.ras-feuerfest.de\/shop\/wp-json\/wp\/v2\/product_tag?post=6552"}],"curies":[{"name":"wp","href":"https:\/\/api.w.org\/{rel}","templated":true}]}}