{"id":6559,"date":"2024-10-09T17:47:51","date_gmt":"2024-10-09T15:47:51","guid":{"rendered":"https:\/\/www.ras-feuerfest.de\/shop\/product\/schamotteplaettchen-a30t-nf2-50-250x124x40-mm\/"},"modified":"2024-10-10T13:44:10","modified_gmt":"2024-10-10T11:44:10","slug":"schamotteplaettchen-a30t-nf2-50-250x124x40-mm","status":"publish","type":"product","link":"https:\/\/www.ras-feuerfest.de\/shop\/produkt\/schamotteplaettchen-a30t-nf2-50-250x124x40-mm\/","title":{"rendered":"Schamottepl\u00e4ttchen A30t  NF2-50    250x124x50 mm"},"content":{"rendered":"<p><span style=\"font-size:14px;\"><font color=\"#333333\">Die Schamottepl\u00e4ttchen&nbsp;sind trockengepre\u00dft und&nbsp;haben eine maximale Anwendungstemperatur von 1380 \u00b0C.<\/font><font color=\"#333333\">&nbsp; <\/font><br \/>\n<font color=\"#333333\">Die&nbsp;Steine sind allseitig glatt.&nbsp;Sie eignen sich sehr gut f\u00fcr Kamine, Kachel\u00f6fen, Heizkessel, offene Feuerstellen, Grund\u00f6fen und \u00fcberall dort wo hohe Temperaturen auftreten. Die Steine sind sehr ma\u00dfhaltig und lassen sich daher auch&nbsp; mit einem feuerfesten Kleber FCA1550 (Farbe beige) oder FCA 1700 (Farbe antrahzit) im 1-2 mm Bereich verkleben.<br \/>\nWenn sie dickere Fugen w\u00fcnschen, nehmen Sie f\u00fcr geschlossene Feuerstellen bitte KERAMIX und bei Kaminen und sonstigen offenen Feuerstellen ECUSIT Fertigm\u00f6rtel.<\/font><\/span><\/p>\n<p><span style=\"font-size:14px;\"><font color=\"#333333\">Farbe der Schamottepl\u00e4ttchen:&nbsp;beige bis gelblich<\/font>&nbsp;&nbsp;&nbsp;&nbsp;<\/span><\/p>\n<p><span style=\"font-size:14px;\"><em><font color=\"#333333\">Die&nbsp;Steine k\u00f6nnen wir nach Ihren Ma\u00dfen zuschneiden. Jedoch&nbsp;sind Rundungen oder etwas dem Stein heraussschneiden, <u>nicht m\u00f6glich<\/u>!<\/font><\/em><\/span><\/p>\n<p>\n<font color=\"#333333\" face=\"Verdana\" size=\"2\"><span style=\"font-size:14px;\"><em><font color=\"#333333\"><strong><u>Bei gr\u00f6\u00dferen St\u00fcckzahlen fragen Sie diese bitte per <a href=\"http:\/\/www.schmidt-feuerfest.de\/Easy4You\/content.php?link_id=159&amp;subcat=0\">e-mail<\/a> an, wir unterbreiten Ihnen gerne ein Angebot!<\/u><\/strong><\/font><\/em><\/span><\/font><\/p>\n<p>Schamottepl\u00e4ttchen A30t  NF2-50    250x124x50 mm<\/p>\n","protected":false},"excerpt":{"rendered":"<p>Die Schamottepl\u00e4ttchen&nbsp;sind trockengepre\u00dft und&nbsp;haben eine maximale Anwendungstemperatur von 1380 \u00b0C.&nbsp; Die&nbsp;Steine sind allseitig glatt.&nbsp;Sie eignen sich sehr gut f\u00fcr Kamine, Kachel\u00f6fen, Heizkessel, offene Feuerstellen, Grund\u00f6fen und \u00fcberall dort wo hohe Temperaturen auftreten. Die Steine sind sehr ma\u00dfhaltig und lassen sich daher auch&nbsp; mit einem feuerfesten Kleber FCA1550 (Farbe beige) oder FCA 1700 (Farbe antrahzit) im [&hellip;]<\/p>\n","protected":false},"featured_media":6554,"comment_status":"closed","ping_status":"open","template":"","meta":{"_acf_changed":false},"product_safety_overall":[],"product_brand":[],"product_cat":[1942,1979,1991],"product_tag":[651,681,682,683,684],"class_list":{"0":"post-6559","1":"product","2":"type-product","3":"status-publish","4":"has-post-thumbnail","6":"product_cat-steine-massen-moertel","7":"product_cat-schamottesteine","8":"product_cat-schamottesteine-platten-250x124","9":"product_tag-schamottesteine","10":"product_tag-schamotte-normalsteine","11":"product_tag-schamotteplatten","12":"product_tag-feuerfeste-steine","13":"product_tag-feuerfeste-platten","15":"first","16":"instock","17":"taxable","18":"shipping-taxable","19":"purchasable","20":"product-type-simple"},"acf":[],"_links":{"self":[{"href":"https:\/\/www.ras-feuerfest.de\/shop\/wp-json\/wp\/v2\/product\/6559","targetHints":{"allow":["GET"]}}],"collection":[{"href":"https:\/\/www.ras-feuerfest.de\/shop\/wp-json\/wp\/v2\/product"}],"about":[{"href":"https:\/\/www.ras-feuerfest.de\/shop\/wp-json\/wp\/v2\/types\/product"}],"replies":[{"embeddable":true,"href":"https:\/\/www.ras-feuerfest.de\/shop\/wp-json\/wp\/v2\/comments?post=6559"}],"wp:featuredmedia":[{"embeddable":true,"href":"https:\/\/www.ras-feuerfest.de\/shop\/wp-json\/wp\/v2\/media\/6554"}],"wp:attachment":[{"href":"https:\/\/www.ras-feuerfest.de\/shop\/wp-json\/wp\/v2\/media?parent=6559"}],"wp:term":[{"taxonomy":"product_safety_overall","embeddable":true,"href":"https:\/\/www.ras-feuerfest.de\/shop\/wp-json\/wp\/v2\/product_safety_overall?post=6559"},{"taxonomy":"product_brand","embeddable":true,"href":"https:\/\/www.ras-feuerfest.de\/shop\/wp-json\/wp\/v2\/product_brand?post=6559"},{"taxonomy":"product_cat","embeddable":true,"href":"https:\/\/www.ras-feuerfest.de\/shop\/wp-json\/wp\/v2\/product_cat?post=6559"},{"taxonomy":"product_tag","embeddable":true,"href":"https:\/\/www.ras-feuerfest.de\/shop\/wp-json\/wp\/v2\/product_tag?post=6559"}],"curies":[{"name":"wp","href":"https:\/\/api.w.org\/{rel}","templated":true}]}}