{"id":6586,"date":"2024-10-09T17:47:51","date_gmt":"2024-10-09T15:47:51","guid":{"rendered":"https:\/\/www.ras-feuerfest.de\/shop\/product\/ecksteine-rechts-mit-nut-feder-300x150-150x65\/"},"modified":"2024-10-10T13:44:06","modified_gmt":"2024-10-10T11:44:06","slug":"ecksteine-rechts-mit-nut-feder-300x150-150x65","status":"publish","type":"product","link":"https:\/\/www.ras-feuerfest.de\/shop\/produkt\/ecksteine-rechts-mit-nut-feder-300x150-150x65\/","title":{"rendered":"Ecksteine rechts mit Nut + Feder 300&#215;150\/150&#215;65"},"content":{"rendered":"<p style=\"COLOR: rgb(51,51,51)\"><font color=\"#993300\" size=\"4\">Nut und Feder Eckstein, <strong><em><u>rechts<\/u><\/em><\/strong><\/font><\/p>\n<p style=\"COLOR: rgb(51,51,51)\"><font size=\"2\">Abmessungen: <\/font><br \/>\n<font size=\"2\">L\u00e4nge:&nbsp; langer Schenkel&nbsp; 300 mm lang<br \/>\n&nbsp;&nbsp;&nbsp;&nbsp;&nbsp;&nbsp;&nbsp;&nbsp;&nbsp;&nbsp;&nbsp;&nbsp;&nbsp;&nbsp; kurzer Schenkel&nbsp; 150 mm lang<br \/>\n&nbsp;&nbsp;&nbsp;&nbsp;&nbsp;&nbsp;&nbsp;&nbsp;&nbsp;&nbsp;&nbsp;&nbsp;&nbsp;&nbsp; H\u00f6he:&nbsp; 150 mm<br \/>\n&nbsp;&nbsp;&nbsp;&nbsp;&nbsp;&nbsp;&nbsp;&nbsp;&nbsp;&nbsp;&nbsp;&nbsp;&nbsp;&nbsp; Dicke :&nbsp;&nbsp;65 mm<\/font><\/p>\n<p style=\"COLOR: rgb(51,51,51)\"><font size=\"2\">Die Schamotte Nut und Federsteine haben eine maximale Anwendungstemperatur von 1360 \u00b0C.<\/font><font size=\"2\">&nbsp; <\/font><br \/>\n<font size=\"2\">Sie eignen sich sehr gut f\u00fcr Kamineins\u00e4tze, Kachel\u00f6fen, offene Feuerstellen und \u00fcberall dort wo hohe Temperaturen auftreten. Die Steine&nbsp; l assen sich daher auch&nbsp; mit einem feuerfesten Kleber FCA1550 (Farbe beige) oder FCA 1700 (Farbe antrahzit<\/font><font size=\"2\">) im 1-2 mm Bereich verkleben. Sie k\u00f6nnen die Steine auch mit dem Versetzm\u00f6rtel oder ECUSIT aufsetzen. Durch die Nut und Feder erhalten die eine zus\u00e4tzlich Stabilit\u00e4t. Grunds\u00e4tzlich ist es m\u00f6glich die Steine ohne Kleber bzw. M\u00f6rtel aufzustellen&#8230;..dies h\u00e4ngt jedoch immer vom Verwendungszweck und der Gr\u00f6\u00dfe des Brennraum ab.<\/font><\/p>\n<p style=\"COLOR: rgb(51,51,51)\"><font size=\"2\" style=\"COLOR: rgb(51,51,51)\">Farbe: g<\/font><span style=\"COLOR: rgb(51,51,51)\">elb bis br\u00e4unlich<\/span><\/p>\n<p><font size=\"2\"><em><font color=\"#333333\" size=\"2\"><span style=\"COLOR: rgb(51,51,51)\">Die&nbsp;Steine k\u00f6nnen wir nach Ihren Ma\u00dfen zuschneiden. Jedoch&nbsp;sind Rundungen oder etwas dem Stein heraussschneiden, <\/span><u style=\"COLOR: rgb(51,51,51)\">nicht m\u00f6glich<\/u><span style=\"COLOR: rgb(51,51,51)\">!<\/span><\/font><\/em><\/p>\n<p><em><font color=\"#333333\" size=\"2\"><strong><u>Bei gr\u00f6\u00dferen St\u00fcckzahlen fragen Sie diese bitte per <a href=\"http:\/\/www.schmidt-feuerfest.de\/Easy4You\/content.php?link_id=159&amp;subcat=0\">e-mail<\/a> an, wir unterbreiten Ihnen gerne ein Angebot!<\/u><\/strong><\/font><\/em><\/font><\/p>\n<p>Ecksteine rechts mit Nut + Feder 300&#215;150\/150&#215;65<\/p>\n","protected":false},"excerpt":{"rendered":"<p>Nut und Feder Eckstein, rechts Abmessungen: L\u00e4nge:&nbsp; langer Schenkel&nbsp; 300 mm lang &nbsp;&nbsp;&nbsp;&nbsp;&nbsp;&nbsp;&nbsp;&nbsp;&nbsp;&nbsp;&nbsp;&nbsp;&nbsp;&nbsp; kurzer Schenkel&nbsp; 150 mm lang &nbsp;&nbsp;&nbsp;&nbsp;&nbsp;&nbsp;&nbsp;&nbsp;&nbsp;&nbsp;&nbsp;&nbsp;&nbsp;&nbsp; H\u00f6he:&nbsp; 150 mm &nbsp;&nbsp;&nbsp;&nbsp;&nbsp;&nbsp;&nbsp;&nbsp;&nbsp;&nbsp;&nbsp;&nbsp;&nbsp;&nbsp; Dicke :&nbsp;&nbsp;65 mm Die Schamotte Nut und Federsteine haben eine maximale Anwendungstemperatur von 1360 \u00b0C.&nbsp; Sie eignen sich sehr gut f\u00fcr Kamineins\u00e4tze, Kachel\u00f6fen, offene Feuerstellen und \u00fcberall dort wo hohe Temperaturen auftreten. [&hellip;]<\/p>\n","protected":false},"featured_media":6587,"comment_status":"closed","ping_status":"open","template":"","meta":{"_acf_changed":false},"product_safety_overall":[],"product_brand":[],"product_cat":[1942,1979,1986],"product_tag":[651,687,688],"class_list":{"0":"post-6586","1":"product","2":"type-product","3":"status-publish","4":"has-post-thumbnail","6":"product_cat-steine-massen-moertel","7":"product_cat-schamottesteine","8":"product_cat-schamottesteine-nut-und-feder","9":"product_tag-schamottesteine","10":"product_tag-nut-und-feder-steine-mit-ecken","11":"product_tag-feuerfeste-ecksteine","13":"first","14":"instock","15":"taxable","16":"shipping-taxable","17":"purchasable","18":"product-type-simple"},"acf":[],"_links":{"self":[{"href":"https:\/\/www.ras-feuerfest.de\/shop\/wp-json\/wp\/v2\/product\/6586","targetHints":{"allow":["GET"]}}],"collection":[{"href":"https:\/\/www.ras-feuerfest.de\/shop\/wp-json\/wp\/v2\/product"}],"about":[{"href":"https:\/\/www.ras-feuerfest.de\/shop\/wp-json\/wp\/v2\/types\/product"}],"replies":[{"embeddable":true,"href":"https:\/\/www.ras-feuerfest.de\/shop\/wp-json\/wp\/v2\/comments?post=6586"}],"wp:featuredmedia":[{"embeddable":true,"href":"https:\/\/www.ras-feuerfest.de\/shop\/wp-json\/wp\/v2\/media\/6587"}],"wp:attachment":[{"href":"https:\/\/www.ras-feuerfest.de\/shop\/wp-json\/wp\/v2\/media?parent=6586"}],"wp:term":[{"taxonomy":"product_safety_overall","embeddable":true,"href":"https:\/\/www.ras-feuerfest.de\/shop\/wp-json\/wp\/v2\/product_safety_overall?post=6586"},{"taxonomy":"product_brand","embeddable":true,"href":"https:\/\/www.ras-feuerfest.de\/shop\/wp-json\/wp\/v2\/product_brand?post=6586"},{"taxonomy":"product_cat","embeddable":true,"href":"https:\/\/www.ras-feuerfest.de\/shop\/wp-json\/wp\/v2\/product_cat?post=6586"},{"taxonomy":"product_tag","embeddable":true,"href":"https:\/\/www.ras-feuerfest.de\/shop\/wp-json\/wp\/v2\/product_tag?post=6586"}],"curies":[{"name":"wp","href":"https:\/\/api.w.org\/{rel}","templated":true}]}}