{"id":6597,"date":"2024-10-09T17:48:01","date_gmt":"2024-10-09T15:48:01","guid":{"rendered":"https:\/\/www.ras-feuerfest.de\/shop\/product\/normalsteine-nf2-a45te-250x124x64-mm\/"},"modified":"2024-10-10T13:44:04","modified_gmt":"2024-10-10T11:44:04","slug":"normalsteine-nf2-a45te-250x124x64-mm","status":"publish","type":"product","link":"https:\/\/www.ras-feuerfest.de\/shop\/produkt\/normalsteine-nf2-a45te-250x124x64-mm\/","title":{"rendered":"Normalsteine NF2 A40t   250x124x64 mm"},"content":{"rendered":"<p><span style=\"font-size:14px;\"><font color=\"#333333\">Die Schamotte Normalsteine&nbsp;sind trockengepre\u00dft und&nbsp;haben eine maximale Anwendungstemperatur von 1480 \u00b0C.&nbsp; <\/font><br \/>\n<font color=\"#333333\">Die&nbsp;Steine sind allseitig glatt.&nbsp; Die Eisenarme Qualit\u00e4t ist bestens geeignet f\u00fcr reduzierende Atmosph\u00e4ren.<br \/>\nDurch die sehr hohe Rohdichte&nbsp; ein sehr guter W\u00e4rmespeicher<\/font><\/span><\/p>\n<p><u><span style=\"font-size:14px;\">Qualit\u00e4t: A40t<\/span><\/u><\/p>\n<p><span style=\"font-size:14px;\"><font color=\"#333333\"><span style=\"color: rgb(51, 51, 51);\">Als Kleber eignet sich bestens&nbsp; FCA1700<\/span> <\/font><\/span><\/p>\n<p><span style=\"font-size:14px;\"><font color=\"#333333\"><span style=\"color: rgb(51, 51, 51);\"><font size=\"3\"><u>Anwendungsm\u00f6glichkeiten:<\/u><br \/>\nVerbrennungsanlagen, W\u00e4rmebehandlungs\u00f6fen, Glas\u00f6fen, Holz-Vergaseranlagen,<br \/>\nsowie in allen Verbrennungsanlagen wo hohe Temperaturen anfallen und eine gute Wechselbest\u00e4ndig erforderlich ist.<\/font><\/span><\/font><\/span><\/p>\n<p><span style=\"font-size:14px;\"><font color=\"#333333\">Farbe der Normalsteine: hell-braun<\/font> &nbsp;&nbsp;&nbsp; <\/span><\/p>\n<p><span style=\"font-size:14px;\"><font color=\"#333333\"><em><font color=\"#333333\">Die&nbsp;Steine k\u00f6nnen wir nach Ihren Ma\u00dfen zuschneiden. Jedoch&nbsp;sind Rundungen oder etwas dem Stein heraussschneiden, <u>nicht m\u00f6glich<\/u>!<\/font><\/em><\/font><\/span><\/p>\n<h3><span style=\"color:#329535;\"><font face=\"Verdana\" size=\"2\"><em><font size=\"4\"><em><font size=\"2\"><strong><u>Bei gr\u00f6\u00dferen St\u00fcckzahlen fragen Sie diese bitte per <a href=\"http:\/\/www.schmidt-feuerfest.de\/Easy4You\/content.php?link_id=159&amp;subcat=0\">e-mail<\/a> an, <\/u><\/strong><\/font><\/em><\/font><\/em><\/font><\/span><\/h3>\n<h3><span style=\"color:#329535;\"><font face=\"Verdana\" size=\"2\"><em><font size=\"4\"><em><font size=\"2\"><strong><u>wir unterbreiten Ihnen gerne ein Angebot!<\/u><\/strong><\/font><\/em><\/font><\/em><\/font><\/span><\/h3>\n<p><font color=\"#333333\" face=\"Verdana\" size=\"2\"><em><font color=\"#333333\" size=\"4\">&nbsp;<\/font><\/em><\/font><\/p>\n<p>&nbsp;<\/p>\n<p>Normalsteine NF2 A40t   250x124x64 mm<\/p>\n","protected":false},"excerpt":{"rendered":"<p>Die Schamotte Normalsteine&nbsp;sind trockengepre\u00dft und&nbsp;haben eine maximale Anwendungstemperatur von 1480 \u00b0C.&nbsp; Die&nbsp;Steine sind allseitig glatt.&nbsp; Die Eisenarme Qualit\u00e4t ist bestens geeignet f\u00fcr reduzierende Atmosph\u00e4ren. Durch die sehr hohe Rohdichte&nbsp; ein sehr guter W\u00e4rmespeicher Qualit\u00e4t: A40t Als Kleber eignet sich bestens&nbsp; FCA1700 Anwendungsm\u00f6glichkeiten: Verbrennungsanlagen, W\u00e4rmebehandlungs\u00f6fen, Glas\u00f6fen, Holz-Vergaseranlagen, sowie in allen Verbrennungsanlagen wo hohe Temperaturen anfallen und [&hellip;]<\/p>\n","protected":false},"featured_media":6598,"comment_status":"closed","ping_status":"open","template":"","meta":{"_acf_changed":false},"product_safety_overall":[],"product_brand":[],"product_cat":[1942,1979,1982,1984],"product_tag":[651,681,682,683,684],"class_list":{"0":"post-6597","1":"product","2":"type-product","3":"status-publish","4":"has-post-thumbnail","6":"product_cat-steine-massen-moertel","7":"product_cat-schamottesteine","8":"product_cat-schamottesteine-normalsteine","9":"product_cat-schamottesteine-normalsteine-normalsteine-nf2","10":"product_tag-schamottesteine","11":"product_tag-schamotte-normalsteine","12":"product_tag-schamotteplatten","13":"product_tag-feuerfeste-steine","14":"product_tag-feuerfeste-platten","16":"first","17":"instock","18":"taxable","19":"shipping-taxable","20":"purchasable","21":"product-type-simple"},"acf":[],"_links":{"self":[{"href":"https:\/\/www.ras-feuerfest.de\/shop\/wp-json\/wp\/v2\/product\/6597","targetHints":{"allow":["GET"]}}],"collection":[{"href":"https:\/\/www.ras-feuerfest.de\/shop\/wp-json\/wp\/v2\/product"}],"about":[{"href":"https:\/\/www.ras-feuerfest.de\/shop\/wp-json\/wp\/v2\/types\/product"}],"replies":[{"embeddable":true,"href":"https:\/\/www.ras-feuerfest.de\/shop\/wp-json\/wp\/v2\/comments?post=6597"}],"wp:featuredmedia":[{"embeddable":true,"href":"https:\/\/www.ras-feuerfest.de\/shop\/wp-json\/wp\/v2\/media\/6598"}],"wp:attachment":[{"href":"https:\/\/www.ras-feuerfest.de\/shop\/wp-json\/wp\/v2\/media?parent=6597"}],"wp:term":[{"taxonomy":"product_safety_overall","embeddable":true,"href":"https:\/\/www.ras-feuerfest.de\/shop\/wp-json\/wp\/v2\/product_safety_overall?post=6597"},{"taxonomy":"product_brand","embeddable":true,"href":"https:\/\/www.ras-feuerfest.de\/shop\/wp-json\/wp\/v2\/product_brand?post=6597"},{"taxonomy":"product_cat","embeddable":true,"href":"https:\/\/www.ras-feuerfest.de\/shop\/wp-json\/wp\/v2\/product_cat?post=6597"},{"taxonomy":"product_tag","embeddable":true,"href":"https:\/\/www.ras-feuerfest.de\/shop\/wp-json\/wp\/v2\/product_tag?post=6597"}],"curies":[{"name":"wp","href":"https:\/\/api.w.org\/{rel}","templated":true}]}}