{"id":6599,"date":"2024-10-09T17:48:01","date_gmt":"2024-10-09T15:48:01","guid":{"rendered":"https:\/\/www.ras-feuerfest.de\/shop\/product\/halbwoelber-2h10-a40t-250x124x69-59-mm\/"},"modified":"2024-10-10T13:44:05","modified_gmt":"2024-10-10T11:44:05","slug":"halbwoelber-2h10-a40t-250x124x69-59-mm","status":"publish","type":"product","link":"https:\/\/www.ras-feuerfest.de\/shop\/produkt\/halbwoelber-2h10-a40t-250x124x69-59-mm\/","title":{"rendered":"Halbw\u00f6lber 2H10 A40t  250x124x69\/59 mm"},"content":{"rendered":"<p><span style=\"font-size:14px;\"><font color=\"#333333\">Die Schamottehalbw\u00f6lber sind trocken gepre\u00dft und haben eine maximale Anwendungstemperatur von&nbsp;1<\/font><font face=\"Verdana\">4<\/font><font face=\"Verdana\">8<\/font>0 \u00b0 C.&nbsp;<br \/>\n<font color=\"#333333\">Die Steine sind allseitig glatt .&nbsp; Sie eignen sich hervorragend um Backgew\u00f6lbe (Tunnel) zu erstellen<\/font><\/span><\/p>\n<p><span style=\"font-size:14px;\"><font color=\"#000000\"><em>Sie k\u00f6nnen die Steine kleben oder mit M\u00f6rtel setzen.<\/em><\/font><\/span><br \/>\n<span style=\"font-size:14px;\"><font color=\"#000000\"><em>Als Kleber empfehlen wir FCA 1700.<br \/>\nWenn Sie lieber M\u00f6rtel verwenden wollen neh<font face=\"Verdana\">men Sie <\/font>CHERASIT<\/em><\/font><\/span><br \/>\n<span style=\"font-size:14px;\"><font color=\"#000000\"><em>oder Keramix 1500 0-1.<\/em><\/font><\/span><\/p>\n<h3>\n<span style=\"color:#329535;\"><font face=\"Verdana\" size=\"2\"><em><font size=\"4\"><em><font size=\"2\"><strong><u>Bei gr\u00f6\u00dferen St\u00fcckzahlen fragen Sie diese bitte per <a href=\"http:\/\/www.schmidt-feuerfest.de\/Easy4You\/content.php?link_id=159&amp;subcat=0\">e-mail<\/a> an, <\/u><\/strong><\/font><\/em><\/font><\/em><\/font><\/span><\/h3>\n<h3><span style=\"color:#329535;\"><font face=\"Verdana\" size=\"2\"><em><font size=\"4\"><em><font size=\"2\"><strong><u>wir unterbreiten Ihnen gerne ein Angebot!<\/u><\/strong><\/font><\/em><\/font><\/em><\/font><\/span><\/h3>\n<p><font color=\"#333333\" face=\"Verdana\" size=\"2\"><em><font color=\"#333333\" size=\"4\">&nbsp;8<\/font><\/em><\/font><\/p>\n<p>Halbw\u00f6lber 2H10 A40t  250x124x69\/59 mm<\/p>\n","protected":false},"excerpt":{"rendered":"<p>Die Schamottehalbw\u00f6lber sind trocken gepre\u00dft und haben eine maximale Anwendungstemperatur von&nbsp;1480 \u00b0 C.&nbsp; Die Steine sind allseitig glatt .&nbsp; Sie eignen sich hervorragend um Backgew\u00f6lbe (Tunnel) zu erstellen Sie k\u00f6nnen die Steine kleben oder mit M\u00f6rtel setzen. Als Kleber empfehlen wir FCA 1700. Wenn Sie lieber M\u00f6rtel verwenden wollen nehmen Sie CHERASIT oder Keramix 1500 [&hellip;]<\/p>\n","protected":false},"featured_media":6600,"comment_status":"closed","ping_status":"open","template":"","meta":{"_acf_changed":false},"product_safety_overall":[],"product_brand":[],"product_cat":[1942,1979,1982,1985],"product_tag":[651,681,682,683,684],"class_list":{"0":"post-6599","1":"product","2":"type-product","3":"status-publish","4":"has-post-thumbnail","6":"product_cat-steine-massen-moertel","7":"product_cat-schamottesteine","8":"product_cat-schamottesteine-normalsteine","9":"product_cat-schamottesteine-normalsteine-halbwoelber-und-widerlager","10":"product_tag-schamottesteine","11":"product_tag-schamotte-normalsteine","12":"product_tag-schamotteplatten","13":"product_tag-feuerfeste-steine","14":"product_tag-feuerfeste-platten","16":"first","17":"instock","18":"taxable","19":"shipping-taxable","20":"purchasable","21":"product-type-simple"},"acf":[],"_links":{"self":[{"href":"https:\/\/www.ras-feuerfest.de\/shop\/wp-json\/wp\/v2\/product\/6599","targetHints":{"allow":["GET"]}}],"collection":[{"href":"https:\/\/www.ras-feuerfest.de\/shop\/wp-json\/wp\/v2\/product"}],"about":[{"href":"https:\/\/www.ras-feuerfest.de\/shop\/wp-json\/wp\/v2\/types\/product"}],"replies":[{"embeddable":true,"href":"https:\/\/www.ras-feuerfest.de\/shop\/wp-json\/wp\/v2\/comments?post=6599"}],"wp:featuredmedia":[{"embeddable":true,"href":"https:\/\/www.ras-feuerfest.de\/shop\/wp-json\/wp\/v2\/media\/6600"}],"wp:attachment":[{"href":"https:\/\/www.ras-feuerfest.de\/shop\/wp-json\/wp\/v2\/media?parent=6599"}],"wp:term":[{"taxonomy":"product_safety_overall","embeddable":true,"href":"https:\/\/www.ras-feuerfest.de\/shop\/wp-json\/wp\/v2\/product_safety_overall?post=6599"},{"taxonomy":"product_brand","embeddable":true,"href":"https:\/\/www.ras-feuerfest.de\/shop\/wp-json\/wp\/v2\/product_brand?post=6599"},{"taxonomy":"product_cat","embeddable":true,"href":"https:\/\/www.ras-feuerfest.de\/shop\/wp-json\/wp\/v2\/product_cat?post=6599"},{"taxonomy":"product_tag","embeddable":true,"href":"https:\/\/www.ras-feuerfest.de\/shop\/wp-json\/wp\/v2\/product_tag?post=6599"}],"curies":[{"name":"wp","href":"https:\/\/api.w.org\/{rel}","templated":true}]}}