{"id":6603,"date":"2024-10-09T17:48:01","date_gmt":"2024-10-09T15:48:01","guid":{"rendered":"https:\/\/www.ras-feuerfest.de\/shop\/product\/normalsteine-nf1-a40t-230x114x64-mm\/"},"modified":"2024-10-10T13:44:03","modified_gmt":"2024-10-10T11:44:03","slug":"normalsteine-nf1-a40t-230x114x64-mm","status":"publish","type":"product","link":"https:\/\/www.ras-feuerfest.de\/shop\/produkt\/normalsteine-nf1-a40t-230x114x64-mm\/","title":{"rendered":"Normalsteine NF1 A40t   230x114x64 mm"},"content":{"rendered":"<p><span style=\"font-size:14px;\"><font color=\"#333333\">Die Schamotte Normalsteine&nbsp;sind trockengepre\u00dft und&nbsp;haben eine maximale Anwendungstemperatur von 1480 \u00b0C.&nbsp; <\/font><br \/>\n<font color=\"#333333\">Die&nbsp;Steine sind allseitig glatt.&nbsp;Sie eignen sich sehr gut f\u00fcr Kamine, Kachel\u00f6fen, Heizkessel, offene Feuerstellen, Grund\u00f6fen und \u00fcberall dort wo hohe Temperaturen auftreten.&nbsp;<\/font><\/span><\/p>\n<p><span style=\"font-size:14px;\"><font color=\"#333333\"><span style=\"color: rgb(51, 51, 51);\">Bei Temperaturen \u00fcber 1400 sollten Sie FCA 1700 als Feuerkitt verwenden, dieser wird mit dem Zahnspachtel aufgetragen!<\/span> <\/font><\/span><\/p>\n<p><span style=\"font-size:14px;\"><font color=\"#333333\">Farbe der Normalsteine:&nbsp;beige&nbsp;<\/font>&nbsp;&nbsp;&nbsp;&nbsp; <\/span><\/p>\n<p><span style=\"font-size:14px;\"><font color=\"#333333\"><em><font color=\"#333333\">Die&nbsp;Steine k\u00f6nnen wir nach Ihren Ma\u00dfen zuschneiden. Jedoch&nbsp;sind Rundungen oder etwas dem Stein heraussschneiden, <u>nicht m\u00f6glich<\/u>!<\/font><\/em><\/font><\/span><\/p>\n<h3>\n<span style=\"color:#329535;\"><font face=\"Verdana\" size=\"2\"><em><font size=\"4\"><em><font size=\"2\"><strong><u>Bei gr\u00f6\u00dferen St\u00fcckzahlen fragen Sie diese bitte per <a href=\"http:\/\/www.schmidt-feuerfest.de\/Easy4You\/content.php?link_id=159&amp;subcat=0\">e-mail<\/a> an, <\/u><\/strong><\/font><\/em><\/font><\/em><\/font><\/span><\/h3>\n<h3><span style=\"color:#329535;\"><font face=\"Verdana\" size=\"2\"><em><font size=\"4\"><em><font size=\"2\"><strong><u>wir unterbreiten Ihnen gerne ein Angebot!<\/u><\/strong><\/font><\/em><\/font><\/em><\/font><\/span><\/h3>\n<p><font color=\"#333333\" face=\"Verdana\" size=\"2\"><em><font color=\"#333333\" size=\"4\">&nbsp;<\/font><\/em><\/font><\/p>\n<p>&nbsp;<\/p>\n<p>Normalsteine NF1 A40t   230x114x64 mm<\/p>\n","protected":false},"excerpt":{"rendered":"<p>Die Schamotte Normalsteine&nbsp;sind trockengepre\u00dft und&nbsp;haben eine maximale Anwendungstemperatur von 1480 \u00b0C.&nbsp; Die&nbsp;Steine sind allseitig glatt.&nbsp;Sie eignen sich sehr gut f\u00fcr Kamine, Kachel\u00f6fen, Heizkessel, offene Feuerstellen, Grund\u00f6fen und \u00fcberall dort wo hohe Temperaturen auftreten.&nbsp; Bei Temperaturen \u00fcber 1400 sollten Sie FCA 1700 als Feuerkitt verwenden, dieser wird mit dem Zahnspachtel aufgetragen! Farbe der Normalsteine:&nbsp;beige&nbsp;&nbsp;&nbsp;&nbsp;&nbsp; Die&nbsp;Steine k\u00f6nnen [&hellip;]<\/p>\n","protected":false},"featured_media":6598,"comment_status":"closed","ping_status":"open","template":"","meta":{"_acf_changed":false},"product_safety_overall":[],"product_brand":[],"product_cat":[1942,1979,1982,1983],"product_tag":[651,681,683],"class_list":{"0":"post-6603","1":"product","2":"type-product","3":"status-publish","4":"has-post-thumbnail","6":"product_cat-steine-massen-moertel","7":"product_cat-schamottesteine","8":"product_cat-schamottesteine-normalsteine","9":"product_cat-schamottesteine-normalsteine-normalstein-nf1","10":"product_tag-schamottesteine","11":"product_tag-schamotte-normalsteine","12":"product_tag-feuerfeste-steine","14":"first","15":"instock","16":"taxable","17":"shipping-taxable","18":"purchasable","19":"product-type-simple"},"acf":[],"_links":{"self":[{"href":"https:\/\/www.ras-feuerfest.de\/shop\/wp-json\/wp\/v2\/product\/6603","targetHints":{"allow":["GET"]}}],"collection":[{"href":"https:\/\/www.ras-feuerfest.de\/shop\/wp-json\/wp\/v2\/product"}],"about":[{"href":"https:\/\/www.ras-feuerfest.de\/shop\/wp-json\/wp\/v2\/types\/product"}],"replies":[{"embeddable":true,"href":"https:\/\/www.ras-feuerfest.de\/shop\/wp-json\/wp\/v2\/comments?post=6603"}],"wp:featuredmedia":[{"embeddable":true,"href":"https:\/\/www.ras-feuerfest.de\/shop\/wp-json\/wp\/v2\/media\/6598"}],"wp:attachment":[{"href":"https:\/\/www.ras-feuerfest.de\/shop\/wp-json\/wp\/v2\/media?parent=6603"}],"wp:term":[{"taxonomy":"product_safety_overall","embeddable":true,"href":"https:\/\/www.ras-feuerfest.de\/shop\/wp-json\/wp\/v2\/product_safety_overall?post=6603"},{"taxonomy":"product_brand","embeddable":true,"href":"https:\/\/www.ras-feuerfest.de\/shop\/wp-json\/wp\/v2\/product_brand?post=6603"},{"taxonomy":"product_cat","embeddable":true,"href":"https:\/\/www.ras-feuerfest.de\/shop\/wp-json\/wp\/v2\/product_cat?post=6603"},{"taxonomy":"product_tag","embeddable":true,"href":"https:\/\/www.ras-feuerfest.de\/shop\/wp-json\/wp\/v2\/product_tag?post=6603"}],"curies":[{"name":"wp","href":"https:\/\/api.w.org\/{rel}","templated":true}]}}