{"id":6607,"date":"2024-10-09T17:48:01","date_gmt":"2024-10-09T15:48:01","guid":{"rendered":"https:\/\/www.ras-feuerfest.de\/shop\/product\/schamotteplatte-p2-64-s60-625x500x64-mm\/"},"modified":"2024-10-10T13:44:29","modified_gmt":"2024-10-10T11:44:29","slug":"schamotteplatte-p2-64-s60-625x500x64-mm","status":"publish","type":"product","link":"https:\/\/www.ras-feuerfest.de\/shop\/produkt\/schamotteplatte-p2-64-s60-625x500x64-mm\/","title":{"rendered":"Schamotteplatte P2-6.4   S60  625x500x64 mm"},"content":{"rendered":"<p>\n\t<span style=\"font-size:14px;\"><font color=\"#333333\">Diese Platten sind aus Silimanit\/Andalusit, im&nbsp;trocken pre\u00df verfahrenund hergestellt.&nbsp;Die maximale Anwendungstemperatur&nbsp;betr\u00e4gt 1650 \u00b0C.<\/font><font color=\"#333333\">&nbsp;<br \/>\n\tSilimanitplatten haben einen sehr hohe Rohdichte und daher eine sehr hohe Speicherf\u00e4hikeit.<\/font><br \/>\n\t<font color=\"#333333\">Dieses Material ist eisenarm und hat eine hervorragende Temperaturwechselbest\u00e4ndigkeit.&nbsp;Es eignet sich<br \/>\n\tdaher sehr gut bei reduzierender Atmosph\u00e4re, z.B. in der Holzvergasung, etc.<\/font><br \/>\n\t<font color=\"#333333\">Die Platten sind allseitig glatt&#8230;..<\/font><\/span><\/p>\n<p>\n\t<span style=\"font-size:14px;\"><font color=\"#333333\">Farbe:&nbsp;beige bis leicht br\u00e4unlich<\/font>&nbsp;&nbsp;&nbsp; <\/span><\/p>\n<p>\n\t<span style=\"font-size:14px;\"><font color=\"#333333\"><em><font color=\"#333333\">Die Platten k\u00f6nnen wir nach Ihren Ma\u00dfen zuschneiden. Jedoch&nbsp;sind Rundungen oder etwas der Platte heraussschneiden, <u>nicht m\u00f6glich<\/u>!<\/font><\/em><\/font><\/span><\/p>\n<p>\n\t&nbsp;<\/p>\n<p>\n\t<font color=\"#333333\" size=\"2\"><em><font color=\"#333333\" size=\"2\"><span style=\"COLOR: rgb(255,0,0); TEXT-DECORATION: underline\"><em><strong><font color=\"#3366ff\" size=\"3\"><span style=\"color: rgb(255, 0, 0);\">Diese Platten k\u00f6nnen aufgrund des St\u00fcck<span style=\"color:red;\">g<\/span>ewicht von rund 51 kg nicht durch Paketdienst versendet werden&#8230;&#8230;&#8230;Frachtpreis bitte erfragen!<\/span><\/font><\/strong><\/em><\/span><\/font><\/em><\/font><\/p>\n<p>\n\t<u><strong><font color=\"#333333\" size=\"2\">Abmessungen: 625x500x64 mm<\/font><\/strong><\/u><\/p>\n<p>Schamotteplatte P2-6.4   S60  625x500x64 mm<\/p>\n","protected":false},"excerpt":{"rendered":"<p>Diese Platten sind aus Silimanit\/Andalusit, im&nbsp;trocken pre\u00df verfahrenund hergestellt.&nbsp;Die maximale Anwendungstemperatur&nbsp;betr\u00e4gt 1650 \u00b0C.&nbsp; Silimanitplatten haben einen sehr hohe Rohdichte und daher eine sehr hohe Speicherf\u00e4hikeit. Dieses Material ist eisenarm und hat eine hervorragende Temperaturwechselbest\u00e4ndigkeit.&nbsp;Es eignet sich daher sehr gut bei reduzierender Atmosph\u00e4re, z.B. in der Holzvergasung, etc. Die Platten sind allseitig glatt&#8230;.. Farbe:&nbsp;beige bis leicht [&hellip;]<\/p>\n","protected":false},"featured_media":7666,"comment_status":"closed","ping_status":"open","template":"","meta":{"_acf_changed":false},"product_safety_overall":[],"product_brand":[],"product_cat":[1942,1979,2005],"product_tag":[651,681,682,683,684],"class_list":{"0":"post-6607","1":"product","2":"type-product","3":"status-publish","4":"has-post-thumbnail","6":"product_cat-steine-massen-moertel","7":"product_cat-schamottesteine","8":"product_cat-schamottesteine-platten-625x500","9":"product_tag-schamottesteine","10":"product_tag-schamotte-normalsteine","11":"product_tag-schamotteplatten","12":"product_tag-feuerfeste-steine","13":"product_tag-feuerfeste-platten","15":"first","16":"instock","17":"taxable","18":"shipping-taxable","19":"purchasable","20":"product-type-simple"},"acf":[],"_links":{"self":[{"href":"https:\/\/www.ras-feuerfest.de\/shop\/wp-json\/wp\/v2\/product\/6607","targetHints":{"allow":["GET"]}}],"collection":[{"href":"https:\/\/www.ras-feuerfest.de\/shop\/wp-json\/wp\/v2\/product"}],"about":[{"href":"https:\/\/www.ras-feuerfest.de\/shop\/wp-json\/wp\/v2\/types\/product"}],"replies":[{"embeddable":true,"href":"https:\/\/www.ras-feuerfest.de\/shop\/wp-json\/wp\/v2\/comments?post=6607"}],"wp:featuredmedia":[{"embeddable":true,"href":"https:\/\/www.ras-feuerfest.de\/shop\/wp-json\/wp\/v2\/media\/7666"}],"wp:attachment":[{"href":"https:\/\/www.ras-feuerfest.de\/shop\/wp-json\/wp\/v2\/media?parent=6607"}],"wp:term":[{"taxonomy":"product_safety_overall","embeddable":true,"href":"https:\/\/www.ras-feuerfest.de\/shop\/wp-json\/wp\/v2\/product_safety_overall?post=6607"},{"taxonomy":"product_brand","embeddable":true,"href":"https:\/\/www.ras-feuerfest.de\/shop\/wp-json\/wp\/v2\/product_brand?post=6607"},{"taxonomy":"product_cat","embeddable":true,"href":"https:\/\/www.ras-feuerfest.de\/shop\/wp-json\/wp\/v2\/product_cat?post=6607"},{"taxonomy":"product_tag","embeddable":true,"href":"https:\/\/www.ras-feuerfest.de\/shop\/wp-json\/wp\/v2\/product_tag?post=6607"}],"curies":[{"name":"wp","href":"https:\/\/api.w.org\/{rel}","templated":true}]}}