{"id":6617,"date":"2024-10-09T17:48:01","date_gmt":"2024-10-09T15:48:01","guid":{"rendered":"https:\/\/www.ras-feuerfest.de\/shop\/product\/kaminriemchen-kr-64-250x60x64-mm\/"},"modified":"2024-10-10T13:44:03","modified_gmt":"2024-10-10T11:44:03","slug":"kaminriemchen-kr-64-250x60x64-mm","status":"publish","type":"product","link":"https:\/\/www.ras-feuerfest.de\/shop\/produkt\/kaminriemchen-kr-64-250x60x64-mm\/","title":{"rendered":"Kaminriemchen KR 64     250x60x64 mm"},"content":{"rendered":"<p><font color=\"#333333\" size=\"2\">Die Kaminriegel sind trocken gepre\u00dft und&nbsp;haben eine maximale Anwendungstemperatur von 1380 \u00b0C.<\/font><\/p>\n<p><font color=\"#333333\">Die Riemchen sind allseitig glatt.&nbsp;Sie eignen sich sehr gut f\u00fcr Kamine, Kachel\u00f6fen, offene Feuerstellen, etc.<\/font><\/p>\n<p><font color=\"#333333\">Die Steine sind sehr ma\u00dfhaltig und lassen sich daher auch&nbsp; mit einem feuerfesten Kleber FCA1550 (Farbe beige-grau) oder FCA 1700 (Farbe antrahzit<\/font><font color=\"#333333\">) im 1-2 mm Bereich verkleben.<br \/>\nWenn sie dickere Fugen w\u00fcnschen, nehmen Sie f\u00fcr geschlossene Feuerstellen bitte KERAMIX und bei Kaminen und sonstigen offenen Feuerstellen ECUSIT-Fertigm\u00f6rtel oder <\/font><font color=\"#333333\">VERSETZMIX<\/font><\/p>\n<p style=\"font-style: italic;\"><font color=\"#333333\">Farbe der Schamotteriemchen: gelblich<\/font><\/p>\n<p>\n<font size=\"2\" style=\"font-style: italic;\">Die Riemchen eignen sich f\u00fcr eine Wandst\u00e4rke von 30 oder 60 mm St\u00e4rke<\/p>\n<p><span style=\"text-decoration: underline;\">Abmessung: 250x60x64 mm<\/span><\/font><font size=\"2\"><span style=\"text-decoration: underline; font-style: italic;\"> <\/span><\/p>\n<p>\n<em><font color=\"#333333\"><strong><u>Bei gr\u00f6\u00dferen St\u00fcckzahlen fragen Sie diese bitte per <a href=\"http:\/\/www.schmidt-feuerfest.de\/Easy4You\/content.php?link_id=159&amp;subcat=0\">e-mail<\/a> an, wir unterbreiten Ihnen gerne ein Angebot!<\/u><\/strong><\/font><\/em><\/font><\/p>\n<p>Kaminriemchen KR 64     250x60x64 mm<\/p>\n","protected":false},"excerpt":{"rendered":"<p>Die Kaminriegel sind trocken gepre\u00dft und&nbsp;haben eine maximale Anwendungstemperatur von 1380 \u00b0C. Die Riemchen sind allseitig glatt.&nbsp;Sie eignen sich sehr gut f\u00fcr Kamine, Kachel\u00f6fen, offene Feuerstellen, etc. Die Steine sind sehr ma\u00dfhaltig und lassen sich daher auch&nbsp; mit einem feuerfesten Kleber FCA1550 (Farbe beige-grau) oder FCA 1700 (Farbe antrahzit) im 1-2 mm Bereich verkleben. Wenn [&hellip;]<\/p>\n","protected":false},"featured_media":7669,"comment_status":"closed","ping_status":"open","template":"","meta":{"_acf_changed":false},"product_safety_overall":[],"product_brand":[],"product_cat":[1942,1979,1981],"product_tag":[690,691,692,693],"class_list":{"0":"post-6617","1":"product","2":"type-product","3":"status-publish","4":"has-post-thumbnail","6":"product_cat-steine-massen-moertel","7":"product_cat-schamottesteine","8":"product_cat-schamottesteine-kaminriemchen","9":"product_tag-schamotteriegel","10":"product_tag-schamotteriemchen","11":"product_tag-kaminriegel","12":"product_tag-kaminriemchen","14":"first","15":"instock","16":"taxable","17":"shipping-taxable","18":"purchasable","19":"product-type-simple"},"acf":[],"_links":{"self":[{"href":"https:\/\/www.ras-feuerfest.de\/shop\/wp-json\/wp\/v2\/product\/6617","targetHints":{"allow":["GET"]}}],"collection":[{"href":"https:\/\/www.ras-feuerfest.de\/shop\/wp-json\/wp\/v2\/product"}],"about":[{"href":"https:\/\/www.ras-feuerfest.de\/shop\/wp-json\/wp\/v2\/types\/product"}],"replies":[{"embeddable":true,"href":"https:\/\/www.ras-feuerfest.de\/shop\/wp-json\/wp\/v2\/comments?post=6617"}],"wp:featuredmedia":[{"embeddable":true,"href":"https:\/\/www.ras-feuerfest.de\/shop\/wp-json\/wp\/v2\/media\/7669"}],"wp:attachment":[{"href":"https:\/\/www.ras-feuerfest.de\/shop\/wp-json\/wp\/v2\/media?parent=6617"}],"wp:term":[{"taxonomy":"product_safety_overall","embeddable":true,"href":"https:\/\/www.ras-feuerfest.de\/shop\/wp-json\/wp\/v2\/product_safety_overall?post=6617"},{"taxonomy":"product_brand","embeddable":true,"href":"https:\/\/www.ras-feuerfest.de\/shop\/wp-json\/wp\/v2\/product_brand?post=6617"},{"taxonomy":"product_cat","embeddable":true,"href":"https:\/\/www.ras-feuerfest.de\/shop\/wp-json\/wp\/v2\/product_cat?post=6617"},{"taxonomy":"product_tag","embeddable":true,"href":"https:\/\/www.ras-feuerfest.de\/shop\/wp-json\/wp\/v2\/product_tag?post=6617"}],"curies":[{"name":"wp","href":"https:\/\/api.w.org\/{rel}","templated":true}]}}