{"id":6625,"date":"2024-10-09T17:48:12","date_gmt":"2024-10-09T15:48:12","guid":{"rendered":"https:\/\/www.ras-feuerfest.de\/shop\/product\/schamotteplatte-a40t-500x375x100-mm\/"},"modified":"2024-10-10T13:44:25","modified_gmt":"2024-10-10T11:44:25","slug":"schamotteplatte-a40t-500x375x100-mm","status":"publish","type":"product","link":"https:\/\/www.ras-feuerfest.de\/shop\/produkt\/schamotteplatte-a40t-500x375x100-mm\/","title":{"rendered":"Schamotteplatte A40t  500x375x100 mm"},"content":{"rendered":"<p><span style=\"font-size:14px;\"><font color=\"#333333\">Die Schamotteplatte ist trockengepre\u00dft und hat ein maximale Anwendungstemperatur von 1440 \u00b0C.<\/font><font color=\"#333333\">&nbsp; <\/font><\/p>\n<p><font color=\"#333333\">Farbe:&nbsp;beige<\/font>&nbsp;<\/span><\/p>\n<p><span style=\"font-size:14px;\"><font color=\"#333333\"><u>Abmessungen: 500x375x100 mm<\/u>&nbsp; <\/font><\/span><\/p>\n<p><span style=\"font-size:14px;\"><font color=\"#333333\"><em><font color=\"#333333\">Die Platten k\u00f6nnen wir nach Ihren Ma\u00dfen zuschneiden. Jedoch&nbsp;sind Rundungen oder etwas der Platte heraussschneiden, <u>nicht m\u00f6glich<\/u>!<\/font><\/em><\/font><\/span><\/p>\n<p><font color=\"#333333\" size=\"2\"><em><font color=\"#333333\" size=\"2\"><u><font color=\"#ff0000\" size=\"3\">Der Versand kann nur per Spedition erfolgen&#8230;&#8230;.Plattengewicht ca. 40 kg<\/font><\/u><\/font><\/em><\/font><\/p>\n<p><font color=\"#333333\" size=\"2\"><em><font color=\"#333333\" size=\"2\">***********************************************************************************************************<\/font><\/em><\/font><\/p>\n<p><font color=\"#333333\" size=\"2\"><em><font color=\"#333333\" size=\"2\"><u><font color=\"#339966\" size=\"4\">SONDERPREIS \u00b4wegen Auslistung&#8230;&#8230;&#8230;Sie sparen \u00fcber 49,00 \u20ac<\/font><\/u><\/font><\/em><\/font><\/p>\n<p><span style=\"color: rgb(51, 102, 255);\"><em><font size=\"2\"><u><font size=\"4\">Ab 10 Platten erfolgt der Versand frei Haus, innerhalb Deutschland, ohne Inseln<\/font><\/u><\/font><\/em><\/span><\/p>\n<p><u><span style=\"font-size:14px;\">Sie sparen bis zu 145 \u20ac Versandkosten<\/span><\/u><\/p>\n<p><em><font color=\"#333333\" size=\"2\"><u><font color=\"#339966\" size=\"4\"><span style=\"color: rgb(51, 102, 255);\"><font color=\"#339966\">F\u00fcr Sendungen nach \u00d6sterreich&nbsp; werden anteilig 39,00 berechnet&nbsp;<\/font> <\/span><\/font><\/u><\/font><\/em><\/p>\n<p>&nbsp;<\/p>\n<p><u><strong><font color=\"#333333\" size=\"2\">Abmessungen: 500x375x100 mm<\/font><\/strong><\/u><\/p>\n<p>Schamotteplatte A40t  500x375x100 mm<\/p>\n","protected":false},"excerpt":{"rendered":"<p>Die Schamotteplatte ist trockengepre\u00dft und hat ein maximale Anwendungstemperatur von 1440 \u00b0C.&nbsp; Farbe:&nbsp;beige&nbsp; Abmessungen: 500x375x100 mm&nbsp; Die Platten k\u00f6nnen wir nach Ihren Ma\u00dfen zuschneiden. Jedoch&nbsp;sind Rundungen oder etwas der Platte heraussschneiden, nicht m\u00f6glich! Der Versand kann nur per Spedition erfolgen&#8230;&#8230;.Plattengewicht ca. 40 kg *********************************************************************************************************** SONDERPREIS \u00b4wegen Auslistung&#8230;&#8230;&#8230;Sie sparen \u00fcber 49,00 \u20ac Ab 10 Platten erfolgt [&hellip;]<\/p>\n","protected":false},"featured_media":6620,"comment_status":"closed","ping_status":"open","template":"","meta":{"_acf_changed":false},"product_safety_overall":[],"product_brand":[],"product_cat":[1942,1979,2001],"product_tag":[651,681,682,683,684],"class_list":{"0":"post-6625","1":"product","2":"type-product","3":"status-publish","4":"has-post-thumbnail","6":"product_cat-steine-massen-moertel","7":"product_cat-schamottesteine","8":"product_cat-schamottesteine-platten-500x375","9":"product_tag-schamottesteine","10":"product_tag-schamotte-normalsteine","11":"product_tag-schamotteplatten","12":"product_tag-feuerfeste-steine","13":"product_tag-feuerfeste-platten","15":"first","16":"instock","17":"taxable","18":"shipping-taxable","19":"purchasable","20":"product-type-simple"},"acf":[],"_links":{"self":[{"href":"https:\/\/www.ras-feuerfest.de\/shop\/wp-json\/wp\/v2\/product\/6625","targetHints":{"allow":["GET"]}}],"collection":[{"href":"https:\/\/www.ras-feuerfest.de\/shop\/wp-json\/wp\/v2\/product"}],"about":[{"href":"https:\/\/www.ras-feuerfest.de\/shop\/wp-json\/wp\/v2\/types\/product"}],"replies":[{"embeddable":true,"href":"https:\/\/www.ras-feuerfest.de\/shop\/wp-json\/wp\/v2\/comments?post=6625"}],"wp:featuredmedia":[{"embeddable":true,"href":"https:\/\/www.ras-feuerfest.de\/shop\/wp-json\/wp\/v2\/media\/6620"}],"wp:attachment":[{"href":"https:\/\/www.ras-feuerfest.de\/shop\/wp-json\/wp\/v2\/media?parent=6625"}],"wp:term":[{"taxonomy":"product_safety_overall","embeddable":true,"href":"https:\/\/www.ras-feuerfest.de\/shop\/wp-json\/wp\/v2\/product_safety_overall?post=6625"},{"taxonomy":"product_brand","embeddable":true,"href":"https:\/\/www.ras-feuerfest.de\/shop\/wp-json\/wp\/v2\/product_brand?post=6625"},{"taxonomy":"product_cat","embeddable":true,"href":"https:\/\/www.ras-feuerfest.de\/shop\/wp-json\/wp\/v2\/product_cat?post=6625"},{"taxonomy":"product_tag","embeddable":true,"href":"https:\/\/www.ras-feuerfest.de\/shop\/wp-json\/wp\/v2\/product_tag?post=6625"}],"curies":[{"name":"wp","href":"https:\/\/api.w.org\/{rel}","templated":true}]}}