{"id":6626,"date":"2024-10-09T17:48:12","date_gmt":"2024-10-09T15:48:12","guid":{"rendered":"https:\/\/www.ras-feuerfest.de\/shop\/product\/schamotteplatte-qualitaet-a42h-750x375x100-mm\/"},"modified":"2024-10-10T13:44:30","modified_gmt":"2024-10-10T11:44:30","slug":"schamotteplatte-qualitaet-a42h-750x375x100-mm","status":"publish","type":"product","link":"https:\/\/www.ras-feuerfest.de\/shop\/produkt\/schamotteplatte-qualitaet-a42h-750x375x100-mm\/","title":{"rendered":"Schamotteplatte Qualit\u00e4t A42h  750x375x100 mm"},"content":{"rendered":"<p><font color=\"#333333\" size=\"2\">Die Schamotteplatte ist halb-trockengepre\u00dft und hat eine maximale Anwendungstemperatur von 1480 \u00b0C.<\/font><font color=\"#333333\" size=\"2\">&nbsp; <\/font><br \/>\n<font color=\"#333333\" size=\"2\">Die Platten sind allseitig glatt.&nbsp;<\/font><br \/>\n<font color=\"#333333\" size=\"2\">Farbe:&nbsp; br\u00e4unlich<\/font>&nbsp;&nbsp;&nbsp;<\/p>\n<p><font color=\"#333333\" size=\"2\">Abmessungen: 750x375x100 mm&nbsp; <\/font><\/p>\n<p><font color=\"#333333\" size=\"2\"><em><font color=\"#333333\" size=\"2\">Die Platten k\u00f6nnen wir nach Ihren Ma\u00dfen zuschneiden. Jedoch&nbsp;sind Rundungen oder etwas der Platte heraussschneiden, <u>nicht m\u00f6glich<\/u>!<\/font><\/em><\/font><\/p>\n<p><font color=\"#333333\" size=\"2\">&nbsp;<\/font><\/p>\n<p><font color=\"#333333\" size=\"2\"><em><font color=\"#333333\" size=\"2\"><span style=\"COLOR: rgb(255,0,0); TEXT-DECORATION: underline\"><em><strong><font color=\"#3366ff\" size=\"3\"><span style=\"color: rgb(255, 0, 0);\">Diese Platten k\u00f6nnen aufgrund des St\u00fcckgewichtes von rund 60 kg nicht durch Paketdienst versendet werden&#8230;&#8230;&#8230;Frachtpreis bitte erfragen!<\/span><\/font><\/strong><\/em><\/span><\/font><\/em><\/font><\/p>\n<p><font color=\"#333333\" size=\"2\"><em><font color=\"#333333\" size=\"2\">***********************************************************************************************************<\/font><\/em><\/font><\/p>\n<p><font color=\"#333333\" size=\"2\"><em><font color=\"#333333\" size=\"2\"><u><font color=\"#339966\" size=\"4\">SONDERPREIS \u00b4wegen Auslistung&#8230;&#8230;&#8230;Sie sparen \u00fcber 78,00 \u20ac<\/font><\/u><\/font><\/em><\/font><\/p>\n<p><font color=\"#333333\" size=\"2\"><span style=\"color: rgb(51, 102, 255);\"><em><font size=\"2\"><u><font size=\"4\">Ab 5 Platten erfolgt der Versand frei Haus<\/font><\/u><\/font><\/em><\/span><\/font><\/p>\n<p><font color=\"#333333\" size=\"2\"><span style=\"color: rgb(51, 102, 255);\"><em><font size=\"2\"><u><font size=\"4\">dieses gilt f\u00fcr Deutschland<\/font><font color=\"#333333\"> und \u00d6sterreich<\/font><br \/>\nohne Inseln<\/u><\/font><\/em><\/span><\/font> und Almen, etc.<\/p>\n<p><font color=\"#333333\" size=\"2\"><em><font color=\"#333333\" size=\"2\"><u><font color=\"#339966\" size=\"4\"><span style=\"color: rgb(51, 102, 255);\">Sie sparen nochmals bis zu 155 \u20ac Frachtkosten<\/span><\/font><\/u><\/font><\/em><\/font>&#8230;.<\/p>\n<p>berechnet werden lediglich 8,75 \u20ac f\u00fcr Verpackung und Versicherung<\/p>\n<p>Schamotteplatte Qualit\u00e4t A42h  750x375x100 mm<\/p>\n","protected":false},"excerpt":{"rendered":"<p>Die Schamotteplatte ist halb-trockengepre\u00dft und hat eine maximale Anwendungstemperatur von 1480 \u00b0C.&nbsp; Die Platten sind allseitig glatt.&nbsp; Farbe:&nbsp; br\u00e4unlich&nbsp;&nbsp;&nbsp; Abmessungen: 750x375x100 mm&nbsp; Die Platten k\u00f6nnen wir nach Ihren Ma\u00dfen zuschneiden. Jedoch&nbsp;sind Rundungen oder etwas der Platte heraussschneiden, nicht m\u00f6glich! &nbsp; Diese Platten k\u00f6nnen aufgrund des St\u00fcckgewichtes von rund 60 kg nicht durch Paketdienst versendet werden&#8230;&#8230;&#8230;Frachtpreis [&hellip;]<\/p>\n","protected":false},"featured_media":6622,"comment_status":"closed","ping_status":"open","template":"","meta":{"_acf_changed":false},"product_safety_overall":[],"product_brand":[],"product_cat":[1942,1979,2006],"product_tag":[],"class_list":{"0":"post-6626","1":"product","2":"type-product","3":"status-publish","4":"has-post-thumbnail","6":"product_cat-steine-massen-moertel","7":"product_cat-schamottesteine","8":"product_cat-schamottesteine-platten-750x375","10":"first","11":"instock","12":"taxable","13":"shipping-taxable","14":"purchasable","15":"product-type-simple"},"acf":[],"_links":{"self":[{"href":"https:\/\/www.ras-feuerfest.de\/shop\/wp-json\/wp\/v2\/product\/6626","targetHints":{"allow":["GET"]}}],"collection":[{"href":"https:\/\/www.ras-feuerfest.de\/shop\/wp-json\/wp\/v2\/product"}],"about":[{"href":"https:\/\/www.ras-feuerfest.de\/shop\/wp-json\/wp\/v2\/types\/product"}],"replies":[{"embeddable":true,"href":"https:\/\/www.ras-feuerfest.de\/shop\/wp-json\/wp\/v2\/comments?post=6626"}],"wp:featuredmedia":[{"embeddable":true,"href":"https:\/\/www.ras-feuerfest.de\/shop\/wp-json\/wp\/v2\/media\/6622"}],"wp:attachment":[{"href":"https:\/\/www.ras-feuerfest.de\/shop\/wp-json\/wp\/v2\/media?parent=6626"}],"wp:term":[{"taxonomy":"product_safety_overall","embeddable":true,"href":"https:\/\/www.ras-feuerfest.de\/shop\/wp-json\/wp\/v2\/product_safety_overall?post=6626"},{"taxonomy":"product_brand","embeddable":true,"href":"https:\/\/www.ras-feuerfest.de\/shop\/wp-json\/wp\/v2\/product_brand?post=6626"},{"taxonomy":"product_cat","embeddable":true,"href":"https:\/\/www.ras-feuerfest.de\/shop\/wp-json\/wp\/v2\/product_cat?post=6626"},{"taxonomy":"product_tag","embeddable":true,"href":"https:\/\/www.ras-feuerfest.de\/shop\/wp-json\/wp\/v2\/product_tag?post=6626"}],"curies":[{"name":"wp","href":"https:\/\/api.w.org\/{rel}","templated":true}]}}