{"id":6654,"date":"2024-10-09T17:48:22","date_gmt":"2024-10-09T15:48:22","guid":{"rendered":"https:\/\/www.ras-feuerfest.de\/shop\/product\/schamotteplatte-a30h-300x150x20-mm\/"},"modified":"2024-10-10T13:44:15","modified_gmt":"2024-10-10T11:44:15","slug":"schamotteplatte-a30h-300x150x20-mm","status":"publish","type":"product","link":"https:\/\/www.ras-feuerfest.de\/shop\/produkt\/schamotteplatte-a30h-300x150x20-mm\/","title":{"rendered":"Schamotteplatte A30h  300x150x20 mm"},"content":{"rendered":"<p><span style=\"font-size:14px;\"><font color=\"#333333\">Die Schamotteplatte ist halbtrocken gepre\u00dft und hat ein maximale Anwendungstemperatur von 1340 \u00b0C.<\/font><font color=\"#333333\">&nbsp; <\/font><br \/>\n<font color=\"#333333\">Die Platten sind allseitig glatt.&nbsp;<\/font><br \/>\n<font color=\"#333333\">Farbe: br\u00e4unlich<\/font> &nbsp;&nbsp; <\/span><\/p>\n<p><font color=\"#333333\" size=\"2\"><em><font color=\"#333333\" size=\"2\">Die Platten k\u00f6nnen wir nach Ihren Ma\u00dfen zuschneiden. Jedoch&nbsp;sind Rundungen oder etwas der Platte heraussschneiden, <u>nicht m\u00f6glich<\/u>!<\/font><\/em><\/font><\/p>\n<p>&nbsp;<\/p>\n<p><u><strong><font color=\"#333333\" size=\"2\">Abmessungen: 300x150x20 mm<\/font><\/strong><\/u><\/p>\n<p>Schamotteplatte A30h  300x150x20 mm<\/p>\n","protected":false},"excerpt":{"rendered":"<p>Die Schamotteplatte ist halbtrocken gepre\u00dft und hat ein maximale Anwendungstemperatur von 1340 \u00b0C.&nbsp; Die Platten sind allseitig glatt.&nbsp; Farbe: br\u00e4unlich &nbsp;&nbsp; Die Platten k\u00f6nnen wir nach Ihren Ma\u00dfen zuschneiden. Jedoch&nbsp;sind Rundungen oder etwas der Platte heraussschneiden, nicht m\u00f6glich! &nbsp; Abmessungen: 300x150x20 mm Schamotteplatte A30h 300x150x20 mm<\/p>\n","protected":false},"featured_media":7671,"comment_status":"closed","ping_status":"open","template":"","meta":{"_acf_changed":false},"product_safety_overall":[],"product_brand":[],"product_cat":[1942,1979,1993],"product_tag":[651,681,682,683,684],"class_list":{"0":"post-6654","1":"product","2":"type-product","3":"status-publish","4":"has-post-thumbnail","6":"product_cat-steine-massen-moertel","7":"product_cat-schamottesteine","8":"product_cat-schamottesteine-platten-300x150","9":"product_tag-schamottesteine","10":"product_tag-schamotte-normalsteine","11":"product_tag-schamotteplatten","12":"product_tag-feuerfeste-steine","13":"product_tag-feuerfeste-platten","15":"first","16":"instock","17":"taxable","18":"shipping-taxable","19":"purchasable","20":"product-type-simple"},"acf":[],"_links":{"self":[{"href":"https:\/\/www.ras-feuerfest.de\/shop\/wp-json\/wp\/v2\/product\/6654","targetHints":{"allow":["GET"]}}],"collection":[{"href":"https:\/\/www.ras-feuerfest.de\/shop\/wp-json\/wp\/v2\/product"}],"about":[{"href":"https:\/\/www.ras-feuerfest.de\/shop\/wp-json\/wp\/v2\/types\/product"}],"replies":[{"embeddable":true,"href":"https:\/\/www.ras-feuerfest.de\/shop\/wp-json\/wp\/v2\/comments?post=6654"}],"wp:featuredmedia":[{"embeddable":true,"href":"https:\/\/www.ras-feuerfest.de\/shop\/wp-json\/wp\/v2\/media\/7671"}],"wp:attachment":[{"href":"https:\/\/www.ras-feuerfest.de\/shop\/wp-json\/wp\/v2\/media?parent=6654"}],"wp:term":[{"taxonomy":"product_safety_overall","embeddable":true,"href":"https:\/\/www.ras-feuerfest.de\/shop\/wp-json\/wp\/v2\/product_safety_overall?post=6654"},{"taxonomy":"product_brand","embeddable":true,"href":"https:\/\/www.ras-feuerfest.de\/shop\/wp-json\/wp\/v2\/product_brand?post=6654"},{"taxonomy":"product_cat","embeddable":true,"href":"https:\/\/www.ras-feuerfest.de\/shop\/wp-json\/wp\/v2\/product_cat?post=6654"},{"taxonomy":"product_tag","embeddable":true,"href":"https:\/\/www.ras-feuerfest.de\/shop\/wp-json\/wp\/v2\/product_tag?post=6654"}],"curies":[{"name":"wp","href":"https:\/\/api.w.org\/{rel}","templated":true}]}}