{"id":6673,"date":"2024-10-09T17:48:22","date_gmt":"2024-10-09T15:48:22","guid":{"rendered":"https:\/\/www.ras-feuerfest.de\/shop\/product\/schamotteplatte-a40ts-500x300x30-mm\/"},"modified":"2024-10-10T13:44:24","modified_gmt":"2024-10-10T11:44:24","slug":"schamotteplatte-a40ts-500x300x30-mm","status":"publish","type":"product","link":"https:\/\/www.ras-feuerfest.de\/shop\/produkt\/schamotteplatte-a40ts-500x300x30-mm\/","title":{"rendered":"Schamotteplatte A40ts  500x300x30 mm"},"content":{"rendered":"<p><span style=\"color:#993300;\"><font size=\"2\"><span style=\"font-weight: bold;\"><font size=\"4\">Schamotteplatten mit hoher Rohdichte und mit optimaler Kaltdruckfestigkeit<br \/>\nDie maximale Anwendungstemperatur betr\u00e4gt 1460 \u00b0C<br \/>\nDie Platten haben eine sehr<\/font><font face=\"Verdana\"> gute Temeperaturwechselbest\u00e4ndigkeit<\/font><\/span><\/font><\/span><\/p>\n<p><font color=\"#333333\" size=\"4\">Die Platten sind allseitig glatt.&nbsp;<\/font><br \/>\n<font size=\"4\">Farbe: hell bis br\u00e4unlich<\/font><\/p>\n<p><span style=\"font-size:14px;\"><font color=\"#333333\"><em><font color=\"#333333\">Die Platten k\u00f6nnen wir nach Ihren Ma\u00dfen zuschneiden. Jedoch&nbsp;sind Rundungen oder etwas der Platte heraussschneiden, <u>nicht m\u00f6glich<\/u>!<\/font><\/em><\/font><\/span><\/p>\n<p><u><strong><font color=\"#333333\" size=\"2\">Abmessungen: 500x300x30 mm<\/font><\/strong><\/u><\/p>\n<p>Schamotteplatte A40ts  500x300x30 mm<\/p>\n","protected":false},"excerpt":{"rendered":"<p>Schamotteplatten mit hoher Rohdichte und mit optimaler Kaltdruckfestigkeit Die maximale Anwendungstemperatur betr\u00e4gt 1460 \u00b0C Die Platten haben eine sehr gute Temeperaturwechselbest\u00e4ndigkeit Die Platten sind allseitig glatt.&nbsp; Farbe: hell bis br\u00e4unlich Die Platten k\u00f6nnen wir nach Ihren Ma\u00dfen zuschneiden. Jedoch&nbsp;sind Rundungen oder etwas der Platte heraussschneiden, nicht m\u00f6glich! Abmessungen: 500x300x30 mm Schamotteplatte A40ts 500x300x30 mm<\/p>\n","protected":false},"featured_media":6670,"comment_status":"closed","ping_status":"open","template":"","meta":{"_acf_changed":false},"product_safety_overall":[],"product_brand":[],"product_cat":[1942,1979,2000],"product_tag":[651,681,682,683,684],"class_list":{"0":"post-6673","1":"product","2":"type-product","3":"status-publish","4":"has-post-thumbnail","6":"product_cat-steine-massen-moertel","7":"product_cat-schamottesteine","8":"product_cat-schamottesteine-platten-500x300","9":"product_tag-schamottesteine","10":"product_tag-schamotte-normalsteine","11":"product_tag-schamotteplatten","12":"product_tag-feuerfeste-steine","13":"product_tag-feuerfeste-platten","15":"first","16":"instock","17":"taxable","18":"shipping-taxable","19":"purchasable","20":"product-type-simple"},"acf":[],"_links":{"self":[{"href":"https:\/\/www.ras-feuerfest.de\/shop\/wp-json\/wp\/v2\/product\/6673","targetHints":{"allow":["GET"]}}],"collection":[{"href":"https:\/\/www.ras-feuerfest.de\/shop\/wp-json\/wp\/v2\/product"}],"about":[{"href":"https:\/\/www.ras-feuerfest.de\/shop\/wp-json\/wp\/v2\/types\/product"}],"replies":[{"embeddable":true,"href":"https:\/\/www.ras-feuerfest.de\/shop\/wp-json\/wp\/v2\/comments?post=6673"}],"wp:featuredmedia":[{"embeddable":true,"href":"https:\/\/www.ras-feuerfest.de\/shop\/wp-json\/wp\/v2\/media\/6670"}],"wp:attachment":[{"href":"https:\/\/www.ras-feuerfest.de\/shop\/wp-json\/wp\/v2\/media?parent=6673"}],"wp:term":[{"taxonomy":"product_safety_overall","embeddable":true,"href":"https:\/\/www.ras-feuerfest.de\/shop\/wp-json\/wp\/v2\/product_safety_overall?post=6673"},{"taxonomy":"product_brand","embeddable":true,"href":"https:\/\/www.ras-feuerfest.de\/shop\/wp-json\/wp\/v2\/product_brand?post=6673"},{"taxonomy":"product_cat","embeddable":true,"href":"https:\/\/www.ras-feuerfest.de\/shop\/wp-json\/wp\/v2\/product_cat?post=6673"},{"taxonomy":"product_tag","embeddable":true,"href":"https:\/\/www.ras-feuerfest.de\/shop\/wp-json\/wp\/v2\/product_tag?post=6673"}],"curies":[{"name":"wp","href":"https:\/\/api.w.org\/{rel}","templated":true}]}}