{"id":6707,"date":"2024-10-09T17:48:45","date_gmt":"2024-10-09T15:48:45","guid":{"rendered":"https:\/\/www.ras-feuerfest.de\/shop\/product\/schamotteplatte-a40-beige-400x200x30-mm-5-stueck\/"},"modified":"2024-10-10T13:44:20","modified_gmt":"2024-10-10T11:44:20","slug":"schamotteplatte-a40-beige-400x200x30-mm-5-stueck","status":"publish","type":"product","link":"https:\/\/www.ras-feuerfest.de\/shop\/produkt\/schamotteplatte-a40-beige-400x200x30-mm-5-stueck\/","title":{"rendered":"Schamotteplatte A40 beige 400x200x30 mm \/ 4 St\u00fcck frei Haus"},"content":{"rendered":"<p><span style=\"font-size:14px;\"><font color=\"#333333\">Die Schamotteplatte ist trockengepre\u00dft und hat ein maximale Anwendungstemperatur von 1480 \u00b0C.&nbsp; <\/font><br \/>\n<font color=\"#333333\">Die Platten sind allseitig glatt.&nbsp;<\/font><br \/>\n<font color=\"#333333\">Farbe: beige<\/font> &nbsp;&nbsp;&nbsp; <\/span><\/p>\n<p><span style=\"font-size:14px;\"><font color=\"#333333\"><em><font color=\"#333333\">Die Platten k\u00f6nnen wir nach Ihren Ma\u00dfen zuschneiden. Jedoch&nbsp;sind Rundungen oder etwas der Platte heraussschneiden, <u>nicht m\u00f6glich<\/u>!<\/font><\/em><\/font><\/span><\/p>\n<p><u><strong><font color=\"#333333\" size=\"2\">Abmessungen: 400x200x30 mm<\/font><\/strong><\/u><\/p>\n<p><span style=\"font-size:14px;\"><font color=\"#0000ff\"><u><em>4 Platten&nbsp;400x200x30 mm<\/em><\/u><\/font><font color=\"#ff0000\"><u><font face=\"Verdana\">&nbsp;&nbsp; <\/font>frei Haus&#8230;&#8230;&#8230;&#8230;..einschlie\u00dflich 12,85 \u20ac Versandkosten und Verpackung ! (Deutschland ohne Inseln)<\/u><\/font><\/span><\/p>\n<p>&nbsp;<\/p>\n<p>Schamotteplatte A40 beige 400x200x30 mm \/ 4 St\u00fcck frei Haus<\/p>\n","protected":false},"excerpt":{"rendered":"<p>Die Schamotteplatte ist trockengepre\u00dft und hat ein maximale Anwendungstemperatur von 1480 \u00b0C.&nbsp; Die Platten sind allseitig glatt.&nbsp; Farbe: beige &nbsp;&nbsp;&nbsp; Die Platten k\u00f6nnen wir nach Ihren Ma\u00dfen zuschneiden. Jedoch&nbsp;sind Rundungen oder etwas der Platte heraussschneiden, nicht m\u00f6glich! Abmessungen: 400x200x30 mm 4 Platten&nbsp;400x200x30 mm&nbsp;&nbsp; frei Haus&#8230;&#8230;&#8230;&#8230;..einschlie\u00dflich 12,85 \u20ac Versandkosten und Verpackung ! (Deutschland ohne Inseln) &nbsp; [&hellip;]<\/p>\n","protected":false},"featured_media":6636,"comment_status":"closed","ping_status":"open","template":"","meta":{"_acf_changed":false},"product_safety_overall":[],"product_brand":[],"product_cat":[1942,1979,1996],"product_tag":[],"class_list":{"0":"post-6707","1":"product","2":"type-product","3":"status-publish","4":"has-post-thumbnail","6":"product_cat-steine-massen-moertel","7":"product_cat-schamottesteine","8":"product_cat-schamottesteine-platten-400x200","10":"first","11":"instock","12":"taxable","13":"shipping-taxable","14":"purchasable","15":"product-type-simple"},"acf":[],"_links":{"self":[{"href":"https:\/\/www.ras-feuerfest.de\/shop\/wp-json\/wp\/v2\/product\/6707","targetHints":{"allow":["GET"]}}],"collection":[{"href":"https:\/\/www.ras-feuerfest.de\/shop\/wp-json\/wp\/v2\/product"}],"about":[{"href":"https:\/\/www.ras-feuerfest.de\/shop\/wp-json\/wp\/v2\/types\/product"}],"replies":[{"embeddable":true,"href":"https:\/\/www.ras-feuerfest.de\/shop\/wp-json\/wp\/v2\/comments?post=6707"}],"wp:featuredmedia":[{"embeddable":true,"href":"https:\/\/www.ras-feuerfest.de\/shop\/wp-json\/wp\/v2\/media\/6636"}],"wp:attachment":[{"href":"https:\/\/www.ras-feuerfest.de\/shop\/wp-json\/wp\/v2\/media?parent=6707"}],"wp:term":[{"taxonomy":"product_safety_overall","embeddable":true,"href":"https:\/\/www.ras-feuerfest.de\/shop\/wp-json\/wp\/v2\/product_safety_overall?post=6707"},{"taxonomy":"product_brand","embeddable":true,"href":"https:\/\/www.ras-feuerfest.de\/shop\/wp-json\/wp\/v2\/product_brand?post=6707"},{"taxonomy":"product_cat","embeddable":true,"href":"https:\/\/www.ras-feuerfest.de\/shop\/wp-json\/wp\/v2\/product_cat?post=6707"},{"taxonomy":"product_tag","embeddable":true,"href":"https:\/\/www.ras-feuerfest.de\/shop\/wp-json\/wp\/v2\/product_tag?post=6707"}],"curies":[{"name":"wp","href":"https:\/\/api.w.org\/{rel}","templated":true}]}}