{"id":6716,"date":"2024-10-09T17:48:45","date_gmt":"2024-10-09T15:48:45","guid":{"rendered":"https:\/\/www.ras-feuerfest.de\/shop\/product\/schamotteplatten-qualitaet-a40t-abms-340x150x30-mm-7-platten-frei-haus\/"},"modified":"2025-09-17T16:21:03","modified_gmt":"2025-09-17T14:21:03","slug":"schamotteplatten-qualitaet-a40t-abms-340x150x30-mm-7-platten-frei-haus","status":"publish","type":"product","link":"https:\/\/www.ras-feuerfest.de\/shop\/produkt\/schamotteplatten-qualitaet-a40t-abms-340x150x30-mm-7-platten-frei-haus\/","title":{"rendered":"Schamotteplatten  Qualit\u00e4t A40t  Abms. 340x150x30 mm 7 Platten frei Haus"},"content":{"rendered":"<p><font color=\"#333333\" size=\"2\">Die Schamotteplatte ist trockengepre\u00dft und hat eine maximale Anwendungstemperatur von&nbsp;1500 \u00b0C.<\/font><font color=\"#333333\" size=\"2\">&nbsp; <\/font><br \/>\n<font color=\"#333333\" size=\"2\">Die Platten sind allseitig glatt.&nbsp;&nbsp;&nbsp;<\/font><br \/>\n<font color=\"#333333\" size=\"2\">Farbe: gelblich hell bis br\u00e4unlich<\/font><\/p>\n<p>leichte Verstaubung durch l\u00e4ngere Lagerzeit&nbsp; m\u00f6glich!<\/p>\n<p><em><font color=\"#333333\" size=\"2\">Die Platten k\u00f6nnen wir nach Ihren Ma\u00dfen zuschneiden. Jedoch&nbsp;sind Rundungen oder etwas<br \/>\nder Platte heraussschneiden, <u>nicht m\u00f6glich<\/u>!<\/font><\/em><\/p>\n<p>Abmessungen: 340x150x30 mm \/ 7 Platten<\/p>\n<p>frei Haus innerhalb Deutschland ohne Inseln<\/p>\n<p>Schamotteplatten  Qualit\u00e4t A40t  Abms. 340x150x30 mm 7 Platten frei Haus<\/p>\n","protected":false},"excerpt":{"rendered":"<p>Die Schamotteplatte ist trockengepre\u00dft und hat eine maximale Anwendungstemperatur von&nbsp;1500 \u00b0C.&nbsp; Die Platten sind allseitig glatt.&nbsp;&nbsp;&nbsp; Farbe: gelblich hell bis br\u00e4unlich leichte Verstaubung durch l\u00e4ngere Lagerzeit&nbsp; m\u00f6glich! Die Platten k\u00f6nnen wir nach Ihren Ma\u00dfen zuschneiden. Jedoch&nbsp;sind Rundungen oder etwas der Platte heraussschneiden, nicht m\u00f6glich! Abmessungen: 340x150x30 mm \/ 7 Platten frei Haus innerhalb Deutschland ohne [&hellip;]<\/p>\n","protected":false},"featured_media":6636,"comment_status":"closed","ping_status":"open","template":"","meta":{"_acf_changed":false},"product_safety_overall":[],"product_brand":[],"product_cat":[1942,1979,1994],"product_tag":[651,681,682,683,684],"class_list":{"0":"post-6716","1":"product","2":"type-product","3":"status-publish","4":"has-post-thumbnail","6":"product_cat-steine-massen-moertel","7":"product_cat-schamottesteine","8":"product_cat-schamottesteine-platten-340x150x30","9":"product_tag-schamottesteine","10":"product_tag-schamotte-normalsteine","11":"product_tag-schamotteplatten","12":"product_tag-feuerfeste-steine","13":"product_tag-feuerfeste-platten","15":"first","16":"instock","17":"taxable","18":"shipping-taxable","19":"purchasable","20":"product-type-simple"},"acf":[],"_links":{"self":[{"href":"https:\/\/www.ras-feuerfest.de\/shop\/wp-json\/wp\/v2\/product\/6716","targetHints":{"allow":["GET"]}}],"collection":[{"href":"https:\/\/www.ras-feuerfest.de\/shop\/wp-json\/wp\/v2\/product"}],"about":[{"href":"https:\/\/www.ras-feuerfest.de\/shop\/wp-json\/wp\/v2\/types\/product"}],"replies":[{"embeddable":true,"href":"https:\/\/www.ras-feuerfest.de\/shop\/wp-json\/wp\/v2\/comments?post=6716"}],"wp:featuredmedia":[{"embeddable":true,"href":"https:\/\/www.ras-feuerfest.de\/shop\/wp-json\/wp\/v2\/media\/6636"}],"wp:attachment":[{"href":"https:\/\/www.ras-feuerfest.de\/shop\/wp-json\/wp\/v2\/media?parent=6716"}],"wp:term":[{"taxonomy":"product_safety_overall","embeddable":true,"href":"https:\/\/www.ras-feuerfest.de\/shop\/wp-json\/wp\/v2\/product_safety_overall?post=6716"},{"taxonomy":"product_brand","embeddable":true,"href":"https:\/\/www.ras-feuerfest.de\/shop\/wp-json\/wp\/v2\/product_brand?post=6716"},{"taxonomy":"product_cat","embeddable":true,"href":"https:\/\/www.ras-feuerfest.de\/shop\/wp-json\/wp\/v2\/product_cat?post=6716"},{"taxonomy":"product_tag","embeddable":true,"href":"https:\/\/www.ras-feuerfest.de\/shop\/wp-json\/wp\/v2\/product_tag?post=6716"}],"curies":[{"name":"wp","href":"https:\/\/api.w.org\/{rel}","templated":true}]}}