{"id":6721,"date":"2024-10-09T17:48:45","date_gmt":"2024-10-09T15:48:45","guid":{"rendered":"https:\/\/www.ras-feuerfest.de\/shop\/product\/schamotte-ausfutterstueck-a30p-130x130x25-mm\/"},"modified":"2024-10-10T13:44:33","modified_gmt":"2024-10-10T11:44:33","slug":"schamotte-ausfutterstueck-a30p-130x130x25-mm","status":"publish","type":"product","link":"https:\/\/www.ras-feuerfest.de\/shop\/produkt\/schamotte-ausfutterstueck-a30p-130x130x25-mm\/","title":{"rendered":"Schamotte-Ausfutterst\u00fcck A30p  130x130x25 mm"},"content":{"rendered":"<p>\n\t<u><strong><span style=\"font-size:16px;\">Kachelausfutterst\u00fcck<\/span><\/strong><\/u> 130x130x25 mm<\/p>\n<p>\n\t<span style=\"font-size:14px;\"><font color=\"#333333\">Die Schamotteplatte ist plastisch gepre\u00dft und hat ein maximale Anwendungstemperatur von 1280 \u00b0C.<\/font><font color=\"#333333\">&nbsp; <\/font><br \/>\n\t<font color=\"#333333\">Die Platten sind allseitig glatt.&nbsp;<\/font><br \/>\n\t<font color=\"#333333\">Farbe: beige<\/font> &nbsp;&nbsp; <\/span><\/p>\n<p>\n\t<font color=\"#333333\" size=\"2\"><em><font color=\"#333333\" size=\"2\">Die Platten k\u00f6nnen wir nach Ihren Ma\u00dfen zuschneiden. Jedoch&nbsp;sind Rundungen oder etwas der Platte heraussschneiden, <u>nicht m\u00f6glich<\/u>!<\/font><\/em><\/font><\/p>\n<p>\n\t<u><strong><font color=\"#333333\" size=\"2\">Abmessungen: 130x130x25 mm<\/font><\/strong><\/u><\/p>\n<p>Schamotte-Ausfutterst\u00fcck A30p  130x130x25 mm<\/p>\n","protected":false},"excerpt":{"rendered":"<p>Kachelausfutterst\u00fcck 130x130x25 mm Die Schamotteplatte ist plastisch gepre\u00dft und hat ein maximale Anwendungstemperatur von 1280 \u00b0C.&nbsp; Die Platten sind allseitig glatt.&nbsp; Farbe: beige &nbsp;&nbsp; Die Platten k\u00f6nnen wir nach Ihren Ma\u00dfen zuschneiden. Jedoch&nbsp;sind Rundungen oder etwas der Platte heraussschneiden, nicht m\u00f6glich! Abmessungen: 130x130x25 mm Schamotte-Ausfutterst\u00fcck A30p 130x130x25 mm<\/p>\n","protected":false},"featured_media":7680,"comment_status":"closed","ping_status":"open","template":"","meta":{"_acf_changed":false},"product_safety_overall":[],"product_brand":[],"product_cat":[1942,1979,2010],"product_tag":[651,681,682,683,684,695],"class_list":{"0":"post-6721","1":"product","2":"type-product","3":"status-publish","4":"has-post-thumbnail","6":"product_cat-steine-massen-moertel","7":"product_cat-schamottesteine","8":"product_cat-schamottesteine-futterstuecke","9":"product_tag-schamottesteine","10":"product_tag-schamotte-normalsteine","11":"product_tag-schamotteplatten","12":"product_tag-feuerfeste-steine","13":"product_tag-feuerfeste-platten","14":"product_tag-kachelfutterstuecke","16":"first","17":"instock","18":"taxable","19":"shipping-taxable","20":"purchasable","21":"product-type-simple"},"acf":[],"_links":{"self":[{"href":"https:\/\/www.ras-feuerfest.de\/shop\/wp-json\/wp\/v2\/product\/6721","targetHints":{"allow":["GET"]}}],"collection":[{"href":"https:\/\/www.ras-feuerfest.de\/shop\/wp-json\/wp\/v2\/product"}],"about":[{"href":"https:\/\/www.ras-feuerfest.de\/shop\/wp-json\/wp\/v2\/types\/product"}],"replies":[{"embeddable":true,"href":"https:\/\/www.ras-feuerfest.de\/shop\/wp-json\/wp\/v2\/comments?post=6721"}],"wp:featuredmedia":[{"embeddable":true,"href":"https:\/\/www.ras-feuerfest.de\/shop\/wp-json\/wp\/v2\/media\/7680"}],"wp:attachment":[{"href":"https:\/\/www.ras-feuerfest.de\/shop\/wp-json\/wp\/v2\/media?parent=6721"}],"wp:term":[{"taxonomy":"product_safety_overall","embeddable":true,"href":"https:\/\/www.ras-feuerfest.de\/shop\/wp-json\/wp\/v2\/product_safety_overall?post=6721"},{"taxonomy":"product_brand","embeddable":true,"href":"https:\/\/www.ras-feuerfest.de\/shop\/wp-json\/wp\/v2\/product_brand?post=6721"},{"taxonomy":"product_cat","embeddable":true,"href":"https:\/\/www.ras-feuerfest.de\/shop\/wp-json\/wp\/v2\/product_cat?post=6721"},{"taxonomy":"product_tag","embeddable":true,"href":"https:\/\/www.ras-feuerfest.de\/shop\/wp-json\/wp\/v2\/product_tag?post=6721"}],"curies":[{"name":"wp","href":"https:\/\/api.w.org\/{rel}","templated":true}]}}