{"id":6728,"date":"2024-10-09T17:48:45","date_gmt":"2024-10-09T15:48:45","guid":{"rendered":"https:\/\/www.ras-feuerfest.de\/shop\/product\/schamotteplatte-p10050-30-hbo-1000x500x30-mm\/"},"modified":"2024-10-10T13:44:32","modified_gmt":"2024-10-10T11:44:32","slug":"schamotteplatte-p10050-30-hbo-1000x500x30-mm","status":"publish","type":"product","link":"https:\/\/www.ras-feuerfest.de\/shop\/produkt\/schamotteplatte-p10050-30-hbo-1000x500x30-mm\/","title":{"rendered":"Schamotteplatte  P10050-3.0  wks 1000x500x30 mm"},"content":{"rendered":"<p>&nbsp;<\/p>\n<p><font color=\"#333333\" size=\"2\">Die Schamotteplatte ist plastisch gepre\u00dft und hat ein maximale Anwendungstemperatur von&nbsp;1200 \u00b0C.<\/font><font color=\"#333333\" size=\"2\">&nbsp; <\/font><br \/>\n<font color=\"#333333\" size=\"2\">Die Oberfl\u00e4chen der Platten sind glatt.&nbsp;<\/font><br \/>\n<font color=\"#333333\" size=\"2\">Farbe: beige<\/font> &nbsp;&nbsp;<\/p>\n<p><font color=\"#333333\" size=\"2\"><em><font color=\"#333333\" size=\"2\">Die Platten k\u00f6nnen wir nach Ihren Ma\u00dfen zuschneiden. Jedoch&nbsp;sind Rundungen oder etwas der Platte heraussschneiden, <u>nicht m\u00f6glich<\/u>!<\/font><\/em><\/font><\/p>\n<p><font color=\"#333333\" size=\"2\"><em><font color=\"#333333\" size=\"2\"><em><font color=\"#333333\" size=\"2\"><span style=\"COLOR: rgb(255,0,0); TEXT-DECORATION: underline\"><em><strong><font color=\"#3366ff\" size=\"3\"><span style=\"color: rgb(255, 0, 0);\">Diese Platten k\u00f6nnen aufgrund des St\u00fcck<span style=\"color:red;\">g<\/span>ewicht von rund <span style=\"color:red;\">35<\/span> kg nicht durch Paketdienst versendet werden&#8230;&#8230;&#8230;Frachtpreis bitte erfragen!<\/span><\/font><\/strong><\/em><\/span><\/font><\/em><\/font><\/em><\/font><\/p>\n<p><u><strong><font color=\"#333333\" size=\"2\">Abmessungen: 1000x500x30 mm <\/font><\/strong><\/u><\/p>\n<p>Schamotteplatte  P10050-3.0  wks 1000x500x30 mm<\/p>\n","protected":false},"excerpt":{"rendered":"<p>&nbsp; Die Schamotteplatte ist plastisch gepre\u00dft und hat ein maximale Anwendungstemperatur von&nbsp;1200 \u00b0C.&nbsp; Die Oberfl\u00e4chen der Platten sind glatt.&nbsp; Farbe: beige &nbsp;&nbsp; Die Platten k\u00f6nnen wir nach Ihren Ma\u00dfen zuschneiden. Jedoch&nbsp;sind Rundungen oder etwas der Platte heraussschneiden, nicht m\u00f6glich! Diese Platten k\u00f6nnen aufgrund des St\u00fcckgewicht von rund 35 kg nicht durch Paketdienst versendet werden&#8230;&#8230;&#8230;Frachtpreis bitte [&hellip;]<\/p>\n","protected":false},"featured_media":7681,"comment_status":"closed","ping_status":"open","template":"","meta":{"_acf_changed":false},"product_safety_overall":[],"product_brand":[],"product_cat":[1942,1979,2009],"product_tag":[651,681,682,683,684],"class_list":{"0":"post-6728","1":"product","2":"type-product","3":"status-publish","4":"has-post-thumbnail","6":"product_cat-steine-massen-moertel","7":"product_cat-schamottesteine","8":"product_cat-schamottesteine-platten-1000x500","9":"product_tag-schamottesteine","10":"product_tag-schamotte-normalsteine","11":"product_tag-schamotteplatten","12":"product_tag-feuerfeste-steine","13":"product_tag-feuerfeste-platten","15":"first","16":"instock","17":"taxable","18":"shipping-taxable","19":"purchasable","20":"product-type-simple"},"acf":[],"_links":{"self":[{"href":"https:\/\/www.ras-feuerfest.de\/shop\/wp-json\/wp\/v2\/product\/6728","targetHints":{"allow":["GET"]}}],"collection":[{"href":"https:\/\/www.ras-feuerfest.de\/shop\/wp-json\/wp\/v2\/product"}],"about":[{"href":"https:\/\/www.ras-feuerfest.de\/shop\/wp-json\/wp\/v2\/types\/product"}],"replies":[{"embeddable":true,"href":"https:\/\/www.ras-feuerfest.de\/shop\/wp-json\/wp\/v2\/comments?post=6728"}],"wp:featuredmedia":[{"embeddable":true,"href":"https:\/\/www.ras-feuerfest.de\/shop\/wp-json\/wp\/v2\/media\/7681"}],"wp:attachment":[{"href":"https:\/\/www.ras-feuerfest.de\/shop\/wp-json\/wp\/v2\/media?parent=6728"}],"wp:term":[{"taxonomy":"product_safety_overall","embeddable":true,"href":"https:\/\/www.ras-feuerfest.de\/shop\/wp-json\/wp\/v2\/product_safety_overall?post=6728"},{"taxonomy":"product_brand","embeddable":true,"href":"https:\/\/www.ras-feuerfest.de\/shop\/wp-json\/wp\/v2\/product_brand?post=6728"},{"taxonomy":"product_cat","embeddable":true,"href":"https:\/\/www.ras-feuerfest.de\/shop\/wp-json\/wp\/v2\/product_cat?post=6728"},{"taxonomy":"product_tag","embeddable":true,"href":"https:\/\/www.ras-feuerfest.de\/shop\/wp-json\/wp\/v2\/product_tag?post=6728"}],"curies":[{"name":"wp","href":"https:\/\/api.w.org\/{rel}","templated":true}]}}