{"id":6729,"date":"2024-10-09T17:48:56","date_gmt":"2024-10-09T15:48:56","guid":{"rendered":"https:\/\/www.ras-feuerfest.de\/shop\/product\/hourdisplatte-1000x500x40-mm\/"},"modified":"2024-10-10T13:44:01","modified_gmt":"2024-10-10T11:44:01","slug":"hourdisplatte-1000x500x40-mm","status":"publish","type":"product","link":"https:\/\/www.ras-feuerfest.de\/shop\/produkt\/hourdisplatte-1000x500x40-mm\/","title":{"rendered":"Hourdisplatte 1000x500x40 mm"},"content":{"rendered":"<p><span style=\"font-size:14px;\">Hourdisplatten sind hohle, druckstabile Platten aus Ziegelmasse.<\/span><\/p>\n<p><span style=\"font-size:14px;\">Sie eignen sich hervorragend als Heizkammerabdeckungen, f\u00fcr Ofenb\u00e4nke, bzw. \u00fcberall dort wo keine direkte Beflammung anf\u00e4llt &nbsp;bzw. wo der Temperaturwechsel gering ist.<\/span><\/p>\n<p><span style=\"font-size:14px;\">Abmessung: 1000x250x40 mm<br \/>\nAn der l\u00e4ngsseite haben die Platten&nbsp; Nut und Feder<br \/>\nFarbe:&nbsp;r\u00f6tlich<\/span><\/p>\n<p>Hourdisplatte 1000x500x40 mm<\/p>\n","protected":false},"excerpt":{"rendered":"<p>Hourdisplatten sind hohle, druckstabile Platten aus Ziegelmasse. Sie eignen sich hervorragend als Heizkammerabdeckungen, f\u00fcr Ofenb\u00e4nke, bzw. \u00fcberall dort wo keine direkte Beflammung anf\u00e4llt &nbsp;bzw. wo der Temperaturwechsel gering ist. Abmessung: 1000x250x40 mm An der l\u00e4ngsseite haben die Platten&nbsp; Nut und Feder Farbe:&nbsp;r\u00f6tlich Hourdisplatte 1000x500x40 mm<\/p>\n","protected":false},"featured_media":6730,"comment_status":"closed","ping_status":"open","template":"","meta":{"_acf_changed":false},"product_safety_overall":[],"product_brand":[],"product_cat":[1942,1979,1980],"product_tag":[],"class_list":{"0":"post-6729","1":"product","2":"type-product","3":"status-publish","4":"has-post-thumbnail","6":"product_cat-steine-massen-moertel","7":"product_cat-schamottesteine","8":"product_cat-schamottesteine-hourdisplatte","10":"first","11":"instock","12":"taxable","13":"shipping-taxable","14":"purchasable","15":"product-type-simple"},"acf":[],"_links":{"self":[{"href":"https:\/\/www.ras-feuerfest.de\/shop\/wp-json\/wp\/v2\/product\/6729","targetHints":{"allow":["GET"]}}],"collection":[{"href":"https:\/\/www.ras-feuerfest.de\/shop\/wp-json\/wp\/v2\/product"}],"about":[{"href":"https:\/\/www.ras-feuerfest.de\/shop\/wp-json\/wp\/v2\/types\/product"}],"replies":[{"embeddable":true,"href":"https:\/\/www.ras-feuerfest.de\/shop\/wp-json\/wp\/v2\/comments?post=6729"}],"wp:featuredmedia":[{"embeddable":true,"href":"https:\/\/www.ras-feuerfest.de\/shop\/wp-json\/wp\/v2\/media\/6730"}],"wp:attachment":[{"href":"https:\/\/www.ras-feuerfest.de\/shop\/wp-json\/wp\/v2\/media?parent=6729"}],"wp:term":[{"taxonomy":"product_safety_overall","embeddable":true,"href":"https:\/\/www.ras-feuerfest.de\/shop\/wp-json\/wp\/v2\/product_safety_overall?post=6729"},{"taxonomy":"product_brand","embeddable":true,"href":"https:\/\/www.ras-feuerfest.de\/shop\/wp-json\/wp\/v2\/product_brand?post=6729"},{"taxonomy":"product_cat","embeddable":true,"href":"https:\/\/www.ras-feuerfest.de\/shop\/wp-json\/wp\/v2\/product_cat?post=6729"},{"taxonomy":"product_tag","embeddable":true,"href":"https:\/\/www.ras-feuerfest.de\/shop\/wp-json\/wp\/v2\/product_tag?post=6729"}],"curies":[{"name":"wp","href":"https:\/\/api.w.org\/{rel}","templated":true}]}}