{"id":6741,"date":"2024-10-09T17:48:56","date_gmt":"2024-10-09T15:48:56","guid":{"rendered":"https:\/\/www.ras-feuerfest.de\/shop\/product\/ft-isotherm-1260-isoliersteine-05-bis-1260-c-nf2-32-250x124x32-mm\/"},"modified":"2024-10-10T13:43:43","modified_gmt":"2024-10-10T11:43:43","slug":"ft-isotherm-1260-isoliersteine-05-bis-1260-c-nf2-32-250x124x32-mm","status":"publish","type":"product","link":"https:\/\/www.ras-feuerfest.de\/shop\/produkt\/ft-isotherm-1260-isoliersteine-05-bis-1260-c-nf2-32-250x124x32-mm\/","title":{"rendered":"FT-ISOTHERM 1260  Isoliersteine 05 bis 1260 \u00b0C NF2-32  250x124x32 mm"},"content":{"rendered":"<p><font size=\"3\"><span style=\"COLOR: rgb(51,51,51)\"><span style=\"FONT-WEIGHT: bold; COLOR: rgb(153,51,0)\">Isotherm 1260 <\/span>sind hoch-feuerfeste Isoliersteine, mit einer sehr guten Isolierf\u00e4higkeit!<\/p>\n<p><font size=\"3\"><span style=\"TEXT-DECORATION: underline\">Anwendungsm\u00f6glichkeiten: <\/span>Anlagen- und Ofenbau, Hobby\u00f6fen, Labor\u00f6fen, als Hinterisolation und direkt Feuerseits einsetzbar, usw.<\/font><br \/>\n<br style=\"FONT-STYLE: italic; TEXT-DECORATION: underline\" \/><br \/>\n<span style=\"FONT-STYLE: italic; TEXT-DECORATION: underline\">Anwendungstemperatur: <\/span><span style=\"FONT-STYLE: italic\">max 1260 \u00b0C (ASTM 23)<\/span><br \/>\n<br style=\"FONT-STYLE: italic\" \/><br \/>\n<span style=\"FONT-STYLE: italic\"><span style=\"TEXT-DECORATION: underline\">Abmessungen:<\/span> 250x124x32 mm<\/p>\n<p><span style=\"text-decoration: underline;\">Rohdichte: 0,50<\/span><\/span><\/span><\/font><\/p>\n<p>FT-ISOTHERM 1260  Isoliersteine 05 bis 1260 \u00b0C NF2-32  250x124x32 mm<\/p>\n","protected":false},"excerpt":{"rendered":"<p>Isotherm 1260 sind hoch-feuerfeste Isoliersteine, mit einer sehr guten Isolierf\u00e4higkeit! Anwendungsm\u00f6glichkeiten: Anlagen- und Ofenbau, Hobby\u00f6fen, Labor\u00f6fen, als Hinterisolation und direkt Feuerseits einsetzbar, usw. Anwendungstemperatur: max 1260 \u00b0C (ASTM 23) Abmessungen: 250x124x32 mm Rohdichte: 0,50 FT-ISOTHERM 1260 Isoliersteine 05 bis 1260 \u00b0C NF2-32 250x124x32 mm<\/p>\n","protected":false},"featured_media":6738,"comment_status":"closed","ping_status":"open","template":"","meta":{"_acf_changed":false},"product_safety_overall":[],"product_brand":[],"product_cat":[1942,1952,1955],"product_tag":[],"class_list":{"0":"post-6741","1":"product","2":"type-product","3":"status-publish","4":"has-post-thumbnail","6":"product_cat-steine-massen-moertel","7":"product_cat-isolierung-steine_massen_moertel","8":"product_cat-isolierung-isoliersteine","10":"first","11":"instock","12":"taxable","13":"shipping-taxable","14":"purchasable","15":"product-type-simple"},"acf":[],"_links":{"self":[{"href":"https:\/\/www.ras-feuerfest.de\/shop\/wp-json\/wp\/v2\/product\/6741","targetHints":{"allow":["GET"]}}],"collection":[{"href":"https:\/\/www.ras-feuerfest.de\/shop\/wp-json\/wp\/v2\/product"}],"about":[{"href":"https:\/\/www.ras-feuerfest.de\/shop\/wp-json\/wp\/v2\/types\/product"}],"replies":[{"embeddable":true,"href":"https:\/\/www.ras-feuerfest.de\/shop\/wp-json\/wp\/v2\/comments?post=6741"}],"wp:featuredmedia":[{"embeddable":true,"href":"https:\/\/www.ras-feuerfest.de\/shop\/wp-json\/wp\/v2\/media\/6738"}],"wp:attachment":[{"href":"https:\/\/www.ras-feuerfest.de\/shop\/wp-json\/wp\/v2\/media?parent=6741"}],"wp:term":[{"taxonomy":"product_safety_overall","embeddable":true,"href":"https:\/\/www.ras-feuerfest.de\/shop\/wp-json\/wp\/v2\/product_safety_overall?post=6741"},{"taxonomy":"product_brand","embeddable":true,"href":"https:\/\/www.ras-feuerfest.de\/shop\/wp-json\/wp\/v2\/product_brand?post=6741"},{"taxonomy":"product_cat","embeddable":true,"href":"https:\/\/www.ras-feuerfest.de\/shop\/wp-json\/wp\/v2\/product_cat?post=6741"},{"taxonomy":"product_tag","embeddable":true,"href":"https:\/\/www.ras-feuerfest.de\/shop\/wp-json\/wp\/v2\/product_tag?post=6741"}],"curies":[{"name":"wp","href":"https:\/\/api.w.org\/{rel}","templated":true}]}}