{"id":6748,"date":"2024-10-09T17:48:56","date_gmt":"2024-10-09T15:48:56","guid":{"rendered":"https:\/\/www.ras-feuerfest.de\/shop\/product\/firetek-keramix-1400-weiss-beige-0-075-schamottemoertel-25-kg-sack-kart\/"},"modified":"2024-10-10T13:43:56","modified_gmt":"2024-10-10T11:43:56","slug":"firetek-keramix-1400-weiss-beige-0-075-schamottemoertel-25-kg-sack-kart","status":"publish","type":"product","link":"https:\/\/www.ras-feuerfest.de\/shop\/produkt\/firetek-keramix-1400-weiss-beige-0-075-schamottemoertel-25-kg-sack-kart\/","title":{"rendered":"FIRETEK-KERAMIX 1400 wei\u00df-beige 0-0,75 Schamottem\u00f6rtel 25 kg Sack\/Kart."},"content":{"rendered":"<div><font size=\"3\"><em><font face=\"Verdana\"><strong><em>FT-KERAMIX 1400\/0-1.0<\/em><\/strong><\/font><font size=\"3\"> <strong>wei\u00df beige<\/strong> <\/font>ist ein keramisch abbindender Ofenm\u00f6rtel. er eignet sich zum Setzen von Schamottesteinen,<br \/>\nzum Verfugen und Ausbessern von Rissen in Herden, Kachel\u00f6fen,etc.&nbsp; <\/em><\/font><\/div>\n<div><font size=\"3\"><em><font color=\"#333333\" face=\"Verdana\"><strong>FT<font face=\"Verdana\">&#8211;<\/font>KERAMIX 1400\/0-1.0<\/strong><\/font><font size=\"2\"> <\/font><font size=\"3\"><em><font size=\"3\"><strong>wei\u00df beige<\/strong><\/font><\/em><\/font>&nbsp; ist Verarbeitungsfertig<br \/>\nSehr gute Eignung f\u00fcr <\/em><\/font><font size=\"3\"><em><font color=\"#333333\" face=\"Verdana\" size=\"2\">Grund\u00f6fen und Kacheln, etc.<\/font><\/em><\/font>, oder zum verschlie\u00dfen von Reinigungs\u00f6ffnungen, usw.<\/div>\n<div>\n<div><font size=\"3\"><em><font color=\"#333333\" face=\"Verdana\" size=\"2\"><em><font face=\"Verdana\">M<\/font>aximale<font face=\"Verdana\"> <\/font>Anwendungstemperatur von 1400 \u00b0C.<br \/>\nDie Verfestigung beginnt bei 750 \u00b0C.<\/em><\/font><\/em><\/font><\/div>\n<div><font size=\"3\"><em><font size=\"3\"><em>K\u00f6rnung: 0-0,75 mm<\/em><\/font><\/em><\/font><\/div>\n<div>\n<div><font size=\"3\"><em><font color=\"#333333\" face=\"Verdana\"><u><em>Lieferform: 25 kg Sack\/Karton<\/em><\/u><\/font><\/em><\/font><\/div>\n<div><font size=\"3\"><em><font color=\"#333333\" face=\"Verdana\" size=\"2\"><em>&nbsp;<\/em><\/font><\/em><\/font><\/div>\n<\/div>\n<div><font size=\"3\"><em><font color=\"#333333\" face=\"Verdana\" size=\"2\"><em>Der M\u00f6rtel ist gebrauchsfertig und wird nur mit sauberem Trinkwasser angemischt.<\/em><\/font><\/em><\/font><\/div>\n<div><font size=\"3\"><em><font color=\"#333333\" face=\"Verdana\" size=\"2\"><em><font color=\"#333333\">Bei Reparaturen mit breiteren Rissen bzw. Ausbr\u00fcchen aus dem Mauerwerk empfehlen wir <strong>REPAMIX<\/strong>.<\/font> <\/em><\/font><\/em><\/font><\/div>\n<div><font size=\"3\"><em><font size=\"3\"><em>&nbsp;<\/em><\/font><\/em><\/font><\/div>\n<div><font size=\"3\"><em><font color=\"#333333\" face=\"Verdana\" size=\"2\"><em>F\u00fcr Kamine und offene Feuerstellen empfehlen wir <strong>ECUSIT<\/strong>-Fertigm\u00f6rtel, oder <strong>Versetzmix<\/strong><\/em><\/font><\/em><\/font><\/div>\n<div><font size=\"3\"><em><font color=\"#333333\" face=\"Verdana\" size=\"2\"><em>Beide binden hydraulisch ab&nbsp; und werden bei Raumtemperatur hart.<\/em><\/font><\/em><\/font><\/div>\n<\/div>\n<p>&nbsp;<\/p>\n<p>FIRETEK-KERAMIX 1400 wei\u00df-beige 0-0,75 Schamottem\u00f6rtel 25 kg Sack\/Kart.<\/p>\n","protected":false},"excerpt":{"rendered":"<p>FT-KERAMIX 1400\/0-1.0 wei\u00df beige ist ein keramisch abbindender Ofenm\u00f6rtel. er eignet sich zum Setzen von Schamottesteinen, zum Verfugen und Ausbessern von Rissen in Herden, Kachel\u00f6fen,etc.&nbsp; FT&#8211;KERAMIX 1400\/0-1.0 wei\u00df beige&nbsp; ist Verarbeitungsfertig Sehr gute Eignung f\u00fcr Grund\u00f6fen und Kacheln, etc., oder zum verschlie\u00dfen von Reinigungs\u00f6ffnungen, usw. Maximale Anwendungstemperatur von 1400 \u00b0C. Die Verfestigung beginnt bei 750 [&hellip;]<\/p>\n","protected":false},"featured_media":0,"comment_status":"closed","ping_status":"open","template":"","meta":{"_acf_changed":false},"product_safety_overall":[],"product_brand":[],"product_cat":[1942,1969,1970],"product_tag":[698,699,700],"class_list":{"0":"post-6748","1":"product","2":"type-product","3":"status-publish","5":"product_cat-steine-massen-moertel","6":"product_cat-schamottemoertel","7":"product_cat-schamottemoertel-keramisch","8":"product_tag-schamottemoertel","9":"product_tag-feuerfester-moertel","10":"product_tag-keramischer-moertel","12":"first","13":"instock","14":"taxable","15":"shipping-taxable","16":"purchasable","17":"product-type-simple"},"acf":[],"_links":{"self":[{"href":"https:\/\/www.ras-feuerfest.de\/shop\/wp-json\/wp\/v2\/product\/6748","targetHints":{"allow":["GET"]}}],"collection":[{"href":"https:\/\/www.ras-feuerfest.de\/shop\/wp-json\/wp\/v2\/product"}],"about":[{"href":"https:\/\/www.ras-feuerfest.de\/shop\/wp-json\/wp\/v2\/types\/product"}],"replies":[{"embeddable":true,"href":"https:\/\/www.ras-feuerfest.de\/shop\/wp-json\/wp\/v2\/comments?post=6748"}],"wp:attachment":[{"href":"https:\/\/www.ras-feuerfest.de\/shop\/wp-json\/wp\/v2\/media?parent=6748"}],"wp:term":[{"taxonomy":"product_safety_overall","embeddable":true,"href":"https:\/\/www.ras-feuerfest.de\/shop\/wp-json\/wp\/v2\/product_safety_overall?post=6748"},{"taxonomy":"product_brand","embeddable":true,"href":"https:\/\/www.ras-feuerfest.de\/shop\/wp-json\/wp\/v2\/product_brand?post=6748"},{"taxonomy":"product_cat","embeddable":true,"href":"https:\/\/www.ras-feuerfest.de\/shop\/wp-json\/wp\/v2\/product_cat?post=6748"},{"taxonomy":"product_tag","embeddable":true,"href":"https:\/\/www.ras-feuerfest.de\/shop\/wp-json\/wp\/v2\/product_tag?post=6748"}],"curies":[{"name":"wp","href":"https:\/\/api.w.org\/{rel}","templated":true}]}}