{"id":6768,"date":"2024-10-09T17:49:06","date_gmt":"2024-10-09T15:49:06","guid":{"rendered":"https:\/\/www.ras-feuerfest.de\/shop\/product\/firetek-cherasit-schamottemoertel-10-kg-sack-im-karton\/"},"modified":"2024-10-10T13:43:58","modified_gmt":"2024-10-10T11:43:58","slug":"firetek-cherasit-schamottemoertel-10-kg-sack-im-karton","status":"publish","type":"product","link":"https:\/\/www.ras-feuerfest.de\/shop\/produkt\/firetek-cherasit-schamottemoertel-10-kg-sack-im-karton\/","title":{"rendered":"FIRETEK-CHERASIT Schamottem\u00f6rtel  12,5 kg Sack im Karton"},"content":{"rendered":"<div>\n<div><font size=\"3\"><em><font face=\"Verdana\"><strong><em><font color=\"#cc9900\">FT-CHERASIT<\/font><\/em><\/strong><\/font><font size=\"2\">&nbsp; ist ein chemisch-keramisch abbindender feuerfester M\u00f6rtel.&nbsp;Dieser eignet sich zum Setzen von Schamottesteinen,<br \/>\nzum Verfugen und Ausbessern von Rissen in Herden, Kachel\u00f6fen, Steinback\u00f6fen, etc.&nbsp; <\/font><\/em><\/font><\/p>\n<div><font size=\"3\"><em><font color=\"#333333\" face=\"Verdana\" size=\"2\"><em><strong><font color=\"#cc9900\" size=\"3\">FT-CHERASIT<\/font><\/strong> hat eine maximale Anwendungstemperatur von 1450 \u00b0C.<br \/>\nDie chemische Verfestigung beginnt bei 20 \u00b0C.<\/em><\/font><\/em><\/font><\/div>\n<div><font size=\"3\"><em><font color=\"#333333\" face=\"Verdana\" size=\"2\">Die Keramische Verfestigung beginnt bei ca. 800 \u00b0C<\/font><\/em><\/font><\/div>\n<div><font size=\"3\"><em><font color=\"#333333\" face=\"Verdana\" size=\"2\"><strong><font color=\"#cc9900\" size=\"3\">FT-CHERASIT<\/font><\/strong> ist ein feuerfester M\u00f6rtel mit einer chemischen Bindung auf Wasserglasbasis und ist daher Luftrocknend.<\/font><\/em><\/font><\/div>\n<div><font size=\"3\"><em><font color=\"#333333\" face=\"Verdana\" size=\"2\">Der Abbindeproze\u00df ist von au\u00dfen nach innen und dauert daher bei dickeren Fugen l\u00e4nger!<\/font><\/em><\/font><\/div>\n<div><font size=\"3\"><em><font size=\"3\"><em>&nbsp;<\/em><\/font><\/em><\/font><\/div>\n<div>\n<div><font size=\"3\"><em><font color=\"#333333\" face=\"Verdana\"><u><em>Lieferform: <font face=\"Verdana\">1<\/font>2,5 kg <font face=\"Verdana\">Sack<\/font><\/em><\/u><\/font><\/em><\/font><\/div>\n<\/div>\n<div><font size=\"3\"><em><font color=\"#333333\" face=\"Verdana\" size=\"2\"><em>Der M\u00f6rtel ist gebrauchsfertig und wird nur mit sauberem Trinkwasser angemischt.<\/em><\/font><\/em><\/font><\/div>\n<div><font size=\"3\"><em><font color=\"#333333\" face=\"Verdana\" size=\"2\"><em><font color=\"#333333\">Bei Reparaturen mit breiteren Rissen bzw. Ausbr\u00fcchen aus dem Mauerwerk empfehlen wir <strong>REPAMIX<\/strong>.<\/font> <\/em><\/font><\/em><\/font><\/div>\n<div><font size=\"3\"><em><font size=\"3\"><em>&nbsp;<\/em><\/font><\/em><\/font><\/div>\n<div><font size=\"3\"><em><font color=\"#333333\" face=\"Verdana\" size=\"2\"><em>F\u00fcr Kamine und offene Feuerstellen empfehlen wir <\/em><\/font><\/em><\/font><strong><font color=\"#333333\" face=\"Verdana\" size=\"2\">HAFTMIX<\/font><\/strong><em><font color=\"#333333\" face=\"Verdana\" size=\"2\"><em>,&nbsp; <strong>ECUSIT<\/strong>-Fertigm\u00f6rtel, oder <strong>Versetzmix<\/strong><\/em><\/font><\/em><\/div>\n<div><font size=\"3\"><em><font color=\"#333333\" face=\"Verdana\" size=\"2\"><em>Beide binden hydraulisch ab&nbsp; und werden bei Raumtemperatur hart.<\/em><\/font><\/em><\/font><\/div>\n<\/div>\n<\/div>\n<p>&nbsp;<\/p>\n<p>FIRETEK-CHERASIT Schamottem\u00f6rtel  12,5 kg Sack im Karton<\/p>\n","protected":false},"excerpt":{"rendered":"<p>FT-CHERASIT&nbsp; ist ein chemisch-keramisch abbindender feuerfester M\u00f6rtel.&nbsp;Dieser eignet sich zum Setzen von Schamottesteinen, zum Verfugen und Ausbessern von Rissen in Herden, Kachel\u00f6fen, Steinback\u00f6fen, etc.&nbsp; FT-CHERASIT hat eine maximale Anwendungstemperatur von 1450 \u00b0C. Die chemische Verfestigung beginnt bei 20 \u00b0C. Die Keramische Verfestigung beginnt bei ca. 800 \u00b0C FT-CHERASIT ist ein feuerfester M\u00f6rtel mit einer chemischen [&hellip;]<\/p>\n","protected":false},"featured_media":7685,"comment_status":"closed","ping_status":"open","template":"","meta":{"_acf_changed":false},"product_safety_overall":[],"product_brand":[],"product_cat":[1942,1969,1972],"product_tag":[698,699,700],"class_list":{"0":"post-6768","1":"product","2":"type-product","3":"status-publish","4":"has-post-thumbnail","6":"product_cat-steine-massen-moertel","7":"product_cat-schamottemoertel","8":"product_cat-schamottemoertel-chemisch-keramisch","9":"product_tag-schamottemoertel","10":"product_tag-feuerfester-moertel","11":"product_tag-keramischer-moertel","13":"first","14":"instock","15":"taxable","16":"shipping-taxable","17":"purchasable","18":"product-type-simple"},"acf":[],"_links":{"self":[{"href":"https:\/\/www.ras-feuerfest.de\/shop\/wp-json\/wp\/v2\/product\/6768","targetHints":{"allow":["GET"]}}],"collection":[{"href":"https:\/\/www.ras-feuerfest.de\/shop\/wp-json\/wp\/v2\/product"}],"about":[{"href":"https:\/\/www.ras-feuerfest.de\/shop\/wp-json\/wp\/v2\/types\/product"}],"replies":[{"embeddable":true,"href":"https:\/\/www.ras-feuerfest.de\/shop\/wp-json\/wp\/v2\/comments?post=6768"}],"wp:featuredmedia":[{"embeddable":true,"href":"https:\/\/www.ras-feuerfest.de\/shop\/wp-json\/wp\/v2\/media\/7685"}],"wp:attachment":[{"href":"https:\/\/www.ras-feuerfest.de\/shop\/wp-json\/wp\/v2\/media?parent=6768"}],"wp:term":[{"taxonomy":"product_safety_overall","embeddable":true,"href":"https:\/\/www.ras-feuerfest.de\/shop\/wp-json\/wp\/v2\/product_safety_overall?post=6768"},{"taxonomy":"product_brand","embeddable":true,"href":"https:\/\/www.ras-feuerfest.de\/shop\/wp-json\/wp\/v2\/product_brand?post=6768"},{"taxonomy":"product_cat","embeddable":true,"href":"https:\/\/www.ras-feuerfest.de\/shop\/wp-json\/wp\/v2\/product_cat?post=6768"},{"taxonomy":"product_tag","embeddable":true,"href":"https:\/\/www.ras-feuerfest.de\/shop\/wp-json\/wp\/v2\/product_tag?post=6768"}],"curies":[{"name":"wp","href":"https:\/\/api.w.org\/{rel}","templated":true}]}}