{"id":6772,"date":"2024-10-09T17:49:06","date_gmt":"2024-10-09T15:49:06","guid":{"rendered":"https:\/\/www.ras-feuerfest.de\/shop\/product\/firetek-versetzplast-kleber-gebrauchsfertig-4-kg-eimer\/"},"modified":"2024-10-10T13:43:52","modified_gmt":"2024-10-10T11:43:52","slug":"firetek-versetzplast-kleber-gebrauchsfertig-4-kg-eimer","status":"publish","type":"product","link":"https:\/\/www.ras-feuerfest.de\/shop\/produkt\/firetek-versetzplast-kleber-gebrauchsfertig-4-kg-eimer\/","title":{"rendered":"FIRETEK-Versetzplast Kleber gebrauchsfertig 4 kg Eimer"},"content":{"rendered":"<div><font size=\"3\"><span style=\"COLOR: rgb(128,0,128); FONT-STYLE: italic\"><font size=\"2\"><span style=\"FONT-FAMILY: Verdana\"><font color=\"#993300\" size=\"3\">FT-VERSETZPLAST<\/font><\/span><\/font><\/span><\/font><font color=\"#333333\"> <\/font><font face=\"Verdana\" size=\"2\">ist ein chemisch abbindender&nbsp;Feuerkitt\/Kleber mit einer maximalen Anwendungstemperatur von 1380 \u00b0C.<\/font><br \/>\n<font size=\"3\"><span style=\"COLOR: rgb(128,0,128); FONT-STYLE: italic\"><font size=\"2\"><span style=\"FONT-FAMILY: Verdana\"><font color=\"#993300\" size=\"3\">FT-VERSETZPLAST<\/font><\/span><\/font><\/span><\/font><font face=\"Arial\" size=\"3\">&nbsp;<\/font><font color=\"#333333\" face=\"Verdana\" size=\"2\">ist leicht plastisch und <\/font><font face=\"Verdana\" size=\"2\">wird aus nat\u00fcrlichen Rohstoffen (gemahlene Schamotte und hochwertigen Tonen) sowie als Bindesystem mit Wasserglas, hergestellt.<\/font><\/div>\n<div><font size=\"3\"><span style=\"COLOR: rgb(128,0,128); FONT-STYLE: italic\"><font size=\"2\"><span style=\"FONT-FAMILY: Verdana\"><font color=\"#993300\" size=\"3\">FT-VERSETZPLAST<\/font><\/span><\/font><\/span><\/font><font color=\"#333333\">&nbsp;&nbsp;<\/font><font face=\"Verdana\" size=\"2\">hat hervorragende Klebeeigenschaften und eignet&nbsp;sich z.B. als Setzm\u00f6rtel von Schamottesteinen, Handform- und Industrieschamottekacheln, in offenen Kaminen, <\/font><\/div>\n<div><font face=\"Verdana\" size=\"2\">Kamin\u00f6fen, Kachel\u00f6fen, Steinback\u00f6fen, Pizza\u00f6fen, Herde, <\/font><font face=\"Verdana\" size=\"2\">offenen Feuerstellen <\/font><font face=\"Verdana\" size=\"2\">etc. <\/font><br \/>\n<font size=\"3\"><span style=\"COLOR: rgb(128,0,128); FONT-STYLE: italic\"><font size=\"2\"><span style=\"FONT-FAMILY: Verdana\"><font size=\"3\"><span style=\"COLOR: rgb(128,0,128); FONT-STYLE: italic\"><font size=\"2\"><span style=\"FONT-FAMILY: Verdana\"><font color=\"#993300\" size=\"3\">FT-VERSETZPLAST <\/font><\/span><\/font><\/span><\/font><\/span><\/font><\/span><\/font><font face=\"Verdana\" size=\"2\">ist geeignet f\u00fcr den Innen- und Au\u00dfenbereich<\/font><br \/>\n&nbsp;<\/div>\n<div><font color=\"#333333\" face=\"Verdana\" size=\"2\"><span style=\"COLOR: rgb(128,0,128); FONT-STYLE: italic\"><font size=\"2\"><span style=\"FONT-FAMILY: Verdana\"><font color=\"#993300\" size=\"3\">FT-VERSETZPLAST <\/font><font color=\"#333333\" size=\"2\">ist luftrocknend<\/font><\/span><\/font><\/span><\/font><\/div>\n<div><font size=\"3\"><em><font color=\"#333333\">&nbsp;<\/font><\/em><\/font><\/div>\n<div>\n<div><font color=\"#333333\" face=\"Verdana\"><u><em>Lieferform: <font face=\"Verdana\">4<\/font> kg Eimer<\/em><\/u><\/font><\/div>\n<div>&nbsp;<\/div>\n<div><font face=\"Verdana\" size=\"2\"><em><u><font color=\"#333333\">Farbe: hellb<\/font><font face=\"Verdana\">raun<\/font><\/u><\/em><\/font><\/div>\n<div><font face=\"Verdana\" size=\"2\">&nbsp;<\/font><\/div>\n<div>&nbsp;<\/div>\n<\/div>\n<div><font color=\"#333333\" face=\"Verdana\" size=\"2\"><em>Der M\u00f6rtel ist gebrauchsfertig und mu\u00df nur vor dem Verarbeiten gut durchgemischt werden.<\/em><\/font><\/div>\n<div><em><font color=\"#333333\" face=\"Verdana\" size=\"2\">Bei Bedarf kann sauberes Trinkwasser zugegeben werden und eine andere Konsistens zu erreichen.<\/font><\/em><\/div>\n<div><font color=\"#333333\" face=\"Verdana\" size=\"2\"><em>Der Setzkitt wird in Schichten von 2-3 mm verarbeitet.<\/em><\/font><\/div>\n<div><font size=\"3\"><em><font color=\"#333333\">&nbsp;<\/font><\/em><\/font><\/div>\n<p>FIRETEK-Versetzplast Kleber gebrauchsfertig 4 kg Eimer<\/p>\n","protected":false},"excerpt":{"rendered":"<p>FT-VERSETZPLAST ist ein chemisch abbindender&nbsp;Feuerkitt\/Kleber mit einer maximalen Anwendungstemperatur von 1380 \u00b0C. FT-VERSETZPLAST&nbsp;ist leicht plastisch und wird aus nat\u00fcrlichen Rohstoffen (gemahlene Schamotte und hochwertigen Tonen) sowie als Bindesystem mit Wasserglas, hergestellt. FT-VERSETZPLAST&nbsp;&nbsp;hat hervorragende Klebeeigenschaften und eignet&nbsp;sich z.B. als Setzm\u00f6rtel von Schamottesteinen, Handform- und Industrieschamottekacheln, in offenen Kaminen, Kamin\u00f6fen, Kachel\u00f6fen, Steinback\u00f6fen, Pizza\u00f6fen, Herde, offenen Feuerstellen etc. [&hellip;]<\/p>\n","protected":false},"featured_media":7686,"comment_status":"closed","ping_status":"open","template":"","meta":{"_acf_changed":false},"product_safety_overall":[],"product_brand":[],"product_cat":[1942,1964],"product_tag":[698,699,700,705,706],"class_list":{"0":"post-6772","1":"product","2":"type-product","3":"status-publish","4":"has-post-thumbnail","6":"product_cat-steine-massen-moertel","7":"product_cat-kleber-feuerkitt-versetzplast","8":"product_tag-schamottemoertel","9":"product_tag-feuerfester-moertel","10":"product_tag-keramischer-moertel","11":"product_tag-feuerfester-kleber","12":"product_tag-feuerkitt","14":"first","15":"instock","16":"taxable","17":"shipping-taxable","18":"purchasable","19":"product-type-simple"},"acf":[],"_links":{"self":[{"href":"https:\/\/www.ras-feuerfest.de\/shop\/wp-json\/wp\/v2\/product\/6772","targetHints":{"allow":["GET"]}}],"collection":[{"href":"https:\/\/www.ras-feuerfest.de\/shop\/wp-json\/wp\/v2\/product"}],"about":[{"href":"https:\/\/www.ras-feuerfest.de\/shop\/wp-json\/wp\/v2\/types\/product"}],"replies":[{"embeddable":true,"href":"https:\/\/www.ras-feuerfest.de\/shop\/wp-json\/wp\/v2\/comments?post=6772"}],"wp:featuredmedia":[{"embeddable":true,"href":"https:\/\/www.ras-feuerfest.de\/shop\/wp-json\/wp\/v2\/media\/7686"}],"wp:attachment":[{"href":"https:\/\/www.ras-feuerfest.de\/shop\/wp-json\/wp\/v2\/media?parent=6772"}],"wp:term":[{"taxonomy":"product_safety_overall","embeddable":true,"href":"https:\/\/www.ras-feuerfest.de\/shop\/wp-json\/wp\/v2\/product_safety_overall?post=6772"},{"taxonomy":"product_brand","embeddable":true,"href":"https:\/\/www.ras-feuerfest.de\/shop\/wp-json\/wp\/v2\/product_brand?post=6772"},{"taxonomy":"product_cat","embeddable":true,"href":"https:\/\/www.ras-feuerfest.de\/shop\/wp-json\/wp\/v2\/product_cat?post=6772"},{"taxonomy":"product_tag","embeddable":true,"href":"https:\/\/www.ras-feuerfest.de\/shop\/wp-json\/wp\/v2\/product_tag?post=6772"}],"curies":[{"name":"wp","href":"https:\/\/api.w.org\/{rel}","templated":true}]}}