{"id":6778,"date":"2024-10-09T17:49:06","date_gmt":"2024-10-09T15:49:06","guid":{"rendered":"https:\/\/www.ras-feuerfest.de\/shop\/product\/firetex-ecusit-schamottemoertel-hydraulisch-2-kg-anmischschale\/"},"modified":"2024-10-10T13:44:00","modified_gmt":"2024-10-10T11:44:00","slug":"firetex-ecusit-schamottemoertel-hydraulisch-2-kg-anmischschale","status":"publish","type":"product","link":"https:\/\/www.ras-feuerfest.de\/shop\/produkt\/firetex-ecusit-schamottemoertel-hydraulisch-2-kg-anmischschale\/","title":{"rendered":"FIRETEX- ECUSIT Schamottem\u00f6rtel hydraulisch  2 kg Beutel"},"content":{"rendered":"<div><font color=\"#333333\"><em style=\"COLOR: rgb(0,0,255)\"><font face=\"Verdana\"><strong>FT-ECUSIT<\/strong><\/font><\/em><\/font>&nbsp; <font face=\"Verdana\" size=\"2\">ist ein hydraulisch abbindender Ofen- und Kaminm\u00f6rtel mit einer maximalen Anwendungstemperatur von 1200 \u00b0C.<\/font><\/div>\n<div><font color=\"#333333\"><em style=\"COLOR: rgb(0,0,255)\"><font face=\"Verdana\"><strong>FT-ECUSIT<\/strong><\/font><\/em>&nbsp; <\/font><font face=\"Verdana\" size=\"2\">eignet sich z.B. als Setzm\u00f6rtel f\u00fcr Schamottesteine oder&nbsp; zum ausbessern von kleinen Rissen im feuerfesten Mauerwerk in \u00d6fen, Kaminen, offenen Feuerstellen, Back\u00f6fen, etc.<\/font><\/div>\n<div><font color=\"#333333\" face=\"Verdana\" size=\"2\">Die Verfestigung erfolgt hydraulisch bei Raumtemperatur.<\/font><\/div>\n<div><font size=\"3\"><em><font color=\"#333333\">&nbsp;<\/font><\/em><\/font><\/div>\n<div>\n<div><font color=\"#333333\" face=\"Verdana\"><u><em>Lieferform: <font face=\"Verdana\">2 kg Beutel<\/font><font face=\"Verdana\"> <\/font><\/em><\/u><\/font><\/div>\n<div><font face=\"Verdana\" size=\"2\">&nbsp;<\/font><\/div>\n<div>&nbsp;<\/div>\n<\/div>\n<div><font color=\"#333333\" face=\"Verdana\" size=\"2\"><em>Der M\u00f6rtel ist gebrauchsfertig und wird nur mit sauberem Trinkwasser angemischt.<\/em><\/font><\/div>\n<div><font color=\"#333333\" face=\"Verdana\" size=\"2\"><em>Bei Reparaturen mit breiteren Rissen bzw. Ausbr\u00fcchen aus dem Mauerwerk empfehlen wir <strong style=\"COLOR: rgb(51,153,102)\">REPAMIX<\/strong><\/em><\/font><\/div>\n<p>FIRETEX- ECUSIT Schamottem\u00f6rtel hydraulisch  2 kg Beutel<\/p>\n","protected":false},"excerpt":{"rendered":"<p>FT-ECUSIT&nbsp; ist ein hydraulisch abbindender Ofen- und Kaminm\u00f6rtel mit einer maximalen Anwendungstemperatur von 1200 \u00b0C. FT-ECUSIT&nbsp; eignet sich z.B. als Setzm\u00f6rtel f\u00fcr Schamottesteine oder&nbsp; zum ausbessern von kleinen Rissen im feuerfesten Mauerwerk in \u00d6fen, Kaminen, offenen Feuerstellen, Back\u00f6fen, etc. Die Verfestigung erfolgt hydraulisch bei Raumtemperatur. &nbsp; Lieferform: 2 kg Beutel &nbsp; &nbsp; Der M\u00f6rtel ist [&hellip;]<\/p>\n","protected":false},"featured_media":6779,"comment_status":"closed","ping_status":"open","template":"","meta":{"_acf_changed":false},"product_safety_overall":[],"product_brand":[],"product_cat":[1942,1969,1975,1976],"product_tag":[698,699,701],"class_list":{"0":"post-6778","1":"product","2":"type-product","3":"status-publish","4":"has-post-thumbnail","6":"product_cat-steine-massen-moertel","7":"product_cat-schamottemoertel","8":"product_cat-schamottemoertel-hydraulisch","9":"product_cat-kleingebinde-hydraulisch","10":"product_tag-schamottemoertel","11":"product_tag-feuerfester-moertel","12":"product_tag-hydraulisch-bindende-moertel","14":"first","15":"instock","16":"taxable","17":"shipping-taxable","18":"purchasable","19":"product-type-simple"},"acf":[],"_links":{"self":[{"href":"https:\/\/www.ras-feuerfest.de\/shop\/wp-json\/wp\/v2\/product\/6778","targetHints":{"allow":["GET"]}}],"collection":[{"href":"https:\/\/www.ras-feuerfest.de\/shop\/wp-json\/wp\/v2\/product"}],"about":[{"href":"https:\/\/www.ras-feuerfest.de\/shop\/wp-json\/wp\/v2\/types\/product"}],"replies":[{"embeddable":true,"href":"https:\/\/www.ras-feuerfest.de\/shop\/wp-json\/wp\/v2\/comments?post=6778"}],"wp:featuredmedia":[{"embeddable":true,"href":"https:\/\/www.ras-feuerfest.de\/shop\/wp-json\/wp\/v2\/media\/6779"}],"wp:attachment":[{"href":"https:\/\/www.ras-feuerfest.de\/shop\/wp-json\/wp\/v2\/media?parent=6778"}],"wp:term":[{"taxonomy":"product_safety_overall","embeddable":true,"href":"https:\/\/www.ras-feuerfest.de\/shop\/wp-json\/wp\/v2\/product_safety_overall?post=6778"},{"taxonomy":"product_brand","embeddable":true,"href":"https:\/\/www.ras-feuerfest.de\/shop\/wp-json\/wp\/v2\/product_brand?post=6778"},{"taxonomy":"product_cat","embeddable":true,"href":"https:\/\/www.ras-feuerfest.de\/shop\/wp-json\/wp\/v2\/product_cat?post=6778"},{"taxonomy":"product_tag","embeddable":true,"href":"https:\/\/www.ras-feuerfest.de\/shop\/wp-json\/wp\/v2\/product_tag?post=6778"}],"curies":[{"name":"wp","href":"https:\/\/api.w.org\/{rel}","templated":true}]}}