{"id":6780,"date":"2024-10-09T17:49:06","date_gmt":"2024-10-09T15:49:06","guid":{"rendered":"https:\/\/www.ras-feuerfest.de\/shop\/product\/firetex-low-cem-140-feuerbeton-zementarm-25-kg-eimer\/"},"modified":"2024-10-10T13:43:32","modified_gmt":"2024-10-10T11:43:32","slug":"firetex-low-cem-140-feuerbeton-zementarm-25-kg-eimer","status":"publish","type":"product","link":"https:\/\/www.ras-feuerfest.de\/shop\/produkt\/firetex-low-cem-140-feuerbeton-zementarm-25-kg-eimer\/","title":{"rendered":"FIRETEX-LOW-CEM  140 Feuerbeton-Zementarm   25 kg Eimer"},"content":{"rendered":"<p>\n\t<font color=\"#333333\" face=\"Verdana\" size=\"2\"><span style=\"FONT-WEIGHT: bold; COLOR: rgb(255,0,0)\"><font size=\"2\"><span style=\"FONT-FAMILY: Verdana\">FIRETEK <\/span><\/font><\/span><span style=\"COLOR: rgb(255,0,0)\"><font size=\"2\"><span style=\"FONT-FAMILY: Verdana\"><span style=\"COLOR: rgb(0,0,255)\">LOW-CEM-MIX 140 <span style=\"COLOR: rgb(51,51,51)\">ist eine feuerfeste, Zementarme R\u00fcttelgie\u00dfmasse mit einer hydraulischen Bindung hat, d.h. die Abbindung erfolgt bei Raumtemperatur.<br \/>\n\t<span style=\"color: rgb(0, 0, 255);\">LOW-CEM-MIX<\/span> <span style=\"color: rgb(0, 0, 255);\">140<\/span> ist speziel f\u00fcr die Hozvergaser\/Wirbelschichtfeuerung entwickelt und durch seinen extrem niedrigen Gehalt an Eisenoxyd wiedersteht es sehr gut den chemischen Angriffen der Verbrennungsgase.<\/p>\n<p>\n\t<span style=\"FONT-STYLE: italic; TEXT-DECORATION: underline\">Anwendungsm\u00f6glichkeiten:<\/span><span style=\"FONT-STYLE: italic\"> zum Gie\u00dfen von Formsteinen, Platten, St\u00fcrzen, usw., welche zum Beispiel Wirbelschichtfeuerungen, Holzvergaser, Kachel\u00f6fen und \u00fcberall dort wo hohe Temperaturen sind, eingesetzt werden k\u00f6nnen.<\/p>\n<p>\t<span style=\"text-decoration: underline;\">Verarbeitungsrichtlinien<\/span><\/span><br \/>\n\t<span style=\"FONT-STYLE: italic\">Die Masse muss mit einem Zwangsmischer verarbeitet werden, da nur relativ wenig Wasser zugef\u00fchrt wird.<br \/>\n\tDann wird diese in Formen, die entweder auf einem R\u00fctteltisch, oder mit einem Flaschenr\u00fcttler in Vibration gesetzt werden, damit die Masse an zu flie\u00dfen f\u00e4ngt.<\/p>\n<p>\t<span style=\"TEXT-DECORATION: underline\">Materialbedarf:<\/span> 2,2 kg je dm\u00b3<\/span><\/p>\n<p>\t<span style=\"TEXT-DECORATION: underline\">Maximale Anwendunsgtemperatur:<\/span> 1400\u00b0 C<\/p>\n<p>\t<span style=\"TEXT-DECORATION: underline\">Lieferform:<\/span> 25 kg PE Eimer<\/span><\/span><\/span><\/font><\/span><\/font><\/p>\n<p>FIRETEX-LOW-CEM  140 Feuerbeton-Zementarm   25 kg Eimer<\/p>\n","protected":false},"excerpt":{"rendered":"<p>FIRETEK LOW-CEM-MIX 140 ist eine feuerfeste, Zementarme R\u00fcttelgie\u00dfmasse mit einer hydraulischen Bindung hat, d.h. die Abbindung erfolgt bei Raumtemperatur. LOW-CEM-MIX 140 ist speziel f\u00fcr die Hozvergaser\/Wirbelschichtfeuerung entwickelt und durch seinen extrem niedrigen Gehalt an Eisenoxyd wiedersteht es sehr gut den chemischen Angriffen der Verbrennungsgase. Anwendungsm\u00f6glichkeiten: zum Gie\u00dfen von Formsteinen, Platten, St\u00fcrzen, usw., welche zum Beispiel [&hellip;]<\/p>\n","protected":false},"featured_media":0,"comment_status":"closed","ping_status":"open","template":"","meta":{"_acf_changed":false},"product_safety_overall":[],"product_brand":[],"product_cat":[1942,1943,1945],"product_tag":[707,708,709],"class_list":{"0":"post-6780","1":"product","2":"type-product","3":"status-publish","5":"product_cat-steine-massen-moertel","6":"product_cat-feuerbeton-giessmasse","7":"product_cat-feuerbeton-giessmasse-zementarme-ruettelgiessmasse","8":"product_tag-feuerbeton","9":"product_tag-feuerfeste-giessmasse","10":"product_tag-zementarmer-feuerbeton","12":"first","13":"instock","14":"taxable","15":"shipping-taxable","16":"purchasable","17":"product-type-simple"},"acf":[],"_links":{"self":[{"href":"https:\/\/www.ras-feuerfest.de\/shop\/wp-json\/wp\/v2\/product\/6780","targetHints":{"allow":["GET"]}}],"collection":[{"href":"https:\/\/www.ras-feuerfest.de\/shop\/wp-json\/wp\/v2\/product"}],"about":[{"href":"https:\/\/www.ras-feuerfest.de\/shop\/wp-json\/wp\/v2\/types\/product"}],"replies":[{"embeddable":true,"href":"https:\/\/www.ras-feuerfest.de\/shop\/wp-json\/wp\/v2\/comments?post=6780"}],"wp:attachment":[{"href":"https:\/\/www.ras-feuerfest.de\/shop\/wp-json\/wp\/v2\/media?parent=6780"}],"wp:term":[{"taxonomy":"product_safety_overall","embeddable":true,"href":"https:\/\/www.ras-feuerfest.de\/shop\/wp-json\/wp\/v2\/product_safety_overall?post=6780"},{"taxonomy":"product_brand","embeddable":true,"href":"https:\/\/www.ras-feuerfest.de\/shop\/wp-json\/wp\/v2\/product_brand?post=6780"},{"taxonomy":"product_cat","embeddable":true,"href":"https:\/\/www.ras-feuerfest.de\/shop\/wp-json\/wp\/v2\/product_cat?post=6780"},{"taxonomy":"product_tag","embeddable":true,"href":"https:\/\/www.ras-feuerfest.de\/shop\/wp-json\/wp\/v2\/product_tag?post=6780"}],"curies":[{"name":"wp","href":"https:\/\/api.w.org\/{rel}","templated":true}]}}