{"id":6783,"date":"2024-10-09T17:49:06","date_gmt":"2024-10-09T15:49:06","guid":{"rendered":"https:\/\/www.ras-feuerfest.de\/shop\/product\/firetex-haftmix-haftmoertel-schamottemoertel-25-kg-beutel-kart\/"},"modified":"2024-10-10T13:43:59","modified_gmt":"2024-10-10T11:43:59","slug":"firetex-haftmix-haftmoertel-schamottemoertel-25-kg-beutel-kart","status":"publish","type":"product","link":"https:\/\/www.ras-feuerfest.de\/shop\/produkt\/firetex-haftmix-haftmoertel-schamottemoertel-25-kg-beutel-kart\/","title":{"rendered":"FIRETEX-HAFTMIX  Haftm\u00f6rtel\/Schamottem\u00f6rtel 2,5 kg Beutel\/Kart."},"content":{"rendered":"<p><font size=\"4\"><strong><font color=\"#cc9933\">FT-HaftMix<\/font><\/strong> ist ein feuerfester&nbsp; Haftm\u00f6rtel der f\u00fcr den gesamten Feuerungsbereich.<br \/>\n<strong><font color=\"#cc9933\">FT-HaftMix<\/font><\/strong> hat &nbsp;ein sehr gutes Ausdehnungsverhalten.<\/font><\/p>\n<p><font size=\"4\"><strong><font color=\"#cc9933\">FT-HaftMix<\/font><\/strong> ist ein hydraulisch abbindender M\u00f6rtel, welcher als Universal Haftm\u00f6rtel bei einer maximalen&nbsp; Anwendungstemperatur von 1250&nbsp; \u00b0C eingesetz werden kann.<\/font><\/p>\n<p><font size=\"4\"><strong><font color=\"#cc9933\">FT-HaftMix <\/font><\/strong><span style=\"text-decoration: underline;\"><span style=\"font-style: italic;\"><font color=\"#cc9933\"><span style=\"color: rgb(255, 0, 0);\">h\u00e4rtet schnell aus!<\/span><\/font><\/span><\/span><\/font><\/p>\n<p><font size=\"4\"><strong><font color=\"#cc9933\">FT-HaftMix<\/font><\/strong> eignet sich z.B. als Setzm\u00f6rtel f\u00fcr Schamottesteine, bei fast beliebiger Fugendicke. Der Einsatz ist vom Feuerraum bis zum Verkleben von Standfesten Au\u00dfenh\u00fcllen m\u00f6glich.<\/font><\/p>\n<p><font size=\"4\"><u>Gebindegr\u00f6\u00dfe:&nbsp;<\/u><\/font><font size=\"4\"><u> <span style=\"font-style: italic;\">2,5 kg Beutel\/Kart.<\/span><\/u><\/font><\/p>\n<p>FIRETEX-HAFTMIX  Haftm\u00f6rtel\/Schamottem\u00f6rtel 2,5 kg Beutel\/Kart.<\/p>\n","protected":false},"excerpt":{"rendered":"<p>FT-HaftMix ist ein feuerfester&nbsp; Haftm\u00f6rtel der f\u00fcr den gesamten Feuerungsbereich. FT-HaftMix hat &nbsp;ein sehr gutes Ausdehnungsverhalten. FT-HaftMix ist ein hydraulisch abbindender M\u00f6rtel, welcher als Universal Haftm\u00f6rtel bei einer maximalen&nbsp; Anwendungstemperatur von 1250&nbsp; \u00b0C eingesetz werden kann. FT-HaftMix h\u00e4rtet schnell aus! FT-HaftMix eignet sich z.B. als Setzm\u00f6rtel f\u00fcr Schamottesteine, bei fast beliebiger Fugendicke. Der Einsatz ist [&hellip;]<\/p>\n","protected":false},"featured_media":6784,"comment_status":"closed","ping_status":"open","template":"","meta":{"_acf_changed":false},"product_safety_overall":[],"product_brand":[],"product_cat":[1942,1969,1973,1974],"product_tag":[698,699,701,710],"class_list":{"0":"post-6783","1":"product","2":"type-product","3":"status-publish","4":"has-post-thumbnail","6":"product_cat-steine-massen-moertel","7":"product_cat-schamottemoertel","8":"product_cat-schamottemoertel-haftmoertel","9":"product_cat-kleingebinde-haftmoertel","10":"product_tag-schamottemoertel","11":"product_tag-feuerfester-moertel","12":"product_tag-hydraulisch-bindende-moertel","13":"product_tag-feuerfester-haftmoertel","15":"first","16":"instock","17":"taxable","18":"shipping-taxable","19":"purchasable","20":"product-type-simple"},"acf":[],"_links":{"self":[{"href":"https:\/\/www.ras-feuerfest.de\/shop\/wp-json\/wp\/v2\/product\/6783","targetHints":{"allow":["GET"]}}],"collection":[{"href":"https:\/\/www.ras-feuerfest.de\/shop\/wp-json\/wp\/v2\/product"}],"about":[{"href":"https:\/\/www.ras-feuerfest.de\/shop\/wp-json\/wp\/v2\/types\/product"}],"replies":[{"embeddable":true,"href":"https:\/\/www.ras-feuerfest.de\/shop\/wp-json\/wp\/v2\/comments?post=6783"}],"wp:featuredmedia":[{"embeddable":true,"href":"https:\/\/www.ras-feuerfest.de\/shop\/wp-json\/wp\/v2\/media\/6784"}],"wp:attachment":[{"href":"https:\/\/www.ras-feuerfest.de\/shop\/wp-json\/wp\/v2\/media?parent=6783"}],"wp:term":[{"taxonomy":"product_safety_overall","embeddable":true,"href":"https:\/\/www.ras-feuerfest.de\/shop\/wp-json\/wp\/v2\/product_safety_overall?post=6783"},{"taxonomy":"product_brand","embeddable":true,"href":"https:\/\/www.ras-feuerfest.de\/shop\/wp-json\/wp\/v2\/product_brand?post=6783"},{"taxonomy":"product_cat","embeddable":true,"href":"https:\/\/www.ras-feuerfest.de\/shop\/wp-json\/wp\/v2\/product_cat?post=6783"},{"taxonomy":"product_tag","embeddable":true,"href":"https:\/\/www.ras-feuerfest.de\/shop\/wp-json\/wp\/v2\/product_tag?post=6783"}],"curies":[{"name":"wp","href":"https:\/\/api.w.org\/{rel}","templated":true}]}}