{"id":6791,"date":"2024-10-09T17:49:06","date_gmt":"2024-10-09T15:49:06","guid":{"rendered":"https:\/\/www.ras-feuerfest.de\/shop\/product\/repaplast-reparaturmasse-310-ml-kartusche\/"},"modified":"2024-10-10T13:43:55","modified_gmt":"2024-10-10T11:43:55","slug":"repaplast-reparaturmasse-310-ml-kartusche","status":"publish","type":"product","link":"https:\/\/www.ras-feuerfest.de\/shop\/produkt\/repaplast-reparaturmasse-310-ml-kartusche\/","title":{"rendered":"REPAPLAST Reparaturmasse 310 ml Kartusche"},"content":{"rendered":"<p><font size=\"3\"><strong>REPAPLAST<\/strong> ist eine <\/font><font face=\"Verdana\">f<\/font>euerfeste, s\u00e4urebest\u00e4ndige &nbsp;Reparaturmasse<br \/>\neignet sich zum Ausbessern schadhafter Fugen,<br \/>\n<font size=\"3\">Abplatzungen am Mauerwerk bei Innen- und Au\u00dfenkaminen<\/font><br \/>\n<font size=\"3\">Kachel\u00f6fen, etc.<\/font><\/p>\n<p><font size=\"3\"><em>max. Anwendungstemperatur bis 1350 \u00b0C<\/em><\/font><\/p>\n<p><font size=\"3\"><u>Inhalt: 310 ml Kartusche <\/u><\/font><\/p>\n<p>REPAPLAST Reparaturmasse 310 ml Kartusche<\/p>\n","protected":false},"excerpt":{"rendered":"<p>REPAPLAST ist eine feuerfeste, s\u00e4urebest\u00e4ndige &nbsp;Reparaturmasse eignet sich zum Ausbessern schadhafter Fugen, Abplatzungen am Mauerwerk bei Innen- und Au\u00dfenkaminen Kachel\u00f6fen, etc. max. Anwendungstemperatur bis 1350 \u00b0C Inhalt: 310 ml Kartusche REPAPLAST Reparaturmasse 310 ml Kartusche<\/p>\n","protected":false},"featured_media":6792,"comment_status":"closed","ping_status":"open","template":"","meta":{"_acf_changed":false},"product_safety_overall":[],"product_brand":[],"product_cat":[1942,1966,1968],"product_tag":[698,699,705,706],"class_list":{"0":"post-6791","1":"product","2":"type-product","3":"status-publish","4":"has-post-thumbnail","6":"product_cat-steine-massen-moertel","7":"product_cat-reparaturmasse","8":"product_cat-schamottemoertel-hydraulisch-kleingebinde","9":"product_tag-schamottemoertel","10":"product_tag-feuerfester-moertel","11":"product_tag-feuerfester-kleber","12":"product_tag-feuerkitt","14":"first","15":"instock","16":"taxable","17":"shipping-taxable","18":"purchasable","19":"product-type-simple"},"acf":[],"_links":{"self":[{"href":"https:\/\/www.ras-feuerfest.de\/shop\/wp-json\/wp\/v2\/product\/6791","targetHints":{"allow":["GET"]}}],"collection":[{"href":"https:\/\/www.ras-feuerfest.de\/shop\/wp-json\/wp\/v2\/product"}],"about":[{"href":"https:\/\/www.ras-feuerfest.de\/shop\/wp-json\/wp\/v2\/types\/product"}],"replies":[{"embeddable":true,"href":"https:\/\/www.ras-feuerfest.de\/shop\/wp-json\/wp\/v2\/comments?post=6791"}],"wp:featuredmedia":[{"embeddable":true,"href":"https:\/\/www.ras-feuerfest.de\/shop\/wp-json\/wp\/v2\/media\/6792"}],"wp:attachment":[{"href":"https:\/\/www.ras-feuerfest.de\/shop\/wp-json\/wp\/v2\/media?parent=6791"}],"wp:term":[{"taxonomy":"product_safety_overall","embeddable":true,"href":"https:\/\/www.ras-feuerfest.de\/shop\/wp-json\/wp\/v2\/product_safety_overall?post=6791"},{"taxonomy":"product_brand","embeddable":true,"href":"https:\/\/www.ras-feuerfest.de\/shop\/wp-json\/wp\/v2\/product_brand?post=6791"},{"taxonomy":"product_cat","embeddable":true,"href":"https:\/\/www.ras-feuerfest.de\/shop\/wp-json\/wp\/v2\/product_cat?post=6791"},{"taxonomy":"product_tag","embeddable":true,"href":"https:\/\/www.ras-feuerfest.de\/shop\/wp-json\/wp\/v2\/product_tag?post=6791"}],"curies":[{"name":"wp","href":"https:\/\/api.w.org\/{rel}","templated":true}]}}