{"id":6796,"date":"2024-10-09T17:49:06","date_gmt":"2024-10-09T15:49:06","guid":{"rendered":"https:\/\/www.ras-feuerfest.de\/shop\/product\/firetex-repamix-reparaturmasse-2kg-anmischschale\/"},"modified":"2024-10-10T13:43:55","modified_gmt":"2024-10-10T11:43:55","slug":"firetex-repamix-reparaturmasse-2kg-anmischschale","status":"publish","type":"product","link":"https:\/\/www.ras-feuerfest.de\/shop\/produkt\/firetex-repamix-reparaturmasse-2kg-anmischschale\/","title":{"rendered":"FIRETEX-REPAMIX  Reparaturmasse 2kg Standbeutel"},"content":{"rendered":"<p><strong><em>FT-REPAMIX<\/em><\/strong>&nbsp;ist eine feuerfeste, hydraulisch abbindende Reparaturmasse, zum Ausbessern&nbsp; von Rissen und Abplatzungen bzw. Ausbr\u00fcchen im feuerfesten Mauerwerk (Schamotte, feuerfester Beton, Speckstein) , z.B. in Herden, Kachel\u00f6fen, Kamineins\u00e4tzen, Heizkesseln, Dampferzeugern, usw<\/p>\n<p><em><strong>FT-REPAMIX<\/strong><\/em>&nbsp;hat eine maximale Anwendungstemperatur von 1650 \u00b0C<\/p>\n<p>Die Masse kann mittels Kelle oder von Hand auf die zu reparierende Stelle aufgetragen werden<br \/>\nund schon nach 30 Minuten vorsichtig aufgeheizt werden.<\/p>\n<p>Materialbedarf: 2,2 kg je dm\u00b3<\/p>\n<p><em><u>Lieferform: 2 kg Standbeutel verschlie\u00dfbar<\/u><\/em><\/p>\n<p>FIRETEX-REPAMIX  Reparaturmasse 2kg Standbeutel<\/p>\n","protected":false},"excerpt":{"rendered":"<p>FT-REPAMIX&nbsp;ist eine feuerfeste, hydraulisch abbindende Reparaturmasse, zum Ausbessern&nbsp; von Rissen und Abplatzungen bzw. Ausbr\u00fcchen im feuerfesten Mauerwerk (Schamotte, feuerfester Beton, Speckstein) , z.B. in Herden, Kachel\u00f6fen, Kamineins\u00e4tzen, Heizkesseln, Dampferzeugern, usw FT-REPAMIX&nbsp;hat eine maximale Anwendungstemperatur von 1650 \u00b0C Die Masse kann mittels Kelle oder von Hand auf die zu reparierende Stelle aufgetragen werden und schon nach [&hellip;]<\/p>\n","protected":false},"featured_media":6797,"comment_status":"closed","ping_status":"open","template":"","meta":{"_acf_changed":false},"product_safety_overall":[],"product_brand":[],"product_cat":[1942,1966,1968],"product_tag":[707,713,714],"class_list":{"0":"post-6796","1":"product","2":"type-product","3":"status-publish","4":"has-post-thumbnail","6":"product_cat-steine-massen-moertel","7":"product_cat-reparaturmasse","8":"product_cat-schamottemoertel-hydraulisch-kleingebinde","9":"product_tag-feuerbeton","10":"product_tag-feuerfeste-stampfmasse","11":"product_tag-feuerfeste-reparaurmasse","13":"first","14":"instock","15":"taxable","16":"shipping-taxable","17":"purchasable","18":"product-type-simple"},"acf":[],"_links":{"self":[{"href":"https:\/\/www.ras-feuerfest.de\/shop\/wp-json\/wp\/v2\/product\/6796","targetHints":{"allow":["GET"]}}],"collection":[{"href":"https:\/\/www.ras-feuerfest.de\/shop\/wp-json\/wp\/v2\/product"}],"about":[{"href":"https:\/\/www.ras-feuerfest.de\/shop\/wp-json\/wp\/v2\/types\/product"}],"replies":[{"embeddable":true,"href":"https:\/\/www.ras-feuerfest.de\/shop\/wp-json\/wp\/v2\/comments?post=6796"}],"wp:featuredmedia":[{"embeddable":true,"href":"https:\/\/www.ras-feuerfest.de\/shop\/wp-json\/wp\/v2\/media\/6797"}],"wp:attachment":[{"href":"https:\/\/www.ras-feuerfest.de\/shop\/wp-json\/wp\/v2\/media?parent=6796"}],"wp:term":[{"taxonomy":"product_safety_overall","embeddable":true,"href":"https:\/\/www.ras-feuerfest.de\/shop\/wp-json\/wp\/v2\/product_safety_overall?post=6796"},{"taxonomy":"product_brand","embeddable":true,"href":"https:\/\/www.ras-feuerfest.de\/shop\/wp-json\/wp\/v2\/product_brand?post=6796"},{"taxonomy":"product_cat","embeddable":true,"href":"https:\/\/www.ras-feuerfest.de\/shop\/wp-json\/wp\/v2\/product_cat?post=6796"},{"taxonomy":"product_tag","embeddable":true,"href":"https:\/\/www.ras-feuerfest.de\/shop\/wp-json\/wp\/v2\/product_tag?post=6796"}],"curies":[{"name":"wp","href":"https:\/\/api.w.org\/{rel}","templated":true}]}}