{"id":6804,"date":"2024-10-09T17:49:18","date_gmt":"2024-10-09T15:49:18","guid":{"rendered":"https:\/\/www.ras-feuerfest.de\/shop\/product\/firetex-versetzmix-schamottemoertel-hydr-20-kg-sack-kart\/"},"modified":"2024-10-10T13:43:59","modified_gmt":"2024-10-10T11:43:59","slug":"firetex-versetzmix-schamottemoertel-hydr-20-kg-sack-kart","status":"publish","type":"product","link":"https:\/\/www.ras-feuerfest.de\/shop\/produkt\/firetex-versetzmix-schamottemoertel-hydr-20-kg-sack-kart\/","title":{"rendered":"FIRETEX- Versetzmix Schamottem\u00f6rtel hydr. 20 kg Eimer"},"content":{"rendered":"<div><font size=\"3\"><strong><font size=\"3\"><span style=\"COLOR: rgb(128,0,128); FONT-STYLE: italic\"><font size=\"2\"><span style=\"FONT-FAMILY: Verdana\"><font size=\"3\">FT<\/font><font color=\"#333333\">&#8211;<\/font>VERSETZMIX<\/span><\/font><\/span><\/font><\/strong><\/font><font color=\"#333333\"><strong><span style=\"COLOR: rgb(128,0,128)\">&nbsp;<\/span><\/strong> <\/font><font face=\"Verdana\" size=\"2\">ist ein hydraulisch-keramisch abbindender Feuerfestm\u00f6rtel mit einer maximalen Anwendungstemperatur von 1200 \u00b0C.<\/font><br \/>\n<strong><font size=\"3\"><span style=\"COLOR: rgb(128,0,128); FONT-STYLE: italic\"><font size=\"2\"><span style=\"FONT-FAMILY: Verdana\"><font size=\"3\">FT<\/font><font color=\"#333333\">&#8211;<\/font>VERSETZMIX<\/span><\/font><\/span><\/font><font face=\"Arial\" size=\"3\"> <\/font><\/strong><font face=\"Verdana\" size=\"2\">wird aus nat\u00fcrlichen Rohstoffen (gemahlene Schamotte und hochwertigen Tonen) hergestellt.<\/font><\/div>\n<div><font size=\"3\"><strong><font size=\"3\"><span style=\"COLOR: rgb(128,0,128); FONT-STYLE: italic\"><font size=\"2\"><span style=\"FONT-FAMILY: Verdana\"><font size=\"3\">FT<\/font><font color=\"#333333\">&#8211;<\/font>VERSETZMIX<\/span><\/font><\/span><\/font><\/strong><\/font><font face=\"Arial\" size=\"3\"> <\/font><font color=\"#333333\">&nbsp; <\/font><font face=\"Verdana\" size=\"2\">eignet sich z.B. als Setzm\u00f6rtel von Schamottesteinen, Handform- und Industrieschamottekacheln, in offenen Kamine, Kamin\u00f6fen, Kachel\u00f6fen, Steinback\u00f6fen, Pizza\u00f6fen, Herde, <\/font><font face=\"Verdana\" size=\"2\">offenen Feuerstellen <\/font><font face=\"Verdana\" size=\"2\">etc. <\/font><br \/>\n<font size=\"3\"><strong><font size=\"3\"><span style=\"COLOR: rgb(128,0,128); FONT-STYLE: italic\"><font size=\"2\"><span style=\"FONT-FAMILY: Verdana\"><font size=\"3\">FT<\/font><font color=\"#333333\">&#8211;<\/font>VERSETZMIX<\/span><\/font><\/span><\/font><\/strong><\/font><font face=\"Arial\" size=\"3\"> <\/font><font color=\"#333333\"><span style=\"COLOR: rgb(128,0,128)\">&nbsp;<\/span> <\/font><font face=\"Verdana\" size=\"2\">ist geeignet f\u00fcr den Innen- und Au\u00dfenbereich<\/font><br \/>\n<font size=\"3\"><strong><font size=\"3\"><span style=\"COLOR: rgb(128,0,128); FONT-STYLE: italic\"><font size=\"2\"><span style=\"FONT-FAMILY: Verdana\"><font size=\"3\">FT<\/font><font color=\"#333333\">&#8211;<\/font>VERSETZMIX<\/span><\/font><\/span><\/font><\/strong><\/font><font face=\"Arial\" size=\"3\">&nbsp; <\/font><font face=\"Verdana\" size=\"2\">nimmt Temperaturspannungen auf. <\/font><br \/>\n<font size=\"3\"><strong><font size=\"3\"><span style=\"COLOR: rgb(128,0,128); FONT-STYLE: italic\"><font size=\"2\"><span style=\"FONT-FAMILY: Verdana\"><font size=\"3\">FT<\/font><font color=\"#333333\">&#8211;<\/font>VERSETZMIX<\/span><\/font><\/span><\/font><\/strong><\/font><font face=\"Arial\" size=\"3\"> <\/font><font color=\"#333333\"><span style=\"COLOR: rgb(153,51,102)\">&nbsp;<\/span> <\/font><font face=\"Verdana\" size=\"2\">erm\u00f6glicht durch die hohe Gr\u00fcnstandsfestigkeit eine schnelle Standfestigkeit der&nbsp; gesetzten&nbsp; Steine und Kacheln. <\/font><br \/>\n&nbsp;<\/div>\n<div><font color=\"#333333\" face=\"Verdana\" size=\"2\">Die Verfestigung erfolgt hydraulisch bei Raumtemperatur.<\/font><\/div>\n<div><font size=\"3\"><em><font color=\"#333333\">&nbsp;<\/font><\/em><\/font><\/div>\n<div>\n<div><font color=\"#333333\" face=\"Verdana\"><u><em>Lieferform:&nbsp;20 kg Eimer<\/em><\/u><\/font><\/div>\n<div>&nbsp;<\/div>\n<\/div>\n<div><font color=\"#333333\" face=\"Verdana\" size=\"2\"><em>Der M\u00f6rtel ist gebrauchsfertig und wird nur mit sauberem Trinkwasser angemischt.<\/em><\/font><\/div>\n<div><font color=\"#333333\" face=\"Verdana\" size=\"2\"><em>Bei Reparaturen mit breiteren Rissen bzw. Ausbr\u00fcchen aus dem Mauerwerk empfehlen wir <strong style=\"COLOR: rgb(51,153,102)\">REPAMIX<\/strong><span style=\"COLOR: rgb(51,153,102)\">.<\/span> <\/em><\/font><\/div>\n<p>FIRETEX- Versetzmix Schamottem\u00f6rtel hydr. 20 kg Eimer<\/p>\n","protected":false},"excerpt":{"rendered":"<p>FT&#8211;VERSETZMIX&nbsp; ist ein hydraulisch-keramisch abbindender Feuerfestm\u00f6rtel mit einer maximalen Anwendungstemperatur von 1200 \u00b0C. FT&#8211;VERSETZMIX wird aus nat\u00fcrlichen Rohstoffen (gemahlene Schamotte und hochwertigen Tonen) hergestellt. FT&#8211;VERSETZMIX &nbsp; eignet sich z.B. als Setzm\u00f6rtel von Schamottesteinen, Handform- und Industrieschamottekacheln, in offenen Kamine, Kamin\u00f6fen, Kachel\u00f6fen, Steinback\u00f6fen, Pizza\u00f6fen, Herde, offenen Feuerstellen etc. FT&#8211;VERSETZMIX &nbsp; ist geeignet f\u00fcr den Innen- und [&hellip;]<\/p>\n","protected":false},"featured_media":6805,"comment_status":"closed","ping_status":"open","template":"","meta":{"_acf_changed":false},"product_safety_overall":[],"product_brand":[],"product_cat":[1942,1969,1975],"product_tag":[698,699,701],"class_list":{"0":"post-6804","1":"product","2":"type-product","3":"status-publish","4":"has-post-thumbnail","6":"product_cat-steine-massen-moertel","7":"product_cat-schamottemoertel","8":"product_cat-schamottemoertel-hydraulisch","9":"product_tag-schamottemoertel","10":"product_tag-feuerfester-moertel","11":"product_tag-hydraulisch-bindende-moertel","13":"first","14":"instock","15":"taxable","16":"shipping-taxable","17":"purchasable","18":"product-type-simple"},"acf":[],"_links":{"self":[{"href":"https:\/\/www.ras-feuerfest.de\/shop\/wp-json\/wp\/v2\/product\/6804","targetHints":{"allow":["GET"]}}],"collection":[{"href":"https:\/\/www.ras-feuerfest.de\/shop\/wp-json\/wp\/v2\/product"}],"about":[{"href":"https:\/\/www.ras-feuerfest.de\/shop\/wp-json\/wp\/v2\/types\/product"}],"replies":[{"embeddable":true,"href":"https:\/\/www.ras-feuerfest.de\/shop\/wp-json\/wp\/v2\/comments?post=6804"}],"wp:featuredmedia":[{"embeddable":true,"href":"https:\/\/www.ras-feuerfest.de\/shop\/wp-json\/wp\/v2\/media\/6805"}],"wp:attachment":[{"href":"https:\/\/www.ras-feuerfest.de\/shop\/wp-json\/wp\/v2\/media?parent=6804"}],"wp:term":[{"taxonomy":"product_safety_overall","embeddable":true,"href":"https:\/\/www.ras-feuerfest.de\/shop\/wp-json\/wp\/v2\/product_safety_overall?post=6804"},{"taxonomy":"product_brand","embeddable":true,"href":"https:\/\/www.ras-feuerfest.de\/shop\/wp-json\/wp\/v2\/product_brand?post=6804"},{"taxonomy":"product_cat","embeddable":true,"href":"https:\/\/www.ras-feuerfest.de\/shop\/wp-json\/wp\/v2\/product_cat?post=6804"},{"taxonomy":"product_tag","embeddable":true,"href":"https:\/\/www.ras-feuerfest.de\/shop\/wp-json\/wp\/v2\/product_tag?post=6804"}],"curies":[{"name":"wp","href":"https:\/\/api.w.org\/{rel}","templated":true}]}}