{"id":6812,"date":"2024-10-09T17:49:18","date_gmt":"2024-10-09T15:49:18","guid":{"rendered":"https:\/\/www.ras-feuerfest.de\/shop\/product\/firetex-giessmix-1600-feuerbeton-10-kg-sack-kart\/"},"modified":"2024-10-10T13:43:31","modified_gmt":"2024-10-10T11:43:31","slug":"firetex-giessmix-1600-feuerbeton-10-kg-sack-kart","status":"publish","type":"product","link":"https:\/\/www.ras-feuerfest.de\/shop\/produkt\/firetex-giessmix-1600-feuerbeton-10-kg-sack-kart\/","title":{"rendered":"FIRETEX-GIE\u00dfMIX 1600 Feuerbeton   12,5 kg Sack\/Kart."},"content":{"rendered":"<p><font color=\"#333333\" face=\"Verdana\" size=\"2\"><span style=\"FONT-WEIGHT: bold; COLOR: rgb(255,0,0)\"><font size=\"2\"><span style=\"FONT-FAMILY: Verdana\">FIRETEK <\/span><\/font><\/span><span style=\"COLOR: rgb(255,0,0)\"><font size=\"2\"><span style=\"FONT-FAMILY: Verdana\"><span style=\"COLOR: rgb(0,0,255)\">Gie\u00dfmix 1<font color=\"#333333\">6<\/font>00 <span style=\"COLOR: rgb(51,51,51)\">ist ein Feuerfester Beton, der ein hydraulische Bindung hat, d.h. bei Raumtemperatur abbindet.<\/p>\n<p><span style=\"FONT-STYLE: italic; TEXT-DECORATION: underline\">Anwendungsm\u00f6glichkeiten:<\/span><span style=\"FONT-STYLE: italic\"> zum Gie\u00dfen von Formsteinen, Platten, St\u00fcrzen, usw., welche zum Beispiel in Kachel\u00f6fen, Heizkesseln, Kaminen und \u00fcberall dort wo hohe Temperaturen sind, eingesetzt werden k\u00f6nnen.<\/span><br style=\"FONT-STYLE: italic\" \/><br \/>\n<span style=\"FONT-STYLE: italic\">Die mit Wasser angemachte Masse kann in Holzformen oder \u00e4hnlichem gegossen werden und nach<\/span><br style=\"FONT-STYLE: italic\" \/><br \/>\n<span style=\"FONT-STYLE: italic\">24 Stunden Abbindezeit wieder entnommen werden.<\/p>\n<p><span style=\"TEXT-DECORATION: underline\">Materialbedarf:<\/span> 2,45 kg je dm\u00b3<\/span><\/p>\n<p><span style=\"TEXT-DECORATION: underline\">Maximale Anwendunsgtemperatur:<\/span> 1600\u00b0 C<\/p>\n<p><span style=\"text-decoration: underline;\">Farbe: wei\u00df\/gr\u00e4ulich<\/span><\/p>\n<p><span style=\"TEXT-DECORATION: underline\">Lieferform:<\/span> 12,5 kg\/LPDE\/Karton<\/span><\/span><\/span><\/font><\/span><\/font><\/p>\n<p>FIRETEX-GIE\u00dfMIX 1600 Feuerbeton   12,5 kg Sack\/Kart.<\/p>\n","protected":false},"excerpt":{"rendered":"<p>FIRETEK Gie\u00dfmix 1600 ist ein Feuerfester Beton, der ein hydraulische Bindung hat, d.h. bei Raumtemperatur abbindet. Anwendungsm\u00f6glichkeiten: zum Gie\u00dfen von Formsteinen, Platten, St\u00fcrzen, usw., welche zum Beispiel in Kachel\u00f6fen, Heizkesseln, Kaminen und \u00fcberall dort wo hohe Temperaturen sind, eingesetzt werden k\u00f6nnen. Die mit Wasser angemachte Masse kann in Holzformen oder \u00e4hnlichem gegossen werden und nach [&hellip;]<\/p>\n","protected":false},"featured_media":6813,"comment_status":"closed","ping_status":"open","template":"","meta":{"_acf_changed":false},"product_safety_overall":[],"product_brand":[],"product_cat":[1942,1943,1944],"product_tag":[707,708],"class_list":{"0":"post-6812","1":"product","2":"type-product","3":"status-publish","4":"has-post-thumbnail","6":"product_cat-steine-massen-moertel","7":"product_cat-feuerbeton-giessmasse","8":"product_cat-feuerbeton-giessmasse-giessmasse-feuerbeton","9":"product_tag-feuerbeton","10":"product_tag-feuerfeste-giessmasse","12":"first","13":"instock","14":"taxable","15":"shipping-taxable","16":"purchasable","17":"product-type-simple"},"acf":[],"_links":{"self":[{"href":"https:\/\/www.ras-feuerfest.de\/shop\/wp-json\/wp\/v2\/product\/6812","targetHints":{"allow":["GET"]}}],"collection":[{"href":"https:\/\/www.ras-feuerfest.de\/shop\/wp-json\/wp\/v2\/product"}],"about":[{"href":"https:\/\/www.ras-feuerfest.de\/shop\/wp-json\/wp\/v2\/types\/product"}],"replies":[{"embeddable":true,"href":"https:\/\/www.ras-feuerfest.de\/shop\/wp-json\/wp\/v2\/comments?post=6812"}],"wp:featuredmedia":[{"embeddable":true,"href":"https:\/\/www.ras-feuerfest.de\/shop\/wp-json\/wp\/v2\/media\/6813"}],"wp:attachment":[{"href":"https:\/\/www.ras-feuerfest.de\/shop\/wp-json\/wp\/v2\/media?parent=6812"}],"wp:term":[{"taxonomy":"product_safety_overall","embeddable":true,"href":"https:\/\/www.ras-feuerfest.de\/shop\/wp-json\/wp\/v2\/product_safety_overall?post=6812"},{"taxonomy":"product_brand","embeddable":true,"href":"https:\/\/www.ras-feuerfest.de\/shop\/wp-json\/wp\/v2\/product_brand?post=6812"},{"taxonomy":"product_cat","embeddable":true,"href":"https:\/\/www.ras-feuerfest.de\/shop\/wp-json\/wp\/v2\/product_cat?post=6812"},{"taxonomy":"product_tag","embeddable":true,"href":"https:\/\/www.ras-feuerfest.de\/shop\/wp-json\/wp\/v2\/product_tag?post=6812"}],"curies":[{"name":"wp","href":"https:\/\/api.w.org\/{rel}","templated":true}]}}