{"id":6819,"date":"2024-10-09T17:49:18","date_gmt":"2024-10-09T15:49:18","guid":{"rendered":"https:\/\/www.ras-feuerfest.de\/shop\/product\/firetex-stampfplast-1700-feuerfeste-stampfmasse-6-kg-eimer\/"},"modified":"2024-10-10T13:44:43","modified_gmt":"2024-10-10T11:44:43","slug":"firetex-stampfplast-1700-feuerfeste-stampfmasse-6-kg-eimer","status":"publish","type":"product","link":"https:\/\/www.ras-feuerfest.de\/shop\/produkt\/firetex-stampfplast-1700-feuerfeste-stampfmasse-6-kg-eimer\/","title":{"rendered":"FIRETEX-Stampfplast 1700 feuerfeste Stampfmasse  Standbeutel"},"content":{"rendered":"<p><font color=\"#333333\" face=\"Verdana\" size=\"2\"><span style=\"FONT-WEIGHT: bold\"><span style=\"COLOR: rgb(255,0,0)\"><font size=\"2\"><span style=\"FONT-FAMILY: Verdana\">FIRETEK <\/span><\/font><\/span><\/span><span style=\"COLOR: rgb(255,0,0)\"><font size=\"2\"><span style=\"FONT-FAMILY: Verdana\"><span style=\"COLOR: rgb(0,0,255)\">Stampfplast 1700 <span style=\"COLOR: rgb(51,51,51)\">ist eine gebrauchsfertige Stampfmasse welche aus einem plastischem Granulat besteht.<\/span><\/span><\/span><\/font><\/span><\/font><br \/>\n<font color=\"#333333\" face=\"Verdana\" size=\"2\"><span style=\"COLOR: rgb(255,0,0)\"><font size=\"2\"><span style=\"FONT-FAMILY: Verdana\"><span style=\"COLOR: rgb(0,0,255)\"><span style=\"COLOR: rgb(51,51,51)\">Dieses Granulat l\u00e4sst sich leicht mittel F\u00e4ustel etc. in die gew\u00fcnschte Form bringen und ist als Baumasse &#8222;modelierbar&#8220;.<\/p>\n<p><span style=\"FONT-STYLE: italic; TEXT-DECORATION: underline\">Anwendungsm\u00f6glichkeiten:<\/span><span style=\"FONT-STYLE: italic\"> ausbessern und neuerstellung defekter Brennersteine, feuerfestem Mauerwerk, im Kachelofen, Heizkessel, usw.<\/span><\/span><\/span><\/span><\/font><\/span><\/p>\n<p><span style=\"COLOR: rgb(255,0,0)\"><font size=\"2\"><span style=\"FONT-FAMILY: Verdana\"><span style=\"COLOR: rgb(0,0,255)\"><span style=\"COLOR: rgb(51,51,51)\"><span style=\"FONT-STYLE: italic\"><span style=\"TEXT-DECORATION: underline\">Materialbedarf:<\/span> 2,3 kg je dm\u00b3 <\/span><\/span><\/span><\/span><\/font><\/span><br \/>\n<br style=\"TEXT-DECORATION: underline\" \/><br \/>\n<span style=\"COLOR: rgb(255,0,0)\"><font size=\"2\"><span style=\"FONT-FAMILY: Verdana\"><span style=\"COLOR: rgb(0,0,255)\"><span style=\"COLOR: rgb(51,51,51)\"><span style=\"TEXT-DECORATION: underline\">Maximale Anwendungstemperatur:<\/span> 1700 \u00b0C<\/p>\n<p>Lieferform: 6 kg PE 2 Standbeutel<\/span><\/span><\/span><\/font><\/span><\/font><\/p>\n<p>FIRETEX-Stampfplast 1700 feuerfeste Stampfmasse  Standbeutel<\/p>\n","protected":false},"excerpt":{"rendered":"<p>FIRETEK Stampfplast 1700 ist eine gebrauchsfertige Stampfmasse welche aus einem plastischem Granulat besteht. Dieses Granulat l\u00e4sst sich leicht mittel F\u00e4ustel etc. in die gew\u00fcnschte Form bringen und ist als Baumasse &#8222;modelierbar&#8220;. Anwendungsm\u00f6glichkeiten: ausbessern und neuerstellung defekter Brennersteine, feuerfestem Mauerwerk, im Kachelofen, Heizkessel, usw. Materialbedarf: 2,3 kg je dm\u00b3 Maximale Anwendungstemperatur: 1700 \u00b0C Lieferform: 6 kg [&hellip;]<\/p>\n","protected":false},"featured_media":6820,"comment_status":"closed","ping_status":"open","template":"","meta":{"_acf_changed":false},"product_safety_overall":[],"product_brand":[],"product_cat":[1942,2020,2021],"product_tag":[713,715,716],"class_list":{"0":"post-6819","1":"product","2":"type-product","3":"status-publish","4":"has-post-thumbnail","6":"product_cat-steine-massen-moertel","7":"product_cat-stampfmasse","8":"product_cat-stampfmasse-plastische-stampfmasse","9":"product_tag-feuerfeste-stampfmasse","10":"product_tag-baumasse","11":"product_tag-stampfmasse-feuerfeste-stampfmasse","13":"first","14":"instock","15":"taxable","16":"shipping-taxable","17":"purchasable","18":"product-type-simple"},"acf":[],"_links":{"self":[{"href":"https:\/\/www.ras-feuerfest.de\/shop\/wp-json\/wp\/v2\/product\/6819","targetHints":{"allow":["GET"]}}],"collection":[{"href":"https:\/\/www.ras-feuerfest.de\/shop\/wp-json\/wp\/v2\/product"}],"about":[{"href":"https:\/\/www.ras-feuerfest.de\/shop\/wp-json\/wp\/v2\/types\/product"}],"replies":[{"embeddable":true,"href":"https:\/\/www.ras-feuerfest.de\/shop\/wp-json\/wp\/v2\/comments?post=6819"}],"wp:featuredmedia":[{"embeddable":true,"href":"https:\/\/www.ras-feuerfest.de\/shop\/wp-json\/wp\/v2\/media\/6820"}],"wp:attachment":[{"href":"https:\/\/www.ras-feuerfest.de\/shop\/wp-json\/wp\/v2\/media?parent=6819"}],"wp:term":[{"taxonomy":"product_safety_overall","embeddable":true,"href":"https:\/\/www.ras-feuerfest.de\/shop\/wp-json\/wp\/v2\/product_safety_overall?post=6819"},{"taxonomy":"product_brand","embeddable":true,"href":"https:\/\/www.ras-feuerfest.de\/shop\/wp-json\/wp\/v2\/product_brand?post=6819"},{"taxonomy":"product_cat","embeddable":true,"href":"https:\/\/www.ras-feuerfest.de\/shop\/wp-json\/wp\/v2\/product_cat?post=6819"},{"taxonomy":"product_tag","embeddable":true,"href":"https:\/\/www.ras-feuerfest.de\/shop\/wp-json\/wp\/v2\/product_tag?post=6819"}],"curies":[{"name":"wp","href":"https:\/\/api.w.org\/{rel}","templated":true}]}}