{"id":6858,"date":"2024-10-09T17:49:29","date_gmt":"2024-10-09T15:49:29","guid":{"rendered":"https:\/\/www.ras-feuerfest.de\/shop\/product\/firetex-keramikfaser-nadelfilz-fire-blanket-fbl1430-128-13r-7320x610x13-mm\/"},"modified":"2024-10-10T13:42:31","modified_gmt":"2024-10-10T11:42:31","slug":"firetex-keramikfaser-nadelfilz-fire-blanket-fbl1430-128-13r-7320x610x13-mm","status":"publish","type":"product","link":"https:\/\/www.ras-feuerfest.de\/shop\/produkt\/firetex-keramikfaser-nadelfilz-fire-blanket-fbl1430-128-13r-7320x610x13-mm\/","title":{"rendered":"FIRETEX Keramikfaser-Nadelfilz  FIRE-BLANKET FBL1430-128\/13R 7320x610x13 mm"},"content":{"rendered":"<p>\n\t<font color=\"#333333\" face=\"Verdana\" size=\"2\"><span style=\"COLOR: rgb(255,0,0)\"><font size=\"2\"><span style=\"FONT-FAMILY: Verdana\"><span style=\"COLOR: rgb(51,51,51)\"><font color=\"#333333\" face=\"Verdana\" size=\"2\"><span style=\"FONT-WEIGHT: bold; COLOR: rgb(255,0,0)\"><font size=\"2\"><span style=\"FONT-FAMILY: Verdana\">FIRETEK <\/span><\/font><\/span><span style=\"COLOR: rgb(255,0,0)\"><font size=\"2\"><span style=\"FONT-FAMILY: Verdana\"><span style=\"COLOR: rgb(51,51,51)\"><span style=\"COLOR: rgb(51,153,102)\"><span style=\"FONT-WEIGHT: bold\"><font color=\"#0000ff\">FIRE-Blanket FBL1430-128<\/font> <\/span><\/span>ist eine Hochtemperatur-Fasermatte aus Keramikfaser.<\/span><\/span><\/font><\/span><br \/>\n\t<span style=\"COLOR: rgb(255,0,0)\"><font size=\"2\"><span style=\"FONT-FAMILY: Verdana\"><span style=\"COLOR: rgb(51,51,51)\">Die Matte eignet sich f\u00fcr den Feuerseitigen Einsatz bis 1260 \u00b0C.<\/span><\/span><\/font><\/span><br \/>\n\t<span style=\"COLOR: rgb(255,0,0)\"><font size=\"2\"><span style=\"FONT-FAMILY: Verdana\"><span style=\"COLOR: rgb(51,51,51)\">Durch die Nadelung hat die Matte eine sehr gute Rei\u00dffestigkeit.<br \/>\n\tDie Matte enth\u00e4lt keine Bindemittel.<\/span><\/span><\/font><\/span><\/p>\n<p>\t<span style=\"COLOR: rgb(255,0,0)\"><font size=\"2\"><span style=\"FONT-FAMILY: Verdana\"><span style=\"COLOR: rgb(51,51,51)\"><span style=\"FONT-STYLE: italic; TEXT-DECORATION: underline\">Anwendungsbeispiele:<\/span><span style=\"FONT-STYLE: italic\">&nbsp;&nbsp; Brenn\u00f6fenauskleidung,&nbsp;Industrieofenbau, Gl\u00fch\u00f6fen, \u00d6lheizkessel, Gasheizkessel, Heizstrahler, Halogenlampen. Als Verbrennungshilfe in Heizkessel, Rostabdeckungen, Brennkammerabdeckungen, usw.<\/span><br style=\"FONT-STYLE: italic\" \/><br \/>\n\t<span style=\"FONT-STYLE: italic\">Die Matten lassen sich leicht mit Messer oder Schere auf des gew\u00fcnschte Ma\u00df bringen.<\/span><\/p>\n<p>\t<span style=\"FONT-WEIGHT: bold; TEXT-DECORATION: underline\">Abmessungen:<\/span><span style=\"FONT-WEIGHT: bold\">&nbsp; 7320x610x13 mm <\/span><\/span><\/span><\/font><\/span><\/font><\/span><\/span><\/font><\/span><\/font><\/p>\n<p>\n\t<br \/>\n\t<font color=\"#333333\" face=\"Verdana\" size=\"2\"><span style=\"COLOR: rgb(255,0,0)\"><font size=\"2\"><span style=\"FONT-FAMILY: Verdana\"><span style=\"COLOR: rgb(51,51,51)\"><font color=\"#333333\" face=\"Verdana\" size=\"2\"><span style=\"COLOR: rgb(255,0,0)\"><font size=\"2\"><span style=\"FONT-FAMILY: Verdana\"><span style=\"COLOR: rgb(51,51,51)\"><span style=\"FONT-WEIGHT: bold\"><u><font color=\"#0000ff\">Max. Anwendungstemperaur 1430 \u00b0C<br \/>\n\tRohdichte&nbsp; 128 kg\/m\u00b3<\/font><\/u><\/span><\/span><\/span><\/font><\/span><\/font><\/span><\/span><\/font><\/span><\/font><\/p>\n<p>\n\t<span style=\"color:#f21515;\"><u><strong><span style=\"font-size: 16px;\">Preise auf Anfrage<\/span><\/strong><\/u><\/span><\/p>\n<p>FIRETEX Keramikfaser-Nadelfilz  FIRE-BLANKET FBL1430-128\/13R 7320x610x13 mm<\/p>\n","protected":false},"excerpt":{"rendered":"<p>FIRETEK FIRE-Blanket FBL1430-128 ist eine Hochtemperatur-Fasermatte aus Keramikfaser. Die Matte eignet sich f\u00fcr den Feuerseitigen Einsatz bis 1260 \u00b0C. Durch die Nadelung hat die Matte eine sehr gute Rei\u00dffestigkeit. Die Matte enth\u00e4lt keine Bindemittel. Anwendungsbeispiele:&nbsp;&nbsp; Brenn\u00f6fenauskleidung,&nbsp;Industrieofenbau, Gl\u00fch\u00f6fen, \u00d6lheizkessel, Gasheizkessel, Heizstrahler, Halogenlampen. Als Verbrennungshilfe in Heizkessel, Rostabdeckungen, Brennkammerabdeckungen, usw. Die Matten lassen sich leicht mit Messer [&hellip;]<\/p>\n","protected":false},"featured_media":7698,"comment_status":"closed","ping_status":"open","template":"","meta":{"_acf_changed":false},"product_safety_overall":[],"product_brand":[],"product_cat":[1806,1874,1884,1885],"product_tag":[723,724,725],"class_list":{"0":"post-6858","1":"product","2":"type-product","3":"status-publish","4":"has-post-thumbnail","6":"product_cat-firetex","7":"product_cat-firetex-fasermatten","8":"product_cat-firetex-fasermatten-keramikfasermatten-1430-c","9":"product_cat-rolle-keramikfasermatten_1430__176_c","10":"product_tag-fasermatten","11":"product_tag-faserblanket","12":"product_tag-hochtemperatur-nadelmatten","14":"first","15":"instock","16":"taxable","17":"shipping-taxable","18":"purchasable","19":"product-type-simple"},"acf":[],"_links":{"self":[{"href":"https:\/\/www.ras-feuerfest.de\/shop\/wp-json\/wp\/v2\/product\/6858","targetHints":{"allow":["GET"]}}],"collection":[{"href":"https:\/\/www.ras-feuerfest.de\/shop\/wp-json\/wp\/v2\/product"}],"about":[{"href":"https:\/\/www.ras-feuerfest.de\/shop\/wp-json\/wp\/v2\/types\/product"}],"replies":[{"embeddable":true,"href":"https:\/\/www.ras-feuerfest.de\/shop\/wp-json\/wp\/v2\/comments?post=6858"}],"wp:featuredmedia":[{"embeddable":true,"href":"https:\/\/www.ras-feuerfest.de\/shop\/wp-json\/wp\/v2\/media\/7698"}],"wp:attachment":[{"href":"https:\/\/www.ras-feuerfest.de\/shop\/wp-json\/wp\/v2\/media?parent=6858"}],"wp:term":[{"taxonomy":"product_safety_overall","embeddable":true,"href":"https:\/\/www.ras-feuerfest.de\/shop\/wp-json\/wp\/v2\/product_safety_overall?post=6858"},{"taxonomy":"product_brand","embeddable":true,"href":"https:\/\/www.ras-feuerfest.de\/shop\/wp-json\/wp\/v2\/product_brand?post=6858"},{"taxonomy":"product_cat","embeddable":true,"href":"https:\/\/www.ras-feuerfest.de\/shop\/wp-json\/wp\/v2\/product_cat?post=6858"},{"taxonomy":"product_tag","embeddable":true,"href":"https:\/\/www.ras-feuerfest.de\/shop\/wp-json\/wp\/v2\/product_tag?post=6858"}],"curies":[{"name":"wp","href":"https:\/\/api.w.org\/{rel}","templated":true}]}}