{"id":6860,"date":"2024-10-09T17:49:29","date_gmt":"2024-10-09T15:49:29","guid":{"rendered":"https:\/\/www.ras-feuerfest.de\/shop\/product\/firetex-wickelisolation-einseitig-aluminium-kaschiert-dicke-13-mm-100-mm-488-m\/"},"modified":"2024-10-10T22:59:50","modified_gmt":"2024-10-10T20:59:50","slug":"firetex-wickelisolation-einseitig-aluminium-kaschiert-dicke-13-mm-100-mm-488-m","status":"publish","type":"product","link":"https:\/\/www.ras-feuerfest.de\/shop\/produkt\/firetex-wickelisolation-einseitig-aluminium-kaschiert-dicke-13-mm-100-mm-488-m\/","title":{"rendered":"FIRETEX Wickelisolation, einseitig Aluminium kaschiert  dicke 13 mm\/100 mm\/ 4,88 m"},"content":{"rendered":"<p>\n\t<font color=\"#333333\" face=\"Verdana\" size=\"2\"><span style=\"FONT-WEIGHT: bold\"><span style=\"COLOR: rgb(255,0,0)\"><font size=\"2\"><span style=\"FONT-FAMILY: Verdana\">FIRETEX <\/span><\/font><\/span><\/span><span style=\"COLOR: rgb(255,0,0)\"><font size=\"2\"><span style=\"FONT-FAMILY: Verdana\">Wickelisolierung <span style=\"COLOR: rgb(51,51,51)\">aus biol\u00f6slichem Nadelfilz, einseitig Aluminium kaschiert.<br \/>\n\tDie kaschierte Streifenmatte hat eine sehr gute Isoliereigenschaft. Die Aluminiumfolie gibt der Matte eine h\u00f6here &#8222;Steifigkeit&#8220; und verhindert einen eventuellen Faserabtrag.<br \/>\n\t<br style=\"TEXT-DECORATION: underline\" \/><br \/>\n\t<span style=\"TEXT-DECORATION: underline\">Abmessungen:<\/span> 4,88 mtr L\u00e4nge, 100 mm Breite, 13 mm St\u00e4rke (Alufolie 30 \u00b5).<\/p>\n<p>\t<span style=\"TEXT-DECORATION: underline\">Bearbeitung:<\/span> mit Messer oder Schere.<\/p>\n<p>\t<span style=\"COLOR: rgb(51,102,255); TEXT-DECORATION: underline\">Zum Abkleben eignet sich am besten das Firetex Aluminium-Selbstklebeband.<\/span><\/span><\/span><\/font><\/span><\/font><\/p>\n<p>FIRETEX Wickelisolation, einseitig Aluminium kaschiert  dicke 13 mm\/100 mm\/ 4,88 m<\/p>\n","protected":false},"excerpt":{"rendered":"<p>FIRETEX Wickelisolierung aus biol\u00f6slichem Nadelfilz, einseitig Aluminium kaschiert. Die kaschierte Streifenmatte hat eine sehr gute Isoliereigenschaft. Die Aluminiumfolie gibt der Matte eine h\u00f6here &#8222;Steifigkeit&#8220; und verhindert einen eventuellen Faserabtrag. Abmessungen: 4,88 mtr L\u00e4nge, 100 mm Breite, 13 mm St\u00e4rke (Alufolie 30 \u00b5). Bearbeitung: mit Messer oder Schere. Zum Abkleben eignet sich am besten das Firetex [&hellip;]<\/p>\n","protected":false},"featured_media":0,"comment_status":"closed","ping_status":"closed","template":"","meta":{"_acf_changed":false},"product_safety_overall":[],"product_brand":[],"product_cat":[1806,1900,1942,1952,1956],"product_tag":[727,728],"class_list":{"0":"post-6860","1":"product","2":"type-product","3":"status-publish","5":"product_cat-firetex","6":"product_cat-isolierung-ofenrohrisolation","7":"product_cat-steine-massen-moertel","8":"product_cat-isolierung-steine_massen_moertel","9":"product_cat-ofenrohrisolation-isolierung-steine_massen_moertel","10":"product_tag-wickelisolation","11":"product_tag-ofenrohrisolation","13":"first","14":"instock","15":"taxable","16":"shipping-taxable","17":"purchasable","18":"product-type-simple"},"acf":[],"_links":{"self":[{"href":"https:\/\/www.ras-feuerfest.de\/shop\/wp-json\/wp\/v2\/product\/6860","targetHints":{"allow":["GET"]}}],"collection":[{"href":"https:\/\/www.ras-feuerfest.de\/shop\/wp-json\/wp\/v2\/product"}],"about":[{"href":"https:\/\/www.ras-feuerfest.de\/shop\/wp-json\/wp\/v2\/types\/product"}],"replies":[{"embeddable":true,"href":"https:\/\/www.ras-feuerfest.de\/shop\/wp-json\/wp\/v2\/comments?post=6860"}],"wp:attachment":[{"href":"https:\/\/www.ras-feuerfest.de\/shop\/wp-json\/wp\/v2\/media?parent=6860"}],"wp:term":[{"taxonomy":"product_safety_overall","embeddable":true,"href":"https:\/\/www.ras-feuerfest.de\/shop\/wp-json\/wp\/v2\/product_safety_overall?post=6860"},{"taxonomy":"product_brand","embeddable":true,"href":"https:\/\/www.ras-feuerfest.de\/shop\/wp-json\/wp\/v2\/product_brand?post=6860"},{"taxonomy":"product_cat","embeddable":true,"href":"https:\/\/www.ras-feuerfest.de\/shop\/wp-json\/wp\/v2\/product_cat?post=6860"},{"taxonomy":"product_tag","embeddable":true,"href":"https:\/\/www.ras-feuerfest.de\/shop\/wp-json\/wp\/v2\/product_tag?post=6860"}],"curies":[{"name":"wp","href":"https:\/\/api.w.org\/{rel}","templated":true}]}}