{"id":6875,"date":"2024-10-09T17:49:40","date_gmt":"2024-10-09T15:49:40","guid":{"rendered":"https:\/\/www.ras-feuerfest.de\/shop\/product\/firetex-dehnfugenstreifen-eaf-firestripe-eaf-fst-skl-40x2r10-abm-40x2-mm-rolle-10-m-selbstkl\/"},"modified":"2024-10-10T13:41:15","modified_gmt":"2024-10-10T11:41:15","slug":"firetex-dehnfugenstreifen-eaf-firestripe-eaf-fst-skl-40x2r10-abm-40x2-mm-rolle-10-m-selbstkl","status":"publish","type":"product","link":"https:\/\/www.ras-feuerfest.de\/shop\/produkt\/firetex-dehnfugenstreifen-eaf-firestripe-eaf-fst-skl-40x2r10-abm-40x2-mm-rolle-10-m-selbstkl\/","title":{"rendered":"FIRETEX Dehnfugenstreifen EAF-Firestripe  EAF-FST-skl-40x2R10 Abm. 40&#215;2 mm\/Rolle 10 m selbstkl."},"content":{"rendered":"<p>\n\t<font size=\"4\"><em><strong><font color=\"#339966\">EAF-Firestripes<\/font><\/strong><\/em> sind Dehnungsfugenstreifen aus einem biol\u00f6slichen Faserpapier.<br \/>\n\tDurch eine Latexbindung ist der Streifen hochelastisch.<br \/>\n\tAls Montagehilfe sind die Streifen einseitig selbstklebend ausger\u00fcstet.<\/font><\/p>\n<p>\n\t<font color=\"#333333\" face=\"Verdana\" size=\"2\"><strong><u><font size=\"3\">Anwendungsm\u00f6glichkeiten:<\/font><\/u><\/strong><\/font><br \/>\n\t<font size=\"3\"><em>Dichtunsgsteifen im Kessel- und Apparatebau (Ofent\u00fcren, Rauchgas- und L\u00fcftungsklappen)<br \/>\n\tKamin- und Kachelofenbau (Kamin\u00f6fen, Heizkassetten, etc.)<br \/>\n\tDehnungsb\u00e4nder f\u00fcr Glasscheiben in Kamint\u00fcren, usw.<\/em><\/p>\n<p>\tAnwendungstemperatur der Faser: 1100 \u00b0<\/font><br \/>\n\t<em><font size=\"3\">(Die Latexbindung entweicht ab ca. 250 \u00b0C)<\/font><\/em><\/p>\n<p>\n\t<font color=\"#333333\" face=\"Verdana\" size=\"2\"><em><font size=\"3\">Abmessungen: <\/font><font size=\"2\">10<\/font><\/em><\/font> Meter Rolle\/ Dicke 2 mm\/ Breite 40 mm<\/p>\n<p>FIRETEX Dehnfugenstreifen EAF-Firestripe  EAF-FST-skl-40x2R10 Abm. 40&#215;2 mm\/Rolle 10 m selbstkl.<\/p>\n","protected":false},"excerpt":{"rendered":"<p>EAF-Firestripes sind Dehnungsfugenstreifen aus einem biol\u00f6slichen Faserpapier. Durch eine Latexbindung ist der Streifen hochelastisch. Als Montagehilfe sind die Streifen einseitig selbstklebend ausger\u00fcstet. Anwendungsm\u00f6glichkeiten: Dichtunsgsteifen im Kessel- und Apparatebau (Ofent\u00fcren, Rauchgas- und L\u00fcftungsklappen) Kamin- und Kachelofenbau (Kamin\u00f6fen, Heizkassetten, etc.) Dehnungsb\u00e4nder f\u00fcr Glasscheiben in Kamint\u00fcren, usw. Anwendungstemperatur der Faser: 1100 \u00b0 (Die Latexbindung entweicht ab ca. 250 [&hellip;]<\/p>\n","protected":false},"featured_media":0,"comment_status":"closed","ping_status":"open","template":"","meta":{"_acf_changed":false},"product_safety_overall":[],"product_brand":[],"product_cat":[1806,1809],"product_tag":[],"class_list":{"0":"post-6875","1":"product","2":"type-product","3":"status-publish","5":"product_cat-firetex","6":"product_cat-firetex-dehnfugenstreifen-2","8":"first","9":"instock","10":"taxable","11":"shipping-taxable","12":"purchasable","13":"product-type-simple"},"acf":[],"_links":{"self":[{"href":"https:\/\/www.ras-feuerfest.de\/shop\/wp-json\/wp\/v2\/product\/6875","targetHints":{"allow":["GET"]}}],"collection":[{"href":"https:\/\/www.ras-feuerfest.de\/shop\/wp-json\/wp\/v2\/product"}],"about":[{"href":"https:\/\/www.ras-feuerfest.de\/shop\/wp-json\/wp\/v2\/types\/product"}],"replies":[{"embeddable":true,"href":"https:\/\/www.ras-feuerfest.de\/shop\/wp-json\/wp\/v2\/comments?post=6875"}],"wp:attachment":[{"href":"https:\/\/www.ras-feuerfest.de\/shop\/wp-json\/wp\/v2\/media?parent=6875"}],"wp:term":[{"taxonomy":"product_safety_overall","embeddable":true,"href":"https:\/\/www.ras-feuerfest.de\/shop\/wp-json\/wp\/v2\/product_safety_overall?post=6875"},{"taxonomy":"product_brand","embeddable":true,"href":"https:\/\/www.ras-feuerfest.de\/shop\/wp-json\/wp\/v2\/product_brand?post=6875"},{"taxonomy":"product_cat","embeddable":true,"href":"https:\/\/www.ras-feuerfest.de\/shop\/wp-json\/wp\/v2\/product_cat?post=6875"},{"taxonomy":"product_tag","embeddable":true,"href":"https:\/\/www.ras-feuerfest.de\/shop\/wp-json\/wp\/v2\/product_tag?post=6875"}],"curies":[{"name":"wp","href":"https:\/\/api.w.org\/{rel}","templated":true}]}}