{"id":6890,"date":"2024-10-09T17:49:48","date_gmt":"2024-10-09T15:49:48","guid":{"rendered":"https:\/\/www.ras-feuerfest.de\/shop\/product\/ft-keramifaserplatten-fire-board-fb1430-500x400x40-mm\/"},"modified":"2024-10-10T13:42:44","modified_gmt":"2024-10-10T11:42:44","slug":"ft-keramifaserplatten-fire-board-fb1430-500x400x40-mm","status":"publish","type":"product","link":"https:\/\/www.ras-feuerfest.de\/shop\/produkt\/ft-keramifaserplatten-fire-board-fb1430-500x400x40-mm\/","title":{"rendered":"FT-Keramifaserplatten FIRE-Board FB1430 500x400x40 mm"},"content":{"rendered":"<p>\n\t<font color=\"#333333\" face=\"Verdana\" size=\"2\"><span style=\"COLOR: rgb(255,0,0); FONT-WEIGHT: bold\"><font size=\"2\"><span style=\"FONT-FAMILY: Verdana\">FIRETEK <\/span><\/font><\/span><span style=\"COLOR: rgb(255,0,0)\"><font size=\"2\"><span style=\"FONT-FAMILY: Verdana\"><span style=\"COLOR: rgb(51,51,51)\"><span style=\"COLOR: rgb(51,153,102)\"><span style=\"FONT-WEIGHT: bold\"><span style=\"color: rgb(0, 0, 255);\">FIRE-BOARD 1430<\/span> <\/span><\/span>Hochtemperatur-Faserplatten aus Kermikfaser bis 1430 \u00b0C<br \/>\n\tKermikfaserplatten haben eine gute chemische Best\u00e4ndigkeit, gegen die meisten Rauchgase.<\/p>\n<p>\n\t<span style=\"FONT-STYLE: italic; TEXT-DECORATION: underline\">Anwendungsbeispiele:<\/span><span style=\"FONT-STYLE: italic\"> Defekte Brennert\u00fcrisolierungen, Seiten- und Prallw\u00e4nde oder Abdeckplatten im Brennraum, Brenn\u00f6fenauskleidung, Brennerflanschdichtungen, Schwei\u00dfschutzplatten, Isolierplatten f\u00fcr Kamine, Kachel\u00f6fen, \u00d6lheizkessel, Gasheizkessel, Heizstrahler, Halogenlampen, als Asbestersatzplatte.<\/span><br style=\"FONT-STYLE: italic\" \/><br \/>\n\t<span style=\"FONT-STYLE: italic\">Die Platten lassen sich leicht mit Messer, Stichs\u00e4ge, S\u00e4ge bearbeiten.<br \/>\n\t(grunds\u00e4tzlich sich vor Staub sch\u00fctzen, Staubmasken verwenden!)<\/span><\/p>\n<p>\t<span style=\"FONT-WEIGHT: bold; TEXT-DECORATION: underline\">Abmessungen:<\/span><span style=\"FONT-WEIGHT: bold\"> 500x400x40 mm<\/span><\/span><\/span><\/font><\/span><\/p>\n<p>\t<span style=\"COLOR: rgb(255,0,0)\"><font size=\"2\"><span style=\"FONT-FAMILY: Verdana\"><span style=\"COLOR: rgb(51,51,51)\"><span style=\"FONT-WEIGHT: bold\"><span style=\"COLOR: rgb(255,0,0)\">Lieferbar sind auch gr\u00f6\u00dfere Formate bzw. Zuschnitte.<\/span><br style=\"COLOR: rgb(255,0,0)\" \/><br \/>\n\t<span style=\"COLOR: rgb(255,0,0)\">Bitte nehmen Sie bei Bedarf <\/span><a href=\"http:\/\/www.schmidt-feuerfest.de\/Easy4You\/content.php?link_id=159&amp;subcat=0\" style=\"COLOR: rgb(255,0,0)\">Kontakt<\/a><span style=\"COLOR: rgb(255,0,0)\"> mit uns auf!<\/span><\/span><\/span><\/span><\/font><\/span><\/font><\/p>\n<p>FT-Keramifaserplatten FIRE-Board FB1430 500x400x40 mm<\/p>\n","protected":false},"excerpt":{"rendered":"<p>FIRETEK FIRE-BOARD 1430 Hochtemperatur-Faserplatten aus Kermikfaser bis 1430 \u00b0C Kermikfaserplatten haben eine gute chemische Best\u00e4ndigkeit, gegen die meisten Rauchgase. Anwendungsbeispiele: Defekte Brennert\u00fcrisolierungen, Seiten- und Prallw\u00e4nde oder Abdeckplatten im Brennraum, Brenn\u00f6fenauskleidung, Brennerflanschdichtungen, Schwei\u00dfschutzplatten, Isolierplatten f\u00fcr Kamine, Kachel\u00f6fen, \u00d6lheizkessel, Gasheizkessel, Heizstrahler, Halogenlampen, als Asbestersatzplatte. Die Platten lassen sich leicht mit Messer, Stichs\u00e4ge, S\u00e4ge bearbeiten. (grunds\u00e4tzlich sich vor [&hellip;]<\/p>\n","protected":false},"featured_media":7323,"comment_status":"closed","ping_status":"open","template":"","meta":{"_acf_changed":false},"product_safety_overall":[],"product_brand":[],"product_cat":[1806,1888,1896,1897],"product_tag":[730,731,732],"class_list":{"0":"post-6890","1":"product","2":"type-product","3":"status-publish","4":"has-post-thumbnail","6":"product_cat-firetex","7":"product_cat-firetex-faserplatten","8":"product_cat-firetex-faserplatten-keramikfaser-1430-c","9":"product_cat-firetex-faserplatten-keramikfaser-1430-c-500x400-mm","10":"product_tag-keramik-faserplatten","11":"product_tag-hochtemperaturfaserplatten","12":"product_tag-vacuum-faserplatten","14":"first","15":"instock","16":"taxable","17":"shipping-taxable","18":"purchasable","19":"product-type-simple"},"acf":[],"_links":{"self":[{"href":"https:\/\/www.ras-feuerfest.de\/shop\/wp-json\/wp\/v2\/product\/6890","targetHints":{"allow":["GET"]}}],"collection":[{"href":"https:\/\/www.ras-feuerfest.de\/shop\/wp-json\/wp\/v2\/product"}],"about":[{"href":"https:\/\/www.ras-feuerfest.de\/shop\/wp-json\/wp\/v2\/types\/product"}],"replies":[{"embeddable":true,"href":"https:\/\/www.ras-feuerfest.de\/shop\/wp-json\/wp\/v2\/comments?post=6890"}],"wp:featuredmedia":[{"embeddable":true,"href":"https:\/\/www.ras-feuerfest.de\/shop\/wp-json\/wp\/v2\/media\/7323"}],"wp:attachment":[{"href":"https:\/\/www.ras-feuerfest.de\/shop\/wp-json\/wp\/v2\/media?parent=6890"}],"wp:term":[{"taxonomy":"product_safety_overall","embeddable":true,"href":"https:\/\/www.ras-feuerfest.de\/shop\/wp-json\/wp\/v2\/product_safety_overall?post=6890"},{"taxonomy":"product_brand","embeddable":true,"href":"https:\/\/www.ras-feuerfest.de\/shop\/wp-json\/wp\/v2\/product_brand?post=6890"},{"taxonomy":"product_cat","embeddable":true,"href":"https:\/\/www.ras-feuerfest.de\/shop\/wp-json\/wp\/v2\/product_cat?post=6890"},{"taxonomy":"product_tag","embeddable":true,"href":"https:\/\/www.ras-feuerfest.de\/shop\/wp-json\/wp\/v2\/product_tag?post=6890"}],"curies":[{"name":"wp","href":"https:\/\/api.w.org\/{rel}","templated":true}]}}