{"id":6895,"date":"2024-10-09T17:49:48","date_gmt":"2024-10-09T15:49:48","guid":{"rendered":"https:\/\/www.ras-feuerfest.de\/shop\/product\/ft-keramifaserplatten-fire-board-fb1430-sonderformat\/"},"modified":"2024-10-10T13:42:44","modified_gmt":"2024-10-10T11:42:44","slug":"ft-keramifaserplatten-fire-board-fb1430-sonderformat","status":"publish","type":"product","link":"https:\/\/www.ras-feuerfest.de\/shop\/produkt\/ft-keramifaserplatten-fire-board-fb1430-sonderformat\/","title":{"rendered":"FT-Keramifaserplatten FIRE-Board FB1430 Sonderformat"},"content":{"rendered":"<p>\n\t<span style=\"COLOR: rgb(255,0,0); FONT-WEIGHT: bold\"><font size=\"2\"><span style=\"FONT-FAMILY: Verdana\"><span style=\"COLOR: rgb(153,51,0); FONT-WEIGHT: bold\"><font size=\"3\"><span style=\"FONT-FAMILY: Verdana\">Dieses Produkt gilt nur f\u00fcr Sonderformate<\/span><\/font><\/span><\/span><\/font><\/span><\/p>\n<p>\n\t<span style=\"COLOR: rgb(255,0,0); FONT-WEIGHT: bold\"><font size=\"2\"><span style=\"FONT-FAMILY: Verdana\"><span style=\"COLOR: rgb(153,51,0); FONT-WEIGHT: bold\"><font size=\"3\"><span style=\"FONT-FAMILY: Verdana\">Nur bestellen wenn Sie vorher e-Mail&nbsp;<a href=\"http:\/\/www.schmidt-feuerfest.de\/Easy4You\/content.php?link_id=159&amp;subcat=0\" style=\"COLOR: rgb(255,0,0)\"><font size=\"2\">Kontakt<\/font><\/a><span style=\"COLOR: rgb(255,0,0)\"><font size=\"2\">&nbsp;<\/font><\/span> mit uns hatten und aufgefordert werden dieses Produkt zu bestellen<font color=\"#000000\" face=\"Arial\">!<\/font><\/span><\/font><\/span><\/span><\/font><\/span><\/p>\n<p>\n\t<br \/>\n\t<span style=\"COLOR: rgb(255,0,0); FONT-WEIGHT: bold\"><font size=\"2\"><span style=\"FONT-FAMILY: Verdana\">FIRETEK<span style=\"color: rgb(0, 0, 255);\"> <\/span><span style=\"COLOR: rgb(255,0,0)\"><font size=\"2\"><span style=\"FONT-FAMILY: Verdana\"><span style=\"COLOR: rgb(51,51,51)\"><span style=\"COLOR: rgb(51,153,102)\"><span style=\"FONT-WEIGHT: bold\"><span style=\"color: rgb(0, 0, 255);\">FIRE-BOARD<\/span>&nbsp; <\/span><\/span>Hochtemperatur-Faserplatten aus Keramikfaser<br \/>\n\teignen sich f\u00fcr den Feuerseitigen Einsatz bis 1430 \u00b0C.<\/p>\n<p>\t<span style=\"FONT-STYLE: italic; TEXT-DECORATION: underline\">Anwendungsbeispiele:<\/span><span style=\"FONT-STYLE: italic\"> Defekte Brennert\u00fcrisolierungen, Seiten- und Prallw\u00e4nde oder Abdeckplatten im Brennraum, Brenn\u00f6fenauskleidung, Brennerflanschdichtungen, Schwei\u00dfschutzplatten, Isolierplatten f\u00fcr Kamine, Kachel\u00f6fen, \u00d6lheizkessel, Gasheizkessel, Heizstrahler, Halogenlampen, als Asbestersatzplatte.<\/span><br style=\"FONT-STYLE: italic\" \/><br \/>\n\t<span style=\"FONT-STYLE: italic\">Die Platten lassen sich leicht mit Messer, Stichs\u00e4ge, S\u00e4ge bearbeiten.<\/span><\/span><\/span><\/font><\/span><\/span><\/font><\/span><\/p>\n<p>FT-Keramifaserplatten FIRE-Board FB1430 Sonderformat<\/p>\n","protected":false},"excerpt":{"rendered":"<p>Dieses Produkt gilt nur f\u00fcr Sonderformate Nur bestellen wenn Sie vorher e-Mail&nbsp;Kontakt&nbsp; mit uns hatten und aufgefordert werden dieses Produkt zu bestellen! FIRETEK FIRE-BOARD&nbsp; Hochtemperatur-Faserplatten aus Keramikfaser eignen sich f\u00fcr den Feuerseitigen Einsatz bis 1430 \u00b0C. Anwendungsbeispiele: Defekte Brennert\u00fcrisolierungen, Seiten- und Prallw\u00e4nde oder Abdeckplatten im Brennraum, Brenn\u00f6fenauskleidung, Brennerflanschdichtungen, Schwei\u00dfschutzplatten, Isolierplatten f\u00fcr Kamine, Kachel\u00f6fen, \u00d6lheizkessel, Gasheizkessel, [&hellip;]<\/p>\n","protected":false},"featured_media":7323,"comment_status":"closed","ping_status":"open","template":"","meta":{"_acf_changed":false},"product_safety_overall":[],"product_brand":[],"product_cat":[1806,1888,1896],"product_tag":[730,731,732],"class_list":{"0":"post-6895","1":"product","2":"type-product","3":"status-publish","4":"has-post-thumbnail","6":"product_cat-firetex","7":"product_cat-firetex-faserplatten","8":"product_cat-firetex-faserplatten-keramikfaser-1430-c","9":"product_tag-keramik-faserplatten","10":"product_tag-hochtemperaturfaserplatten","11":"product_tag-vacuum-faserplatten","13":"first","14":"instock","15":"taxable","16":"shipping-taxable","17":"product-type-simple"},"acf":[],"_links":{"self":[{"href":"https:\/\/www.ras-feuerfest.de\/shop\/wp-json\/wp\/v2\/product\/6895","targetHints":{"allow":["GET"]}}],"collection":[{"href":"https:\/\/www.ras-feuerfest.de\/shop\/wp-json\/wp\/v2\/product"}],"about":[{"href":"https:\/\/www.ras-feuerfest.de\/shop\/wp-json\/wp\/v2\/types\/product"}],"replies":[{"embeddable":true,"href":"https:\/\/www.ras-feuerfest.de\/shop\/wp-json\/wp\/v2\/comments?post=6895"}],"wp:featuredmedia":[{"embeddable":true,"href":"https:\/\/www.ras-feuerfest.de\/shop\/wp-json\/wp\/v2\/media\/7323"}],"wp:attachment":[{"href":"https:\/\/www.ras-feuerfest.de\/shop\/wp-json\/wp\/v2\/media?parent=6895"}],"wp:term":[{"taxonomy":"product_safety_overall","embeddable":true,"href":"https:\/\/www.ras-feuerfest.de\/shop\/wp-json\/wp\/v2\/product_safety_overall?post=6895"},{"taxonomy":"product_brand","embeddable":true,"href":"https:\/\/www.ras-feuerfest.de\/shop\/wp-json\/wp\/v2\/product_brand?post=6895"},{"taxonomy":"product_cat","embeddable":true,"href":"https:\/\/www.ras-feuerfest.de\/shop\/wp-json\/wp\/v2\/product_cat?post=6895"},{"taxonomy":"product_tag","embeddable":true,"href":"https:\/\/www.ras-feuerfest.de\/shop\/wp-json\/wp\/v2\/product_tag?post=6895"}],"curies":[{"name":"wp","href":"https:\/\/api.w.org\/{rel}","templated":true}]}}