{"id":6898,"date":"2024-10-09T17:49:48","date_gmt":"2024-10-09T15:49:48","guid":{"rendered":"https:\/\/www.ras-feuerfest.de\/shop\/product\/ft-fire-strongboard-asbestersatz-dichtungs-schweissschutzplatten-1000x500x5-mm-2-stueck\/"},"modified":"2024-10-10T15:25:00","modified_gmt":"2024-10-10T13:25:00","slug":"ft-fire-strongboard-asbestersatz-dichtungs-schweissschutzplatten-1000x500x5-mm-2-stueck","status":"publish","type":"product","link":"https:\/\/www.ras-feuerfest.de\/shop\/produkt\/ft-fire-strongboard-asbestersatz-dichtungs-schweissschutzplatten-1000x500x5-mm-2-stueck\/","title":{"rendered":"FT-Fire-Strongboard  ~ Asbestersatz-, Dichtungs-, Schwei\u00dfschutzplatten 1000x500x5 mm\/2 St\u00fcck"},"content":{"rendered":"<p><font color=\"#ff9900\">FIRE-STRONG-BOARD<\/font> ist eine feste , steife Isolierplatte, mit einer praktisch staub- und Faserfreien Oberfl\u00e4che.<br \/>\nSie eignen sich hervorragend als Schwei\u00df- und L\u00f6tschutz bei Sanierungen etc., zur Vermeidung von Brandsch\u00e4den an Holzverkleidungen, Tapeten,&nbsp;usw.&nbsp;<\/p>\n<p><font size=\"3\"><em><u>Anwendungstemperatur: max. 1000 \u00b0C<\/u><\/em><\/font><\/p>\n<p><font size=\"3\"><u>Weitere Einsatzm\u00f6glichkeiten:<\/u> Isolierung von Herden und \u00d6fen im K\u00fcchenbreich, Kontaktisolierungen f\u00fcr Grills, Steinnback\u00f6fen, usw., Dichtungen und Brenneranschlu\u00dfplatten im Heizungsbereich, im Apparatebau, usw.<\/font><\/p>\n<p><font size=\"3\">Die Platten lassen sich durch anfeuchten, leichten Rundungen und Konturen anpassen.<br \/>\nEine Problemlose Bearbeitung mit s\u00e4mtlichen Holzbearbeitungswerkzeugen ist m\u00f6glich. Die d\u00fcnnen Platten kann man mit einem scharfen&nbsp;Messer auf Format bringen<\/font><\/p>\n<p><font size=\"3\"><u>Plattenformat:<\/u> 1000x500x5 mm<\/font><\/p>\n<p><font size=\"3\"><u>Inhalt:<\/u>&nbsp;&nbsp;&nbsp;&nbsp;&nbsp;&nbsp;&nbsp;&nbsp;&nbsp;&nbsp;&nbsp;&nbsp;&nbsp;&nbsp;&nbsp; 2 Platten <\/font><\/p>\n<p>FT-Fire-Strongboard  ~ Asbestersatz-, Dichtungs-, Schwei\u00dfschutzplatten 1000x500x5 mm\/2 St\u00fcck<\/p>\n","protected":false},"excerpt":{"rendered":"<p>FIRE-STRONG-BOARD ist eine feste , steife Isolierplatte, mit einer praktisch staub- und Faserfreien Oberfl\u00e4che. Sie eignen sich hervorragend als Schwei\u00df- und L\u00f6tschutz bei Sanierungen etc., zur Vermeidung von Brandsch\u00e4den an Holzverkleidungen, Tapeten,&nbsp;usw.&nbsp; Anwendungstemperatur: max. 1000 \u00b0C Weitere Einsatzm\u00f6glichkeiten: Isolierung von Herden und \u00d6fen im K\u00fcchenbreich, Kontaktisolierungen f\u00fcr Grills, Steinnback\u00f6fen, usw., Dichtungen und Brenneranschlu\u00dfplatten im Heizungsbereich, [&hellip;]<\/p>\n","protected":false},"featured_media":7700,"comment_status":"closed","ping_status":"closed","template":"","meta":{"_acf_changed":false},"product_safety_overall":[],"product_brand":[],"product_cat":[1806,1810,1811,1888,1895,1942,1952,1953],"product_tag":[733,734,735,736],"class_list":{"0":"post-6898","1":"product","2":"type-product","3":"status-publish","4":"has-post-thumbnail","6":"product_cat-firetex","7":"product_cat-firetex-dichtungsplatten","8":"product_cat-firetex-dichtungsplatten-harte-faserplatten","9":"product_cat-firetex-faserplatten","10":"product_cat-firetex-faserplatten-asbest-ersatzplatte","11":"product_cat-steine-massen-moertel","12":"product_cat-isolierung-steine_massen_moertel","13":"product_cat-isolierung-asbest-ersatzplatte","14":"product_tag-dichtungsplatten","15":"product_tag-asbestersatzplatten","16":"product_tag-schweissplatten","17":"product_tag-isolierplatten","19":"first","20":"instock","21":"taxable","22":"shipping-taxable","23":"purchasable","24":"product-type-simple"},"acf":[],"_links":{"self":[{"href":"https:\/\/www.ras-feuerfest.de\/shop\/wp-json\/wp\/v2\/product\/6898","targetHints":{"allow":["GET"]}}],"collection":[{"href":"https:\/\/www.ras-feuerfest.de\/shop\/wp-json\/wp\/v2\/product"}],"about":[{"href":"https:\/\/www.ras-feuerfest.de\/shop\/wp-json\/wp\/v2\/types\/product"}],"replies":[{"embeddable":true,"href":"https:\/\/www.ras-feuerfest.de\/shop\/wp-json\/wp\/v2\/comments?post=6898"}],"wp:featuredmedia":[{"embeddable":true,"href":"https:\/\/www.ras-feuerfest.de\/shop\/wp-json\/wp\/v2\/media\/7700"}],"wp:attachment":[{"href":"https:\/\/www.ras-feuerfest.de\/shop\/wp-json\/wp\/v2\/media?parent=6898"}],"wp:term":[{"taxonomy":"product_safety_overall","embeddable":true,"href":"https:\/\/www.ras-feuerfest.de\/shop\/wp-json\/wp\/v2\/product_safety_overall?post=6898"},{"taxonomy":"product_brand","embeddable":true,"href":"https:\/\/www.ras-feuerfest.de\/shop\/wp-json\/wp\/v2\/product_brand?post=6898"},{"taxonomy":"product_cat","embeddable":true,"href":"https:\/\/www.ras-feuerfest.de\/shop\/wp-json\/wp\/v2\/product_cat?post=6898"},{"taxonomy":"product_tag","embeddable":true,"href":"https:\/\/www.ras-feuerfest.de\/shop\/wp-json\/wp\/v2\/product_tag?post=6898"}],"curies":[{"name":"wp","href":"https:\/\/api.w.org\/{rel}","templated":true}]}}